{"id":761233,"date":"2025-08-28T09:31:17","date_gmt":"2025-08-28T06:31:17","guid":{"rendered":"https:\/\/roveyayinevi.com.tr\/index.php\/urun\/gel-dunyayi-kesfedelim\/"},"modified":"2026-04-16T03:14:46","modified_gmt":"2026-04-16T00:14:46","slug":"gel-dunyayi-kesfedelim","status":"publish","type":"product","link":"https:\/\/roveyayinevi.com.tr\/index.php\/urun\/gel-dunyayi-kesfedelim\/","title":{"rendered":"Gel D\u00fcnyay\u0131 Ke\u015ffedelim"},"content":{"rendered":"<p>\u201cT\u00fcrkiye\u2019nin g\u00fczel tabiat\u0131n\u0131, zengin k\u00fclt\u00fcrel yap\u0131s\u0131n\u0131, ad\u0131m ba\u015f\u0131ndaki ilgin\u00e7liklerini tan\u0131yan ve seven bir gen\u00e7li\u011fin buradan kopmas\u0131 pek m\u00fcmk\u00fcn de\u011fildir. Hatta yurtd\u0131\u015f\u0131na g\u00f6\u00e7\u00fcn kendisi bile bu y\u00fczden ge\u00e7ici olabilir. Bu bak\u0131mdan T\u00fcrkiye\u2019ye dair yaz\u0131lar\u0131m\u0131 \u00f6zel bir b\u00f6l\u00fcmde toplad\u0131k. Umar\u0131m sizleri g\u00fczel mevsimlerde harekete ge\u00e7irecek ve \u00fclkemizin zenginliklerinin fark\u0131na varacaks\u0131n\u0131z.\u201d- \u0130lber Ortayl\u0131Bir \u00fclkeyi b\u00fct\u00fcn\u00fcyle gezmenin, bir \u015fehri en kendine mahsus \u00f6zellikleriyle tan\u0131man\u0131n, sokaklarda kaybolman\u0131n, esnafla sohbete dalman\u0131n zevki giderek hayattan \u00e7ekiliyor. Bunlar\u0131n ard\u0131nda iktisadi sorunlar ve teknoloji ba\u011f\u0131ml\u0131l\u0131klar\u0131 oldu\u011funa \u015f\u00fcphe yok. Di\u011fer taraftan insanlar bug\u00fcn eskisi gibi haritalardan ve \u015fehir monografilerinden de beslenmiyor. B\u00f6yle olunca da yap\u0131lan\u0131n ad\u0131 seyahat de\u011fil, turistik gezi oluyor. Oysa seyahat etmek, ya\u015fam g\u00f6rg\u00fcs\u00fcn\u00fc en \u00e7ok besleyen faaliyetlerden biridir. \u0130nsan yery\u00fcz\u00fcn\u00fc ar\u015f\u0131nlarken d\u00fcnyay\u0131, tabiat\u0131, di\u011fer canl\u0131lar\u0131, ge\u00e7mi\u015ften bug\u00fcne miras kalan eserleri okumaya, ke\u015ffetmeye \u00e7al\u0131\u015f\u0131r. B\u00f6ylece kendini de yeniden tan\u0131maya ba\u015flar. Ba\u015fkalar\u0131n\u0131n hik\u00e2yelerini bilmek, ki\u015fiye kendi hik\u00e2yesini bilme noktas\u0131nda b\u00fcy\u00fck kap\u0131lar a\u00e7ar.\u0130lber Ortayl\u0131, f\u00f6tr \u015fapkas\u0131n\u0131n i\u00e7inde hem tarih\u00e7i hem de seyyah kimli\u011fini ta\u015f\u0131yor. Elinizdeki kitapta Ortayl\u0131; Asya\u2019dan Avrupa\u2019ya, Balkanlar\u2019dan Orta Do\u011fu\u2019ya kadar ad\u0131mlad\u0131\u011f\u0131 pek \u00e7ok \u00fclkenin ve \u015fehrin izini s\u00fcr\u00fcyor. Zihniyle \u00e7ekti\u011fi foto\u011fraflar\u0131 bilgisiyle harmanlay\u0131p, \u015fehirlerin ge\u00e7mi\u015ften g\u00fcn\u00fcm\u00fcze ta\u015f\u0131d\u0131klar\u0131 k\u0131ymeti yeniden ortaya koyuyor. Okurunu k\u00f6pr\u00fclerden kalelere, \u015fehir meydanlar\u0131ndan \u00e7\u00f6llere, sahillerden \u00e7ar\u015f\u0131lara kadar gezdirirken, ba\u015flad\u0131\u011f\u0131 yere, yani T\u00fcrkiye\u2019ye geri d\u00f6n\u00fcyor. \u00dclkemizin her mevsim gezilecek yerleriyle birlikte bamba\u015fka bir gezi rotas\u0131 sunuyor. Bu rotan\u0131n izini s\u00fcrmeye talip olan okurlar i\u00e7in tarih ve co\u011frafya i\u00e7 i\u00e7e ge\u00e7iyor, ke\u015ffetmek yeniden anlam kazan\u0131yor.Gel D\u00fcnyay\u0131 Ke\u015ffedelim, okumaya ve seyahat etmeye tutkun herkesin ba\u015fucundan eksik olmayacak bir kitap olmas\u0131n\u0131n yan\u0131 s\u0131ra; bir tarih\u00e7inin, bir gezginin, merakl\u0131 bir kimsenin d\u00fcnyay\u0131 nas\u0131l yorumlamas\u0131 gerekti\u011fine dair de rehber niteli\u011fi ta\u015f\u0131yor. <\/p>\n","protected":false},"excerpt":{"rendered":"<p>\u201cT\u00fcrkiye\u2019nin g\u00fczel tabiat\u0131n\u0131, zengin k\u00fclt\u00fcrel yap\u0131s\u0131n\u0131, ad\u0131m ba\u015f\u0131ndaki ilgin\u00e7liklerini tan\u0131yan ve seven bir gen\u00e7li\u011fin buradan kopmas\u0131 pek m\u00fcmk\u00fcn de\u011fildir. Hatta yurtd\u0131\u015f\u0131na g\u00f6\u00e7\u00fcn kendisi bile bu y\u00fczden<span class=\"excerpt-hellip\"> [\u2026]<\/span><\/p>\n","protected":false},"featured_media":0,"template":"","meta":{"_monsterinsights_skip_tracking":false,"_monsterinsights_sitenote_active":false,"_monsterinsights_sitenote_note":"","_monsterinsights_sitenote_category":0},"product_brand":[],"product_cat":[13054],"product_tag":[],"class_list":{"0":"post-761233","1":"product","2":"type-product","3":"status-publish","5":"product_cat-gezi-ve-rehber-kitaplari","6":"pa_cilt-ciltsiz","7":"pa_tur-kitap","8":"pa_yayinevi-kronik-kitap","9":"pa_yazar-ilber-ortayli","11":"first","12":"instock","13":"sale","14":"shipping-taxable","15":"purchasable","16":"product-type-simple"},"_links":{"self":[{"href":"https:\/\/roveyayinevi.com.tr\/index.php\/wp-json\/wp\/v2\/product\/761233","targetHints":{"allow":["GET"]}}],"collection":[{"href":"https:\/\/roveyayinevi.com.tr\/index.php\/wp-json\/wp\/v2\/product"}],"about":[{"href":"https:\/\/roveyayinevi.com.tr\/index.php\/wp-json\/wp\/v2\/types\/product"}],"wp:attachment":[{"href":"https:\/\/roveyayinevi.com.tr\/index.php\/wp-json\/wp\/v2\/media?parent=761233"}],"wp:term":[{"taxonomy":"product_brand","embeddable":true,"href":"https:\/\/roveyayinevi.com.tr\/index.php\/wp-json\/wp\/v2\/product_brand?post=761233"},{"taxonomy":"product_cat","embeddable":true,"href":"https:\/\/roveyayinevi.com.tr\/index.php\/wp-json\/wp\/v2\/product_cat?post=761233"},{"taxonomy":"product_tag","embeddable":true,"href":"https:\/\/roveyayinevi.com.tr\/index.php\/wp-json\/wp\/v2\/product_tag?post=761233"}],"curies":[{"name":"wp","href":"https:\/\/api.w.org\/{rel}","templated":true}]}}