{"id":761230,"date":"2025-08-28T09:31:12","date_gmt":"2025-08-28T06:31:12","guid":{"rendered":"https:\/\/roveyayinevi.com.tr\/index.php\/urun\/aradigin-sevginin-kendisi-nasil-olunur\/"},"modified":"2026-04-16T03:14:46","modified_gmt":"2026-04-16T00:14:46","slug":"aradigin-sevginin-kendisi-nasil-olunur","status":"publish","type":"product","link":"https:\/\/roveyayinevi.com.tr\/index.php\/urun\/aradigin-sevginin-kendisi-nasil-olunur\/","title":{"rendered":"Arad\u0131\u011f\u0131n Sevginin Kendisi Nas\u0131l Olunur?"},"content":{"rendered":"<p>Ba\u015fkalar\u0131na ve ac\u0131 \u00e7eken du\u0308nyam\u0131za ger\u00e7ek ba\u011f ve sevgiyi nas\u0131l ula\u015ft\u0131rabilece\u011fimize dair pratik ve ilham verici bir kitap. \u2014DR. GABOR MATE Neden en yak\u0131n ili\u015fkilerimiz genellikle teselliden \u00e7ok stres kayna\u011f\u0131 oluyor? Bu ili\u015fki ister romantik bir partnerle ister ebeveynimizle, \u00e7ocu\u011fumuzla, arkada\u015f\u0131m\u0131zla ya da meslekta\u015f\u0131m\u0131zla olsun; neden ili\u015fkinin daha iyiye do\u011fru de\u011fi\u015fmesi i\u00e7in ne yaparsak yapal\u0131m hi\u00e7bir \u015fey i\u015fe yaram\u0131yor gibi g\u00f6ru\u0308nu\u0308yor? Cevap, ilk \u00f6nce kendimizle olan ili\u015fkimizi iyile\u015ftirmek olabilir mi? Hem klinik prati\u011findeki dan\u0131\u015fanlar\u0131ndan hem de sosyal medya takip\u00e7ileri ve kendi \u00f6zel platformu SelfHealers Circle u\u0308yelerinin payla\u015f\u0131mlar\u0131ndan, insan\u0131 \u00e7\u0131kmaza sokan bu yaln\u0131zl\u0131k, kopukluk ve k\u0131rg\u0131nl\u0131k kal\u0131plar\u0131n\u0131n anlat\u0131ld\u0131\u011f\u0131n\u0131 defalarca duymu\u015f olan Dr. Nicole LePera, \u201cnas\u0131l?\u201d serisinin u\u0308\u00e7u\u0308ncu\u0308 kitab\u0131yla bize kalbin gu\u0308cu\u0308nden yararlanarak ili\u015fkilerimizi iyile\u015ftirmenin yeni bir yolunu sunuyor. Arad\u0131\u011f\u0131n Sevginin Kendisi Nas\u0131l Olunur? i\u015flevsiz kal\u0131plar\u0131m\u0131z\u0131 nas\u0131l tan\u0131yaca\u011f\u0131m\u0131z\u0131, bunlar\u0131n ilk ili\u015fkilerimizdeki k\u00f6klerini nas\u0131l tan\u0131mlayaca\u011f\u0131m\u0131z\u0131, ac\u0131 dolu d\u00f6ngu\u0308leri nas\u0131l k\u0131raca\u011f\u0131m\u0131z\u0131, gu\u0308venli\u011fi nas\u0131l olu\u015fturaca\u011f\u0131m\u0131z\u0131 ve kendimizle ve ba\u015fkalar\u0131yla \u015fefkati nas\u0131l payla\u015faca\u011f\u0131m\u0131z\u0131 \u00f6\u011fretmek i\u00e7in en son bilimsel ara\u015ft\u0131rmalardan yararlan\u0131yor. Hik\u00e2yeler, al\u0131\u015ft\u0131rmalar, gu\u0308nlu\u0308k y\u00f6nlendirmeler ve di\u011fer pratik ara\u00e7lar yoluyla Dr. LePera, \u00f6ncelikle \u00f6z sevgi temelimizi sa\u011flamla\u015ft\u0131rmam\u0131z i\u00e7in bizi gu\u0308\u00e7lendiriyor ve etraf\u0131m\u0131zdakilerle daha derin, daha uyumlu ba\u011flant\u0131lar\u0131n yolunu a\u00e7\u0131yor. \u00c7u\u0308nku\u0308 ancak arad\u0131\u011f\u0131m\u0131z sevginin kendisi oldu\u011fumuzda, en yak\u0131n ortakl\u0131klar\u0131m\u0131zdan topluluklar\u0131m\u0131z\u0131 bir arada tutan ba\u011flara kadar her ili\u015fkiyi d\u00f6nu\u0308\u015ftu\u0308rme gu\u0308cu\u0308ne sahip olabiliriz. <\/p>\n","protected":false},"excerpt":{"rendered":"<p>Ba\u015fkalar\u0131na ve ac\u0131 \u00e7eken du\u0308nyam\u0131za ger\u00e7ek ba\u011f ve sevgiyi nas\u0131l ula\u015ft\u0131rabilece\u011fimize dair pratik ve ilham verici bir kitap. \u2014DR. GABOR MATE Neden en yak\u0131n ili\u015fkilerimiz genellikle<span class=\"excerpt-hellip\"> [\u2026]<\/span><\/p>\n","protected":false},"featured_media":0,"template":"","meta":{"_monsterinsights_skip_tracking":false,"_monsterinsights_sitenote_active":false,"_monsterinsights_sitenote_note":"","_monsterinsights_sitenote_category":0},"product_brand":[],"product_cat":[12364,12376],"product_tag":[],"class_list":{"0":"post-761230","1":"product","2":"type-product","3":"status-publish","5":"product_cat-genel-konular","6":"product_cat-kisisel-gelisim","7":"pa_cilt-ciltsiz","8":"pa_tur-kitap","9":"pa_yayinevi-butik-yayinlari","10":"pa_yazar-nicole-lepera","12":"first","13":"instock","14":"sale","15":"shipping-taxable","16":"purchasable","17":"product-type-simple"},"_links":{"self":[{"href":"https:\/\/roveyayinevi.com.tr\/index.php\/wp-json\/wp\/v2\/product\/761230","targetHints":{"allow":["GET"]}}],"collection":[{"href":"https:\/\/roveyayinevi.com.tr\/index.php\/wp-json\/wp\/v2\/product"}],"about":[{"href":"https:\/\/roveyayinevi.com.tr\/index.php\/wp-json\/wp\/v2\/types\/product"}],"wp:attachment":[{"href":"https:\/\/roveyayinevi.com.tr\/index.php\/wp-json\/wp\/v2\/media?parent=761230"}],"wp:term":[{"taxonomy":"product_brand","embeddable":true,"href":"https:\/\/roveyayinevi.com.tr\/index.php\/wp-json\/wp\/v2\/product_brand?post=761230"},{"taxonomy":"product_cat","embeddable":true,"href":"https:\/\/roveyayinevi.com.tr\/index.php\/wp-json\/wp\/v2\/product_cat?post=761230"},{"taxonomy":"product_tag","embeddable":true,"href":"https:\/\/roveyayinevi.com.tr\/index.php\/wp-json\/wp\/v2\/product_tag?post=761230"}],"curies":[{"name":"wp","href":"https:\/\/api.w.org\/{rel}","templated":true}]}}