{"id":761229,"date":"2025-08-28T09:31:04","date_gmt":"2025-08-28T06:31:04","guid":{"rendered":"https:\/\/roveyayinevi.com.tr\/index.php\/urun\/cocugunuzun-duygulariyla-bas-edebilir-misiniz\/"},"modified":"2026-04-16T03:14:45","modified_gmt":"2026-04-16T00:14:45","slug":"cocugunuzun-duygulariyla-bas-edebilir-misiniz","status":"publish","type":"product","link":"https:\/\/roveyayinevi.com.tr\/index.php\/urun\/cocugunuzun-duygulariyla-bas-edebilir-misiniz\/","title":{"rendered":"\u00c7ocu\u011funuzun Duygular\u0131yla Ba\u015f Edebilir Misiniz?"},"content":{"rendered":"<p>\u00c7ocu\u011funuzu duygular\u0131yla ba\u015f edebilen birs\u00fcper kahramana d\u00f6n\u00fc\u015ft\u00fcr\u00fcn! \u00c7ocu\u011funuz kendini ifade etmekte zorlan\u0131yor ve genellikle duygular\u0131n\u0131 ifade etmekten ka\u00e7\u0131yor mu? Peki, \u00e7ocu\u011funuz s\u00fcpermarket koridorlar\u0131nda \u00e7\u0131\u011fl\u0131k atarak yuvarland\u0131\u011f\u0131nda ya da oyuncaklar\u0131n\u0131 etraf\u0131na f\u0131rlatmaya ba\u015flad\u0131\u011f\u0131nda nas\u0131l tepki vermelisiniz? Belki de t\u00fcm bunlarla ba\u015f etmek sand\u0131\u011f\u0131n\u0131z kadar zor de\u011fildir. Aktiviteler ve e\u011flenceli \u00e7izimlerle zenginle\u015ftirilmi\u015f bu rehberde, \u00e7ocu\u011funuzun kendini savunup ifade etmesine yard\u0131mc\u0131 olabilece\u011finiz t\u00fcm ara\u00e7lar\u0131 bulacaks\u0131n\u0131z. G\u00fc\u00e7l\u00fc y\u00f6nlerinin fark\u0131na varmas\u0131na yard\u0131mc\u0131 olarak sorumluluk almas\u0131n\u0131 sa\u011flayabilir, duygular\u0131n\u0131n \u00fcstesinden gelmesi i\u00e7in cesur davranmas\u0131 konusunda ona g\u00fc\u00e7 verebilirsiniz. Duygu doktoru St\u00e9phaine ile \u00c7ocu\u011funuzun Duygular\u0131ylaBa\u015f Edebilir misiniz? rehberli\u011finde \u00e7ocu\u011funuza duygular\u0131yla daha konforlu bir hayat sunmaya haz\u0131r olun.<\/p>\n","protected":false},"excerpt":{"rendered":"<p>\u00c7ocu\u011funuzu duygular\u0131yla ba\u015f edebilen birs\u00fcper kahramana d\u00f6n\u00fc\u015ft\u00fcr\u00fcn! \u00c7ocu\u011funuz kendini ifade etmekte zorlan\u0131yor ve genellikle duygular\u0131n\u0131 ifade etmekten ka\u00e7\u0131yor mu? Peki, \u00e7ocu\u011funuz s\u00fcpermarket koridorlar\u0131nda \u00e7\u0131\u011fl\u0131k atarak yuvarland\u0131\u011f\u0131nda<span class=\"excerpt-hellip\"> [\u2026]<\/span><\/p>\n","protected":false},"featured_media":0,"template":"","meta":{"_monsterinsights_skip_tracking":false,"_monsterinsights_sitenote_active":false,"_monsterinsights_sitenote_note":"","_monsterinsights_sitenote_category":0},"product_brand":[],"product_cat":[17996,12364],"product_tag":[],"class_list":{"0":"post-761229","1":"product","2":"type-product","3":"status-publish","5":"product_cat-ebeveyn-kitaplari","6":"product_cat-genel-konular","7":"pa_cilt-ciltsiz","8":"pa_tur-kitap","9":"pa_yayinevi-epsilon-yayinlari","10":"pa_yazar-stephanie-couturier","12":"first","13":"instock","14":"sale","15":"shipping-taxable","16":"purchasable","17":"product-type-simple"},"_links":{"self":[{"href":"https:\/\/roveyayinevi.com.tr\/index.php\/wp-json\/wp\/v2\/product\/761229","targetHints":{"allow":["GET"]}}],"collection":[{"href":"https:\/\/roveyayinevi.com.tr\/index.php\/wp-json\/wp\/v2\/product"}],"about":[{"href":"https:\/\/roveyayinevi.com.tr\/index.php\/wp-json\/wp\/v2\/types\/product"}],"wp:attachment":[{"href":"https:\/\/roveyayinevi.com.tr\/index.php\/wp-json\/wp\/v2\/media?parent=761229"}],"wp:term":[{"taxonomy":"product_brand","embeddable":true,"href":"https:\/\/roveyayinevi.com.tr\/index.php\/wp-json\/wp\/v2\/product_brand?post=761229"},{"taxonomy":"product_cat","embeddable":true,"href":"https:\/\/roveyayinevi.com.tr\/index.php\/wp-json\/wp\/v2\/product_cat?post=761229"},{"taxonomy":"product_tag","embeddable":true,"href":"https:\/\/roveyayinevi.com.tr\/index.php\/wp-json\/wp\/v2\/product_tag?post=761229"}],"curies":[{"name":"wp","href":"https:\/\/api.w.org\/{rel}","templated":true}]}}