{"id":761227,"date":"2025-08-28T09:31:00","date_gmt":"2025-08-28T06:31:00","guid":{"rendered":"https:\/\/roveyayinevi.com.tr\/index.php\/urun\/sifir-diyet\/"},"modified":"2026-04-16T03:14:45","modified_gmt":"2026-04-16T00:14:45","slug":"sifir-diyet","status":"publish","type":"product","link":"https:\/\/roveyayinevi.com.tr\/index.php\/urun\/sifir-diyet\/","title":{"rendered":"S\u0131f\u0131r Diyet"},"content":{"rendered":"<p>Kilo vermek kolayd\u0131r. Hem de \u00e7ok kolay. Herkes uygulad\u0131\u011f\u0131 diyet ne olursa olsun birka\u00e7 hafta i\u00e7inde kilo verebilir. As\u0131l zorluk kilolar\u0131 korumakt\u0131r ve d\u00fcr\u00fcst olal\u0131m, bu neredeyse imk\u00e2ns\u0131zd\u0131r; ne kadar \u00e7abuk verirseniz, o kadar \u00e7abuk geri al\u0131rs\u0131n\u0131z. Peki, diyet yapmay\u0131 b\u0131rak\u0131rsak ne olur? Kat\u0131 diyet k\u0131s\u0131tlamalar\u0131 olmaks\u0131z\u0131n, herkesin uygulayabilece\u011fi k\u00fc\u00e7\u00fck g\u00fcnl\u00fck de\u011fi\u015fikliklerle fit kalmak ve bunu kal\u0131c\u0131 k\u0131lmak m\u00fcmk\u00fcn! Dr. Jimmy Mohamed al\u0131\u015fkanl\u0131klar\u0131n\u0131z\u0131 de\u011fi\u015ftirmenize, dengenizi bulman\u0131za ve zahmetsizce kilo vermenize yard\u0131mc\u0131 olacak. \u00dcstelik bu kitap, size hepsi bilimsel olarak onaylanm\u0131\u015f ve uygulamas\u0131 kolay 39 taktik sunuyor! <\/p>\n","protected":false},"excerpt":{"rendered":"<p>Kilo vermek kolayd\u0131r. Hem de \u00e7ok kolay. Herkes uygulad\u0131\u011f\u0131 diyet ne olursa olsun birka\u00e7 hafta i\u00e7inde kilo verebilir. As\u0131l zorluk kilolar\u0131 korumakt\u0131r ve d\u00fcr\u00fcst olal\u0131m, bu<span class=\"excerpt-hellip\"> [\u2026]<\/span><\/p>\n","protected":false},"featured_media":0,"template":"","meta":{"_monsterinsights_skip_tracking":false,"_monsterinsights_sitenote_active":false,"_monsterinsights_sitenote_note":"","_monsterinsights_sitenote_category":0},"product_brand":[],"product_cat":[13402,13365],"product_tag":[],"class_list":{"0":"post-761227","1":"product","2":"type-product","3":"status-publish","5":"product_cat-beslenme-ve-diyet","6":"product_cat-saglik","7":"pa_cilt-ciltsiz","8":"pa_tur-kitap","9":"pa_yayinevi-mona-kitap","10":"pa_yazar-jimmy-mohamed","12":"first","13":"instock","14":"sale","15":"shipping-taxable","16":"purchasable","17":"product-type-simple"},"_links":{"self":[{"href":"https:\/\/roveyayinevi.com.tr\/index.php\/wp-json\/wp\/v2\/product\/761227","targetHints":{"allow":["GET"]}}],"collection":[{"href":"https:\/\/roveyayinevi.com.tr\/index.php\/wp-json\/wp\/v2\/product"}],"about":[{"href":"https:\/\/roveyayinevi.com.tr\/index.php\/wp-json\/wp\/v2\/types\/product"}],"wp:attachment":[{"href":"https:\/\/roveyayinevi.com.tr\/index.php\/wp-json\/wp\/v2\/media?parent=761227"}],"wp:term":[{"taxonomy":"product_brand","embeddable":true,"href":"https:\/\/roveyayinevi.com.tr\/index.php\/wp-json\/wp\/v2\/product_brand?post=761227"},{"taxonomy":"product_cat","embeddable":true,"href":"https:\/\/roveyayinevi.com.tr\/index.php\/wp-json\/wp\/v2\/product_cat?post=761227"},{"taxonomy":"product_tag","embeddable":true,"href":"https:\/\/roveyayinevi.com.tr\/index.php\/wp-json\/wp\/v2\/product_tag?post=761227"}],"curies":[{"name":"wp","href":"https:\/\/api.w.org\/{rel}","templated":true}]}}