{"id":761226,"date":"2025-08-28T09:30:58","date_gmt":"2025-08-28T06:30:58","guid":{"rendered":"https:\/\/roveyayinevi.com.tr\/index.php\/urun\/gelecek-sefere\/"},"modified":"2026-04-16T03:14:45","modified_gmt":"2026-04-16T00:14:45","slug":"gelecek-sefere","status":"publish","type":"product","link":"https:\/\/roveyayinevi.com.tr\/index.php\/urun\/gelecek-sefere\/","title":{"rendered":"Gelecek Sefere"},"content":{"rendered":"<p>Jonathan, Boston&#8217;da ya\u015fayan bir sanat uzman\u0131d\u0131r ve gizemli bir Rus ressam\u0131n tablolar\u0131 konusunda uzmanla\u015fm\u0131\u015ft\u0131r. Clara ise Londra&#8217;da ya\u015fayan bir galeri sahibidir ve ayn\u0131 ressam\u0131n tablolar\u0131n\u0131 a\u00e7\u0131k art\u0131rmayla satmaktad\u0131r.Sanata olan tutkular\u0131 tan\u0131\u015fmalar\u0131na vesile olur. Peki birbirlerini ilk kez mi g\u00f6rmektedirler? Tan\u0131\u015ft\u0131klar\u0131nda, birbirlerini \u00e7ok \u00f6nceden tan\u0131d\u0131klar\u0131na ikna olmu\u015f gibilerdir; bu hayatta de\u011filse bile, \u00f6nceki bir hayatta&#8230;Marc Levy&#8217;nin d\u00f6rd\u00fcnc\u00fc roman\u0131, a\u015fk\u0131n ve gizemin zamana meydan okudu\u011fu bir hik\u00e2yeyle okuyucular\u0131n\u0131 St. Petersburg&#8217;dan Boston&#8217;a, Londra&#8217;dan Floransa ve Paris&#8217;e g\u00f6t\u00fcr\u00fcyor.Uluslararas\u0131 sanat d\u00fcnyas\u0131nda ya\u015fanan s\u00fcr\u00fckleyici, b\u00fcy\u00fcleyici, s\u0131rad\u0131\u015f\u0131 bir a\u015fk ve intikam \u00f6yk\u00fcs\u00fc&#8230;<\/p>\n","protected":false},"excerpt":{"rendered":"<p>Jonathan, Boston&#8217;da ya\u015fayan bir sanat uzman\u0131d\u0131r ve gizemli bir Rus ressam\u0131n tablolar\u0131 konusunda uzmanla\u015fm\u0131\u015ft\u0131r. Clara ise Londra&#8217;da ya\u015fayan bir galeri sahibidir ve ayn\u0131 ressam\u0131n tablolar\u0131n\u0131 a\u00e7\u0131k<span class=\"excerpt-hellip\"> [\u2026]<\/span><\/p>\n","protected":false},"featured_media":0,"template":"","meta":{"_monsterinsights_skip_tracking":false,"_monsterinsights_sitenote_active":false,"_monsterinsights_sitenote_note":"","_monsterinsights_sitenote_category":0},"product_brand":[],"product_cat":[12291,12711],"product_tag":[],"class_list":{"0":"post-761226","1":"product","2":"type-product","3":"status-publish","5":"product_cat-edebiyat","6":"product_cat-roman-oyku","7":"pa_cilt-ciltsiz","8":"pa_tur-kitap","9":"pa_yayinevi-artemis-yayinlari","10":"pa_yazar-marc-levy","12":"first","13":"instock","14":"sale","15":"shipping-taxable","16":"purchasable","17":"product-type-simple"},"_links":{"self":[{"href":"https:\/\/roveyayinevi.com.tr\/index.php\/wp-json\/wp\/v2\/product\/761226","targetHints":{"allow":["GET"]}}],"collection":[{"href":"https:\/\/roveyayinevi.com.tr\/index.php\/wp-json\/wp\/v2\/product"}],"about":[{"href":"https:\/\/roveyayinevi.com.tr\/index.php\/wp-json\/wp\/v2\/types\/product"}],"wp:attachment":[{"href":"https:\/\/roveyayinevi.com.tr\/index.php\/wp-json\/wp\/v2\/media?parent=761226"}],"wp:term":[{"taxonomy":"product_brand","embeddable":true,"href":"https:\/\/roveyayinevi.com.tr\/index.php\/wp-json\/wp\/v2\/product_brand?post=761226"},{"taxonomy":"product_cat","embeddable":true,"href":"https:\/\/roveyayinevi.com.tr\/index.php\/wp-json\/wp\/v2\/product_cat?post=761226"},{"taxonomy":"product_tag","embeddable":true,"href":"https:\/\/roveyayinevi.com.tr\/index.php\/wp-json\/wp\/v2\/product_tag?post=761226"}],"curies":[{"name":"wp","href":"https:\/\/api.w.org\/{rel}","templated":true}]}}