{"id":761224,"date":"2025-08-28T09:30:54","date_gmt":"2025-08-28T06:30:54","guid":{"rendered":"https:\/\/roveyayinevi.com.tr\/index.php\/urun\/eski-gozdeler-kadinlar-sanat-ve-ideoloji\/"},"modified":"2026-03-12T03:23:51","modified_gmt":"2026-03-12T00:23:51","slug":"eski-gozdeler-kadinlar-sanat-ve-ideoloji","status":"publish","type":"product","link":"https:\/\/roveyayinevi.com.tr\/index.php\/urun\/eski-gozdeler-kadinlar-sanat-ve-ideoloji\/","title":{"rendered":"Eski G\u00f6zdeler Kad\u0131nlar, Sanat ve \u0130deoloji"},"content":{"rendered":"<p>Kad\u0131nlar, Sanat ve \u0130deoloji, ilk kez yay\u0131mland\u0131\u011f\u0131 1981 y\u0131l\u0131ndan bu yana g\u00fcncelli\u011fini korumaya devam ediyor. Rozsika Parker ve Griselda Pollock\u2019un sanat tarihinin cinsiyet\u00e7i ve ideolojik boyutuna dair fark\u0131ndal\u0131k ortaya koyduklar\u0131 bu metin, Linda Nochlin\u2019in \u00fcnl\u00fc makalesi \u201cNeden Hi\u00e7 B\u00fcy\u00fck Kad\u0131n Sanat\u00e7\u0131 Yok?\u2019 ile 1971 y\u0131l\u0131nda sanat g\u00fcndemine ta\u015f\u0131d\u0131\u011f\u0131 meseleyi farkl\u0131 ve halen ge\u00e7erli ba\u015fl\u0131klar alt\u0131nda geni\u015fletip boyut kazand\u0131r\u0131yor.   Feminist sanat ele\u015ftirisinin ge\u00e7mi\u015fte \u00fcretimleriyle \u00e7a\u011flar\u0131nda bilinirlik kazanm\u0131\u015f kad\u0131nlar\u0131 sanat tarihinin isimler listesine eklemekten ibaret olmad\u0131\u011f\u0131na i\u015faret ederek ba\u015flayan Eski G\u00f6zdeler: Kad\u0131nlar, Sanat ve \u0130deoloji, \u2018Tarih\u2019 gibi \u2018Sanat Tarihi\u2019nin de toplumsal cinsiyet d\u00fczenini hem yans\u0131tan hem de \u00fcreten bir yap\u0131 oldu\u011funun g\u00f6r\u00fclmesini sa\u011fl\u0131yor. Metnin halen g\u00fcncelli\u011fini korumas\u0131, kad\u0131nlar\u0131n sanat tarihinden sistematik olarak d\u0131\u015flanmalar\u0131 konusundaki k\u00f6kl\u00fc tutumun yirmi birinci y\u00fczy\u0131lda ald\u0131\u011f\u0131 yeni formu de\u011ferlendirmek gerekti\u011fini apa\u00e7\u0131k g\u00f6steriyor. <\/p>\n","protected":false},"excerpt":{"rendered":"<p>Kad\u0131nlar, Sanat ve \u0130deoloji, ilk kez yay\u0131mland\u0131\u011f\u0131 1981 y\u0131l\u0131ndan bu yana g\u00fcncelli\u011fini korumaya devam ediyor. Rozsika Parker ve Griselda Pollock\u2019un sanat tarihinin cinsiyet\u00e7i ve ideolojik boyutuna<span class=\"excerpt-hellip\"> [\u2026]<\/span><\/p>\n","protected":false},"featured_media":0,"template":"","meta":{"_monsterinsights_skip_tracking":false,"_monsterinsights_sitenote_active":false,"_monsterinsights_sitenote_note":"","_monsterinsights_sitenote_category":0},"product_brand":[],"product_cat":[13548,12408],"product_tag":[],"class_list":{"0":"post-761224","1":"product","2":"type-product","3":"status-publish","5":"product_cat-kuram","6":"product_cat-sanat","7":"pa_cilt-ciltsiz","8":"pa_tur-kitap","9":"pa_yayinevi-hayalperest-yayinlari","10":"pa_yazar-rozsika-parker-griselda-pollock","12":"first","13":"instock","14":"sale","15":"shipping-taxable","16":"purchasable","17":"product-type-simple"},"_links":{"self":[{"href":"https:\/\/roveyayinevi.com.tr\/index.php\/wp-json\/wp\/v2\/product\/761224","targetHints":{"allow":["GET"]}}],"collection":[{"href":"https:\/\/roveyayinevi.com.tr\/index.php\/wp-json\/wp\/v2\/product"}],"about":[{"href":"https:\/\/roveyayinevi.com.tr\/index.php\/wp-json\/wp\/v2\/types\/product"}],"wp:attachment":[{"href":"https:\/\/roveyayinevi.com.tr\/index.php\/wp-json\/wp\/v2\/media?parent=761224"}],"wp:term":[{"taxonomy":"product_brand","embeddable":true,"href":"https:\/\/roveyayinevi.com.tr\/index.php\/wp-json\/wp\/v2\/product_brand?post=761224"},{"taxonomy":"product_cat","embeddable":true,"href":"https:\/\/roveyayinevi.com.tr\/index.php\/wp-json\/wp\/v2\/product_cat?post=761224"},{"taxonomy":"product_tag","embeddable":true,"href":"https:\/\/roveyayinevi.com.tr\/index.php\/wp-json\/wp\/v2\/product_tag?post=761224"}],"curies":[{"name":"wp","href":"https:\/\/api.w.org\/{rel}","templated":true}]}}