{"id":761222,"date":"2025-08-28T09:30:51","date_gmt":"2025-08-28T06:30:51","guid":{"rendered":"https:\/\/roveyayinevi.com.tr\/index.php\/urun\/elmas-mahayana\/"},"modified":"2026-04-16T03:14:45","modified_gmt":"2026-04-16T00:14:45","slug":"elmas-mahayana","status":"publish","type":"product","link":"https:\/\/roveyayinevi.com.tr\/index.php\/urun\/elmas-mahayana\/","title":{"rendered":"Elmas Mahayana"},"content":{"rendered":"<p>Elmas Mahayana\u2019da, Fandorin iki farkl\u0131 yerde, iki farkl\u0131 zamandad\u0131r; ilerledik\u00e7e h\u0131zlanan tehlikeli maceralara at\u0131l\u0131r. Rusya, 1905. Rusya, Japonya ile kanl\u0131 bir sava\u015f\u0131n i\u00e7indeyken, bir demiryolu k\u00f6pr\u00fcs\u00fcndeki patlamay\u0131 ara\u015ft\u0131ran, bir cinayeti \u00f6nlemeye \u00e7al\u0131\u015fan Fandorin, daha \u00f6nce kar\u015f\u0131la\u015fmad\u0131\u011f\u0131 kadar d\u00fc\u015fmanla kar\u015f\u0131 kar\u015f\u0131ya gelir. Japonya, 1878. Gen\u00e7 Fandorin diplomotik g\u00f6revinden \u00f6t\u00fcr\u00fc gitti\u011fi Japonya\u2019da gelenek ile modern aras\u0131nda dengede duran, dini birliklerin, karizmatik karakterlerin ve sava\u015f\u00e7\u0131 kad\u0131nlar\u0131n ya\u015fad\u0131\u011f\u0131 bir d\u00fcnyayla kar\u015f\u0131la\u015f\u0131r. Japonya\u2019ya dair her \u015feyi deneyimlemek isteyen Fandorin\u2019in daha ilk g\u00fcnden \u015f\u00fcpheli bir \u00f6l\u00fcmle ba\u015flayan ser\u00fcvenini, b\u00fct\u00fcn seri boyunca ona hizmet eden sad\u0131k u\u015fa\u011f\u0131 Masa ile tan\u0131\u015fmas\u0131 ve b\u00fcy\u00fck bir a\u015fk hik\u00e2yesi izler. Samuraylar, ninjalar, d\u00f6v\u00fc\u015f sanatlar\u0131, bilgelikler\u2026 Ayn\u0131 zamanda geli\u015fmekte olan bir \u00fclke olarak Japonya\u2019da n\u00fcfuz kazanmaya \u00e7al\u0131\u015fan, d\u00f6nemin b\u00fcy\u00fck uluslar\u0131n\u0131n arka planda siyasi h\u0131rs, hilek\u00e2rl\u0131k ve a\u015fk kavgalar\u0131. <\/p>\n","protected":false},"excerpt":{"rendered":"<p>Elmas Mahayana\u2019da, Fandorin iki farkl\u0131 yerde, iki farkl\u0131 zamandad\u0131r; ilerledik\u00e7e h\u0131zlanan tehlikeli maceralara at\u0131l\u0131r. Rusya, 1905. Rusya, Japonya ile kanl\u0131 bir sava\u015f\u0131n i\u00e7indeyken, bir demiryolu k\u00f6pr\u00fcs\u00fcndeki<span class=\"excerpt-hellip\"> [\u2026]<\/span><\/p>\n","protected":false},"featured_media":0,"template":"","meta":{"_monsterinsights_skip_tracking":false,"_monsterinsights_sitenote_active":false,"_monsterinsights_sitenote_note":"","_monsterinsights_sitenote_category":0},"product_brand":[],"product_cat":[12291,15445],"product_tag":[],"class_list":{"0":"post-761222","1":"product","2":"type-product","3":"status-publish","5":"product_cat-edebiyat","6":"product_cat-polisiye","7":"pa_cilt-ciltsiz","8":"pa_tur-kitap","9":"pa_yayinevi-alfa-yayinlari","10":"pa_yazar-boris-akunin","12":"first","13":"instock","14":"sale","15":"shipping-taxable","16":"purchasable","17":"product-type-simple"},"_links":{"self":[{"href":"https:\/\/roveyayinevi.com.tr\/index.php\/wp-json\/wp\/v2\/product\/761222","targetHints":{"allow":["GET"]}}],"collection":[{"href":"https:\/\/roveyayinevi.com.tr\/index.php\/wp-json\/wp\/v2\/product"}],"about":[{"href":"https:\/\/roveyayinevi.com.tr\/index.php\/wp-json\/wp\/v2\/types\/product"}],"wp:attachment":[{"href":"https:\/\/roveyayinevi.com.tr\/index.php\/wp-json\/wp\/v2\/media?parent=761222"}],"wp:term":[{"taxonomy":"product_brand","embeddable":true,"href":"https:\/\/roveyayinevi.com.tr\/index.php\/wp-json\/wp\/v2\/product_brand?post=761222"},{"taxonomy":"product_cat","embeddable":true,"href":"https:\/\/roveyayinevi.com.tr\/index.php\/wp-json\/wp\/v2\/product_cat?post=761222"},{"taxonomy":"product_tag","embeddable":true,"href":"https:\/\/roveyayinevi.com.tr\/index.php\/wp-json\/wp\/v2\/product_tag?post=761222"}],"curies":[{"name":"wp","href":"https:\/\/api.w.org\/{rel}","templated":true}]}}