{"id":761221,"date":"2025-08-28T09:30:49","date_gmt":"2025-08-28T06:30:49","guid":{"rendered":"https:\/\/roveyayinevi.com.tr\/index.php\/urun\/donsun-koca-dunya\/"},"modified":"2026-04-11T14:29:36","modified_gmt":"2026-04-11T11:29:36","slug":"donsun-koca-dunya","status":"publish","type":"product","link":"https:\/\/roveyayinevi.com.tr\/index.php\/urun\/donsun-koca-dunya\/","title":{"rendered":"D\u00f6ns\u00fcn Koca D\u00fcnya"},"content":{"rendered":"<p>Bronx\u2019ta orospular\u0131n aras\u0131nda ya\u015fayan radikal bir \u0130rlandal\u0131 rahip; Vietnam\u2019da o\u011fullar\u0131n\u0131 yitiren Park Avenue annelerinin kolektif yas\u0131; kendini talihsiz bir olay\u0131n ortas\u0131nda bulan gen\u00e7 bir sanat\u00e7\u0131; ergen k\u0131z\u0131yla birlikte numaralar d\u00f6nd\u00fcren bir anne\u2026 Colum McCann, D\u00f6ns\u00fcn Koca D\u00fcnya adl\u0131 eserinde okura bir \u015fehir ve insanlar\u0131n\u0131n ac\u0131, yaln\u0131zl\u0131k, gizem ve vaatlerle dolu d\u00fcnyas\u0131n\u0131n kap\u0131s\u0131n\u0131 a\u00e7\u0131yor. 1974 a\u011fustosunun bir sabah\u0131nda, A\u015fa\u011f\u0131 Manhattan sakinleri nefeslerini tutup, g\u00f6zlerini inanamayarak \u0130kiz Kuleler\u2019e diker. Gizemli bir ip cambaz\u0131 yerden d\u00f6rt y\u00fcz metre y\u00fckseklikteki bir ipte ko\u015fup, dans edip, atlay\u0131p durmaktad\u0131r. A\u015fa\u011f\u0131s\u0131nda kalan s\u0131radan insanlar\u0131n hayatlar\u0131na s\u0131rad\u0131\u015f\u0131 bir \u015fekilde dokunmaktad\u0131r. D\u00f6ns\u00fcn Koca D\u00fcnya hem umutsuz zamanlardaki umudun hem de farkl\u0131 olmayan farkl\u0131l\u0131\u011f\u0131n izlerini ta\u015f\u0131yor. A\u00e7\u0131kl\u0131\u011f\u0131 ve derinli\u011fiyle Colum McCann neden en iyi \u00e7a\u011fda\u015f yazarlar aras\u0131nda kabul edildi\u011fini bir kez daha g\u00f6steriyor.<\/p>\n","protected":false},"excerpt":{"rendered":"<p>Bronx\u2019ta orospular\u0131n aras\u0131nda ya\u015fayan radikal bir \u0130rlandal\u0131 rahip; Vietnam\u2019da o\u011fullar\u0131n\u0131 yitiren Park Avenue annelerinin kolektif yas\u0131; kendini talihsiz bir olay\u0131n ortas\u0131nda bulan gen\u00e7 bir sanat\u00e7\u0131; ergen<span class=\"excerpt-hellip\"> [\u2026]<\/span><\/p>\n","protected":false},"featured_media":0,"template":"","meta":{"_monsterinsights_skip_tracking":false,"_monsterinsights_sitenote_active":false,"_monsterinsights_sitenote_note":"","_monsterinsights_sitenote_category":0},"product_brand":[],"product_cat":[12291,12711],"product_tag":[],"class_list":{"0":"post-761221","1":"product","2":"type-product","3":"status-publish","5":"product_cat-edebiyat","6":"product_cat-roman-oyku","7":"pa_cilt-ciltsiz","8":"pa_tur-kitap","9":"pa_yayinevi-alfa-yayinlari","10":"pa_yazar-colum-mccann","12":"first","13":"instock","14":"sale","15":"shipping-taxable","16":"purchasable","17":"product-type-simple"},"_links":{"self":[{"href":"https:\/\/roveyayinevi.com.tr\/index.php\/wp-json\/wp\/v2\/product\/761221","targetHints":{"allow":["GET"]}}],"collection":[{"href":"https:\/\/roveyayinevi.com.tr\/index.php\/wp-json\/wp\/v2\/product"}],"about":[{"href":"https:\/\/roveyayinevi.com.tr\/index.php\/wp-json\/wp\/v2\/types\/product"}],"wp:attachment":[{"href":"https:\/\/roveyayinevi.com.tr\/index.php\/wp-json\/wp\/v2\/media?parent=761221"}],"wp:term":[{"taxonomy":"product_brand","embeddable":true,"href":"https:\/\/roveyayinevi.com.tr\/index.php\/wp-json\/wp\/v2\/product_brand?post=761221"},{"taxonomy":"product_cat","embeddable":true,"href":"https:\/\/roveyayinevi.com.tr\/index.php\/wp-json\/wp\/v2\/product_cat?post=761221"},{"taxonomy":"product_tag","embeddable":true,"href":"https:\/\/roveyayinevi.com.tr\/index.php\/wp-json\/wp\/v2\/product_tag?post=761221"}],"curies":[{"name":"wp","href":"https:\/\/api.w.org\/{rel}","templated":true}]}}