{"id":761219,"date":"2025-08-28T09:30:46","date_gmt":"2025-08-28T06:30:46","guid":{"rendered":"https:\/\/roveyayinevi.com.tr\/index.php\/urun\/2025-en-temelden-osymye-sayi-kesir-problemleri-yaktugmat-soru-bankasi-ciltli\/"},"modified":"2026-04-16T03:14:45","modified_gmt":"2026-04-16T00:14:45","slug":"2025-en-temelden-osymye-sayi-kesir-problemleri-yaktugmat-soru-bankasi-ciltli","status":"publish","type":"product","link":"https:\/\/roveyayinevi.com.tr\/index.php\/urun\/2025-en-temelden-osymye-sayi-kesir-problemleri-yaktugmat-soru-bankasi-ciltli\/","title":{"rendered":"2025 En Temelden \u00d6SYM\u2019ye Say\u0131 Kesir Problemleri Yaktugmat Soru Bankas\u0131 (Ciltli)"},"content":{"rendered":"<p>2024 En Temelden \u00d6SYM\u2019ye Say\u0131 Kesir Problemleri Yaktugmat Soru Bankas\u0131 (Ciltli)<\/p>\n","protected":false},"excerpt":{"rendered":"<p>2024 En Temelden \u00d6SYM\u2019ye Say\u0131 Kesir Problemleri Yaktugmat Soru Bankas\u0131 (Ciltli)<\/p>\n","protected":false},"featured_media":0,"template":"","meta":{"_monsterinsights_skip_tracking":false,"_monsterinsights_sitenote_active":false,"_monsterinsights_sitenote_note":"","_monsterinsights_sitenote_category":0},"product_brand":[],"product_cat":[12566,13473],"product_tag":[],"class_list":{"0":"post-761219","1":"product","2":"type-product","3":"status-publish","5":"product_cat-egitim","6":"product_cat-sinavlara-hazirlik-okula-yardimci-kaynaklar","7":"pa_cilt-ciltli","8":"pa_tur-kitap","9":"pa_yayinevi-marka-yayinlari","10":"pa_yazar-yasin-kara","12":"first","13":"instock","14":"sale","15":"shipping-taxable","16":"purchasable","17":"product-type-simple"},"_links":{"self":[{"href":"https:\/\/roveyayinevi.com.tr\/index.php\/wp-json\/wp\/v2\/product\/761219","targetHints":{"allow":["GET"]}}],"collection":[{"href":"https:\/\/roveyayinevi.com.tr\/index.php\/wp-json\/wp\/v2\/product"}],"about":[{"href":"https:\/\/roveyayinevi.com.tr\/index.php\/wp-json\/wp\/v2\/types\/product"}],"wp:attachment":[{"href":"https:\/\/roveyayinevi.com.tr\/index.php\/wp-json\/wp\/v2\/media?parent=761219"}],"wp:term":[{"taxonomy":"product_brand","embeddable":true,"href":"https:\/\/roveyayinevi.com.tr\/index.php\/wp-json\/wp\/v2\/product_brand?post=761219"},{"taxonomy":"product_cat","embeddable":true,"href":"https:\/\/roveyayinevi.com.tr\/index.php\/wp-json\/wp\/v2\/product_cat?post=761219"},{"taxonomy":"product_tag","embeddable":true,"href":"https:\/\/roveyayinevi.com.tr\/index.php\/wp-json\/wp\/v2\/product_tag?post=761219"}],"curies":[{"name":"wp","href":"https:\/\/api.w.org\/{rel}","templated":true}]}}