{"id":761218,"date":"2025-08-28T09:30:45","date_gmt":"2025-08-28T06:30:45","guid":{"rendered":"https:\/\/roveyayinevi.com.tr\/index.php\/urun\/2025-kpss-guncel-bilgiler-15-deneme\/"},"modified":"2026-04-15T03:26:27","modified_gmt":"2026-04-15T00:26:27","slug":"2025-kpss-guncel-bilgiler-15-deneme","status":"publish","type":"product","link":"https:\/\/roveyayinevi.com.tr\/index.php\/urun\/2025-kpss-guncel-bilgiler-15-deneme\/","title":{"rendered":"2025 KPSS G\u00fcncel Bilgiler 15 Deneme"},"content":{"rendered":"<p>2024 KPSS G\u00fcncel Bilgiler 15 Deneme Marka Yay\u0131nlar\u0131<\/p>\n","protected":false},"excerpt":{"rendered":"<p>2024 KPSS G\u00fcncel Bilgiler 15 Deneme Marka Yay\u0131nlar\u0131<\/p>\n","protected":false},"featured_media":0,"template":"","meta":{"_monsterinsights_skip_tracking":false,"_monsterinsights_sitenote_active":false,"_monsterinsights_sitenote_note":"","_monsterinsights_sitenote_category":0},"product_brand":[],"product_cat":[12566,122237,129144,25157,13473],"product_tag":[],"class_list":{"0":"post-761218","1":"product","2":"type-product","3":"status-publish","5":"product_cat-egitim","6":"product_cat-kpss-denemeler","7":"product_cat-kpss-guncel-bilgiler-deneme","8":"product_cat-kpss-kitaplari","9":"product_cat-sinavlara-hazirlik-okula-yardimci-kaynaklar","10":"pa_cilt-ciltsiz","11":"pa_tur-kitap","12":"pa_yayinevi-marka-yayinlari","13":"pa_yazar-taskiner-yalman","15":"first","16":"instock","17":"sale","18":"shipping-taxable","19":"purchasable","20":"product-type-simple"},"_links":{"self":[{"href":"https:\/\/roveyayinevi.com.tr\/index.php\/wp-json\/wp\/v2\/product\/761218","targetHints":{"allow":["GET"]}}],"collection":[{"href":"https:\/\/roveyayinevi.com.tr\/index.php\/wp-json\/wp\/v2\/product"}],"about":[{"href":"https:\/\/roveyayinevi.com.tr\/index.php\/wp-json\/wp\/v2\/types\/product"}],"wp:attachment":[{"href":"https:\/\/roveyayinevi.com.tr\/index.php\/wp-json\/wp\/v2\/media?parent=761218"}],"wp:term":[{"taxonomy":"product_brand","embeddable":true,"href":"https:\/\/roveyayinevi.com.tr\/index.php\/wp-json\/wp\/v2\/product_brand?post=761218"},{"taxonomy":"product_cat","embeddable":true,"href":"https:\/\/roveyayinevi.com.tr\/index.php\/wp-json\/wp\/v2\/product_cat?post=761218"},{"taxonomy":"product_tag","embeddable":true,"href":"https:\/\/roveyayinevi.com.tr\/index.php\/wp-json\/wp\/v2\/product_tag?post=761218"}],"curies":[{"name":"wp","href":"https:\/\/api.w.org\/{rel}","templated":true}]}}