{"id":761217,"date":"2025-08-28T09:30:43","date_gmt":"2025-08-28T06:30:43","guid":{"rendered":"https:\/\/roveyayinevi.com.tr\/index.php\/urun\/kar-firtinasi\/"},"modified":"2026-04-16T03:14:45","modified_gmt":"2026-04-16T00:14:45","slug":"kar-firtinasi","status":"publish","type":"product","link":"https:\/\/roveyayinevi.com.tr\/index.php\/urun\/kar-firtinasi\/","title":{"rendered":"Kar F\u0131rt\u0131nas\u0131"},"content":{"rendered":"<p>Medyan\u0131n tamamen iktidar\u0131n eline ge\u00e7mesiyle i\u015fsiz kalan gazeteci R\u00fcya Keskin ve edit\u00f6rl\u00fc\u011f\u00fcn\u00fc yapmay\u0131 kabul etti\u011fi kitab\u0131n gizemli yazar\u0131\u2026\u0130zmir\u2019den \u201cBizans\u201d dedi\u011fi \u0130stanbul\u2019a, \u00e7ok sevdi\u011fi korku edebiyat\u0131 ustas\u0131 hakk\u0131nda bir film \u00e7ekmek i\u00e7in gelen y\u00f6netmen Ertekin\u2026K\u00fc\u00e7\u00fck bir kamera sat\u0131n alarak Nuh\u2019un gemisi efsanesi hakk\u0131nda belgesel \u00e7ekmek \u00fczere A\u011fr\u0131\u2019ya do\u011fru yola \u00e7\u0131kan Sevan\u2026Bir musibet, kahraman T\u00fcrk pilotlar\u0131n\u0131 ele ge\u00e7irmeye \u00e7al\u0131\u015f\u0131rken, r\u00fcyalar\u0131n anlam\u0131n\u0131 arayan Y\u00fczba\u015f\u0131 Volkan\u2026Ordunun i\u00e7indeki gen\u00e7 subaylar\u0131n medet umdu\u011fu Zekeriya Hoca\u2026Bo\u011faz manzaral\u0131 evlerinde, ellerinde viski kadehi ile T\u00fcrkiye \u00fczerine tahliller yapan k\u00f6\u015fe yazarlar\u0131\u2026\u0130ki farkl\u0131 zamanda akan ve birbiriyle paralel ilerleyen iki ayr\u0131 hik\u00e2yenin ilgin\u00e7 tesad\u00fcflerle kesi\u015fmesi\u2026Kar F\u0131rt\u0131nas\u0131, eski T\u00fcrkiye\u2019de ba\u015flay\u0131p yeni T\u00fcrkiye manzaralar\u0131 e\u015fli\u011finde devam eden siyasi bir polisiye olmas\u0131n\u0131n yan\u0131 s\u0131ra, tarihi bir d\u00f6n\u00fc\u015f\u00fcm\u00fc de g\u00f6zler \u00f6n\u00fcne seriyor.<\/p>\n","protected":false},"excerpt":{"rendered":"<p>Medyan\u0131n tamamen iktidar\u0131n eline ge\u00e7mesiyle i\u015fsiz kalan gazeteci R\u00fcya Keskin ve edit\u00f6rl\u00fc\u011f\u00fcn\u00fc yapmay\u0131 kabul etti\u011fi kitab\u0131n gizemli yazar\u0131\u2026\u0130zmir\u2019den \u201cBizans\u201d dedi\u011fi \u0130stanbul\u2019a, \u00e7ok sevdi\u011fi korku edebiyat\u0131 ustas\u0131<span class=\"excerpt-hellip\"> [\u2026]<\/span><\/p>\n","protected":false},"featured_media":0,"template":"","meta":{"_monsterinsights_skip_tracking":false,"_monsterinsights_sitenote_active":false,"_monsterinsights_sitenote_note":"","_monsterinsights_sitenote_category":0},"product_brand":[],"product_cat":[12291,12711],"product_tag":[],"class_list":{"0":"post-761217","1":"product","2":"type-product","3":"status-publish","5":"product_cat-edebiyat","6":"product_cat-roman-oyku","7":"pa_cilt-ciltsiz","8":"pa_tur-kitap","9":"pa_yayinevi-muptela-yayinevi","10":"pa_yazar-sibel-koklu","12":"first","13":"instock","14":"sale","15":"shipping-taxable","16":"purchasable","17":"product-type-simple"},"_links":{"self":[{"href":"https:\/\/roveyayinevi.com.tr\/index.php\/wp-json\/wp\/v2\/product\/761217","targetHints":{"allow":["GET"]}}],"collection":[{"href":"https:\/\/roveyayinevi.com.tr\/index.php\/wp-json\/wp\/v2\/product"}],"about":[{"href":"https:\/\/roveyayinevi.com.tr\/index.php\/wp-json\/wp\/v2\/types\/product"}],"wp:attachment":[{"href":"https:\/\/roveyayinevi.com.tr\/index.php\/wp-json\/wp\/v2\/media?parent=761217"}],"wp:term":[{"taxonomy":"product_brand","embeddable":true,"href":"https:\/\/roveyayinevi.com.tr\/index.php\/wp-json\/wp\/v2\/product_brand?post=761217"},{"taxonomy":"product_cat","embeddable":true,"href":"https:\/\/roveyayinevi.com.tr\/index.php\/wp-json\/wp\/v2\/product_cat?post=761217"},{"taxonomy":"product_tag","embeddable":true,"href":"https:\/\/roveyayinevi.com.tr\/index.php\/wp-json\/wp\/v2\/product_tag?post=761217"}],"curies":[{"name":"wp","href":"https:\/\/api.w.org\/{rel}","templated":true}]}}