{"id":761215,"date":"2025-08-28T09:30:40","date_gmt":"2025-08-28T06:30:40","guid":{"rendered":"https:\/\/roveyayinevi.com.tr\/index.php\/urun\/insan-kurdu\/"},"modified":"2026-04-16T03:14:45","modified_gmt":"2026-04-16T00:14:45","slug":"insan-kurdu","status":"publish","type":"product","link":"https:\/\/roveyayinevi.com.tr\/index.php\/urun\/insan-kurdu\/","title":{"rendered":"\u0130nsan Kurdu"},"content":{"rendered":"<p>\u201cNik\u00e2h i\u015fini cumaya kadar s\u00fcrd\u00fcrmedi \u0130bram Usta. Bir yerlerden bulmu\u015f bulu\u015fturmu\u015f, bir hoca ald\u0131 geldi. Per\u015fembe gecesi, bir pat\u0131rt\u0131 g\u00fcr\u00fclt\u00fc, Ali\u2019yle Zeynep\u2019in nik\u00e2hlar\u0131 k\u0131y\u0131ld\u0131. Sabahtan \u015fantiyeden getirdi\u011fi kirli \u00e7\u0131k\u0131s\u0131 ile yerle\u015fti\u011fi arka odaya ikisini gerdeklediler. Onlar i\u00e7erdeyken, G\u00fclizar\u2019la erkekler dereler gibi \u015farap i\u00e7ip sabaha kadar \u015fark\u0131, t\u00fcrk\u00fc \u00e7a\u011f\u0131rd\u0131lar. Sonra sesleri kesildi. Yerini \u015f\u0131p \u015f\u0131p ya\u011fmur ald\u0131. Gelin odas\u0131ndaki \u0131\u015f\u0131k da s\u00f6nd\u00fc. Koyu bir karanl\u0131k d\u00fcnyay\u0131 tuttu.\u201d \u00c7al\u0131\u015fmak i\u00e7in kasabaya gelen Ali, y\u00f6renin naml\u0131 fahi\u015fesi G\u00fclizar\u2019\u0131n k\u0131z\u0131 Zeynep\u2019e \u00e2\u015f\u0131k olur. G\u00fclizar, k\u0131z\u0131na k\u0131smet \u00e7\u0131kmas\u0131na, hem de bu k\u0131smetin, yak\u0131\u015f\u0131kl\u0131 ve tertemiz bir gen\u00e7 adam olmas\u0131na sevinir. \u015e\u00fck\u00fcrler olsun, k\u0131z\u0131 kendisi gibi bir seks i\u015f\u00e7isi olmayacak, evlenip barklanacakt\u0131r. Hatta bu evlili\u011fi f\u0131rsat bilir, kenardaki birikmi\u015fini al\u0131r, m\u00fcstakbel damad\u0131na verir. Art\u0131k fahi\u015feli\u011fi b\u0131rakacakt\u0131r; Ali \u00e7al\u0131\u015fs\u0131n, k\u0131z\u0131na da kendisine de baks\u0131nd\u0131r. Peki, kasabal\u0131lar buna, onlar\u0131n mutlu olmas\u0131na izin verecek midir? Hele ki G\u00fclizar\u2019\u0131n m\u00fc\u015fterileri, \u00e2\u015f\u0131klar\u0131\u2026 G\u00fclizar ve Zeynep\u2019i, ama en \u00e7ok da evin erke\u011fi Ali\u2019yi \u00e7ok zor g\u00fcnler beklemektedir. \u0130nsan Kurdu, 19 Ekim-14 Aral\u0131k 1958 tarihleri aras\u0131nda Vatan gazetesinde tefrika edilmi\u015f, 1959\u2019da kitap olarak bas\u0131lm\u0131\u015ft\u0131r. Bu dinamik, aksiyonlu, \u00e2deta bir film gibi akan roman birka\u00e7 defa sinemaya da uyarlanm\u0131\u015ft\u0131r.<\/p>\n","protected":false},"excerpt":{"rendered":"<p>\u201cNik\u00e2h i\u015fini cumaya kadar s\u00fcrd\u00fcrmedi \u0130bram Usta. Bir yerlerden bulmu\u015f bulu\u015fturmu\u015f, bir hoca ald\u0131 geldi. Per\u015fembe gecesi, bir pat\u0131rt\u0131 g\u00fcr\u00fclt\u00fc, Ali\u2019yle Zeynep\u2019in nik\u00e2hlar\u0131 k\u0131y\u0131ld\u0131. Sabahtan \u015fantiyeden<span class=\"excerpt-hellip\"> [\u2026]<\/span><\/p>\n","protected":false},"featured_media":0,"template":"","meta":{"_monsterinsights_skip_tracking":false,"_monsterinsights_sitenote_active":false,"_monsterinsights_sitenote_note":"","_monsterinsights_sitenote_category":0},"product_brand":[],"product_cat":[12291,12711],"product_tag":[],"class_list":{"0":"post-761215","1":"product","2":"type-product","3":"status-publish","5":"product_cat-edebiyat","6":"product_cat-roman-oyku","7":"pa_cilt-ciltsiz","8":"pa_tur-kitap","9":"pa_yayinevi-ithaki-yayinlari","10":"pa_yazar-tarik-dursun-k","12":"first","13":"instock","14":"sale","15":"shipping-taxable","16":"purchasable","17":"product-type-simple"},"_links":{"self":[{"href":"https:\/\/roveyayinevi.com.tr\/index.php\/wp-json\/wp\/v2\/product\/761215","targetHints":{"allow":["GET"]}}],"collection":[{"href":"https:\/\/roveyayinevi.com.tr\/index.php\/wp-json\/wp\/v2\/product"}],"about":[{"href":"https:\/\/roveyayinevi.com.tr\/index.php\/wp-json\/wp\/v2\/types\/product"}],"wp:attachment":[{"href":"https:\/\/roveyayinevi.com.tr\/index.php\/wp-json\/wp\/v2\/media?parent=761215"}],"wp:term":[{"taxonomy":"product_brand","embeddable":true,"href":"https:\/\/roveyayinevi.com.tr\/index.php\/wp-json\/wp\/v2\/product_brand?post=761215"},{"taxonomy":"product_cat","embeddable":true,"href":"https:\/\/roveyayinevi.com.tr\/index.php\/wp-json\/wp\/v2\/product_cat?post=761215"},{"taxonomy":"product_tag","embeddable":true,"href":"https:\/\/roveyayinevi.com.tr\/index.php\/wp-json\/wp\/v2\/product_tag?post=761215"}],"curies":[{"name":"wp","href":"https:\/\/api.w.org\/{rel}","templated":true}]}}