{"id":761214,"date":"2025-08-28T09:30:38","date_gmt":"2025-08-28T06:30:38","guid":{"rendered":"https:\/\/roveyayinevi.com.tr\/index.php\/urun\/hos-geldin-besinci-mevsimim\/"},"modified":"2026-04-16T03:14:45","modified_gmt":"2026-04-16T00:14:45","slug":"hos-geldin-besinci-mevsimim","status":"publish","type":"product","link":"https:\/\/roveyayinevi.com.tr\/index.php\/urun\/hos-geldin-besinci-mevsimim\/","title":{"rendered":"Ho\u015f Geldin Be\u015finci Mevsimim"},"content":{"rendered":"<p>Derin bir nefes almak gibidir ya\u015famak. Bazen tatl\u0131 sevimli mi sevimli, reng\u00e2renk bal\u0131k furyas\u0131; bazen kimsenin g\u00f6remedi\u011fi kayalar\u0131n ard\u0131nda saklanan tehlikeli k\u0131rm\u0131z\u0131 aslan bal\u0131\u011f\u0131, bazen de \u201cHadi haz\u0131r\u0131m ba\u015flayal\u0131m m\u00fccadelemize!\u201d diyen, dal\u0131\u015f yapt\u0131\u011f\u0131 sudan \u00e7\u0131kmak, rahat nefes almak isteyen bir v\u00fccut.   Bir melek bal\u0131\u011f\u0131 ge\u00e7ecek t\u00fcm g\u00fczelli\u011fiyle yan\u0131ndan. O da bal\u0131\u011f\u0131n pe\u015finden s\u00fcz\u00fclecek okyanusun derinlerine. T\u00f6kezleyecek de \u00e7o\u011fu kez. Kimi zaman y\u00fcr\u00fcyemedim, kimi zaman ko\u015famad\u0131m, kimi zaman yazamad\u0131m, kimi zaman d\u00fc\u015f\u00fcnemedim, kimi zaman g\u00f6remedim ama ben suyun derinliklerinden inanc\u0131mla \u00e7\u0131kmay\u0131 hep ba\u015fard\u0131m diyecek. Ve bundan sonra ba\u015f\u0131ma gelecek benzer durumlara kar\u015f\u0131 haz\u0131rlad\u0131m ruhumu. Beterin beteri vard\u0131r ya inanacak yine buna hem de en derinlerinden. Okyanusun derinlerinden g\u00fcvenle y\u00fczeye \u00e7\u0131kt\u0131\u011f\u0131nda art\u0131k hi\u00e7bir dalga ona hoyrat davranmayacak. Ve dura\u011fan okyanusun i\u00e7inde ya\u015fayacak hayalleri, umutlar\u0131 ve ba\u015fard\u0131klar\u0131yla.<\/p>\n","protected":false},"excerpt":{"rendered":"<p>Derin bir nefes almak gibidir ya\u015famak. Bazen tatl\u0131 sevimli mi sevimli, reng\u00e2renk bal\u0131k furyas\u0131; bazen kimsenin g\u00f6remedi\u011fi kayalar\u0131n ard\u0131nda saklanan tehlikeli k\u0131rm\u0131z\u0131 aslan bal\u0131\u011f\u0131, bazen de<span class=\"excerpt-hellip\"> [\u2026]<\/span><\/p>\n","protected":false},"featured_media":0,"template":"","meta":{"_monsterinsights_skip_tracking":false,"_monsterinsights_sitenote_active":false,"_monsterinsights_sitenote_note":"","_monsterinsights_sitenote_category":0},"product_brand":[],"product_cat":[12291,12711],"product_tag":[],"class_list":{"0":"post-761214","1":"product","2":"type-product","3":"status-publish","5":"product_cat-edebiyat","6":"product_cat-roman-oyku","7":"pa_cilt-ciltsiz","8":"pa_tur-kitap","9":"pa_yayinevi-perseus","10":"pa_yazar-busra-akcay-marasli","12":"first","13":"instock","14":"sale","15":"shipping-taxable","16":"purchasable","17":"product-type-simple"},"_links":{"self":[{"href":"https:\/\/roveyayinevi.com.tr\/index.php\/wp-json\/wp\/v2\/product\/761214","targetHints":{"allow":["GET"]}}],"collection":[{"href":"https:\/\/roveyayinevi.com.tr\/index.php\/wp-json\/wp\/v2\/product"}],"about":[{"href":"https:\/\/roveyayinevi.com.tr\/index.php\/wp-json\/wp\/v2\/types\/product"}],"wp:attachment":[{"href":"https:\/\/roveyayinevi.com.tr\/index.php\/wp-json\/wp\/v2\/media?parent=761214"}],"wp:term":[{"taxonomy":"product_brand","embeddable":true,"href":"https:\/\/roveyayinevi.com.tr\/index.php\/wp-json\/wp\/v2\/product_brand?post=761214"},{"taxonomy":"product_cat","embeddable":true,"href":"https:\/\/roveyayinevi.com.tr\/index.php\/wp-json\/wp\/v2\/product_cat?post=761214"},{"taxonomy":"product_tag","embeddable":true,"href":"https:\/\/roveyayinevi.com.tr\/index.php\/wp-json\/wp\/v2\/product_tag?post=761214"}],"curies":[{"name":"wp","href":"https:\/\/api.w.org\/{rel}","templated":true}]}}