{"id":761213,"date":"2025-08-28T09:30:36","date_gmt":"2025-08-28T06:30:36","guid":{"rendered":"https:\/\/roveyayinevi.com.tr\/index.php\/urun\/mavi-cehennet\/"},"modified":"2026-04-16T03:14:45","modified_gmt":"2026-04-16T00:14:45","slug":"mavi-cehennet","status":"publish","type":"product","link":"https:\/\/roveyayinevi.com.tr\/index.php\/urun\/mavi-cehennet\/","title":{"rendered":"Mavi Cehennet"},"content":{"rendered":"<p>\u201cK\u00fcl rengi bulutlarla kapl\u0131 g\u00f6ky\u00fcz\u00fc suyun rengini de karartt\u0131. Dalgalar h\u0131r\u00e7\u0131nla\u015ft\u0131k\u00e7a denizin di\u015fleri gibi g\u00f6r\u00fcn\u00fcyordu yer yer k\u00f6p\u00fckler. Su birden yar\u0131ld\u0131. Denizin di\u015flerinden daha keskin, daha korkun\u00e7 di\u015fler g\u00f6r\u00fcnd\u00fc yar\u0131lan suyun \u00fcst\u00fcnde. Zavall\u0131 fok kendisini birka\u00e7 metre y\u00fcksekte buldu ve daha ne oldu\u011funu anlayamadan ayn\u0131 keskin di\u015flerle birlikte serin sular\u0131n derinliklerine g\u00f6m\u00fcld\u00fc. B\u00fcy\u00fck beyaz k\u00f6pek bal\u0131\u011f\u0131, dinozor \u00e7a\u011f\u0131ndan kalma bir canavar gibi kendisini bir anl\u0131\u011f\u0131na g\u00f6stermi\u015f, av\u0131yla birlikte yine saniyeler i\u00e7inde kaybolmu\u015ftu. Suyun \u00fcst\u00fc tekrar eski dinginli\u011fine kavu\u015ftu. Dalgalar, b\u00fcy\u00fck bir trajedinin arkas\u0131ndan h\u0131zl\u0131ca kapanan perde gibi her \u015feyi gizleyivermi\u015fti. Bu b\u00fcy\u00fck g\u00f6steriye \u015fahit olan mart\u0131lara, albatroslara tebrik \u00e7\u0131\u011fl\u0131\u011f\u0131, co\u015fku sa\u011fana\u011f\u0131 f\u0131rsat\u0131 bile vermemi\u015fti i\u00e7e d\u00f6n\u00fck deniz. Bir varm\u0131\u015f bir yokmu\u015f oldu yavru fok.\u201d   Nuh \u00d6zt\u00fcrk, Mavi Cehennet ile denizin derinliklerini seriyor \u00f6n\u00fcm\u00fcze. Yunuslardan yenge\u00e7lere, k\u00f6pek bal\u0131klar\u0131ndan ahtapotlara, deniz kaplumba\u011falar\u0131ndan orfozlara kadar bir\u00e7ok su alt\u0131 t\u00fcr\u00fcyle kar\u015f\u0131la\u015f\u0131yoruz bu distopik romanda. Y\u00f6netenlerle y\u00f6netilenlerin, avc\u0131larla avlananlar\u0131n, b\u00fcy\u00fck bal\u0131kla k\u00fc\u00e7\u00fck bal\u0131\u011f\u0131n ezel\u00ee hik\u00e2yesidir bu. Is\u0131nan suya, kirlenen k\u0131y\u0131lara, nesli t\u00fckenmekte olan t\u00fcrlere a\u011f\u0131tt\u0131r ayn\u0131 zamanda. Roman\u0131n her b\u00f6l\u00fcm\u00fcnde farkl\u0131 su alt\u0131 sakinleri \u00e2deta cennetle cehennem aras\u0131ndaki ak\u0131nt\u0131da s\u00fcr\u00fcklenir. Akarsu a\u011fz\u0131 kadar bulan\u0131k, tropik sular kadar berrak, mavi cehennette.<\/p>\n","protected":false},"excerpt":{"rendered":"<p>\u201cK\u00fcl rengi bulutlarla kapl\u0131 g\u00f6ky\u00fcz\u00fc suyun rengini de karartt\u0131. Dalgalar h\u0131r\u00e7\u0131nla\u015ft\u0131k\u00e7a denizin di\u015fleri gibi g\u00f6r\u00fcn\u00fcyordu yer yer k\u00f6p\u00fckler. Su birden yar\u0131ld\u0131. Denizin di\u015flerinden daha keskin, daha<span class=\"excerpt-hellip\"> [\u2026]<\/span><\/p>\n","protected":false},"featured_media":0,"template":"","meta":{"_monsterinsights_skip_tracking":false,"_monsterinsights_sitenote_active":false,"_monsterinsights_sitenote_note":"","_monsterinsights_sitenote_category":0},"product_brand":[],"product_cat":[12291,12711],"product_tag":[],"class_list":{"0":"post-761213","1":"product","2":"type-product","3":"status-publish","5":"product_cat-edebiyat","6":"product_cat-roman-oyku","7":"pa_cilt-ciltsiz","8":"pa_tur-kitap","9":"pa_yayinevi-elpis-yayinlari","10":"pa_yazar-nuh-ozturk","12":"first","13":"instock","14":"sale","15":"shipping-taxable","16":"purchasable","17":"product-type-simple"},"_links":{"self":[{"href":"https:\/\/roveyayinevi.com.tr\/index.php\/wp-json\/wp\/v2\/product\/761213","targetHints":{"allow":["GET"]}}],"collection":[{"href":"https:\/\/roveyayinevi.com.tr\/index.php\/wp-json\/wp\/v2\/product"}],"about":[{"href":"https:\/\/roveyayinevi.com.tr\/index.php\/wp-json\/wp\/v2\/types\/product"}],"wp:attachment":[{"href":"https:\/\/roveyayinevi.com.tr\/index.php\/wp-json\/wp\/v2\/media?parent=761213"}],"wp:term":[{"taxonomy":"product_brand","embeddable":true,"href":"https:\/\/roveyayinevi.com.tr\/index.php\/wp-json\/wp\/v2\/product_brand?post=761213"},{"taxonomy":"product_cat","embeddable":true,"href":"https:\/\/roveyayinevi.com.tr\/index.php\/wp-json\/wp\/v2\/product_cat?post=761213"},{"taxonomy":"product_tag","embeddable":true,"href":"https:\/\/roveyayinevi.com.tr\/index.php\/wp-json\/wp\/v2\/product_tag?post=761213"}],"curies":[{"name":"wp","href":"https:\/\/api.w.org\/{rel}","templated":true}]}}