{"id":761212,"date":"2025-08-28T09:30:34","date_gmt":"2025-08-28T06:30:34","guid":{"rendered":"https:\/\/roveyayinevi.com.tr\/index.php\/urun\/bahire\/"},"modified":"2026-04-16T03:14:45","modified_gmt":"2026-04-16T00:14:45","slug":"bahire","status":"publish","type":"product","link":"https:\/\/roveyayinevi.com.tr\/index.php\/urun\/bahire\/","title":{"rendered":"Bahire"},"content":{"rendered":"<p>Osmanl\u0131&#8217;n\u0131n son d\u00f6nemleri ile Cumhuriyet y\u0131llar\u0131nda ya\u015fayan Bahire&#8217;nin \u00f6yk\u00fcs\u00fc. \u0130stanbullu sorgu hakimi bir baba ile Kastamonulu bir annenin k\u0131z\u0131 olan Bahire&#8217;nin okuma a\u015fk\u0131, babas\u0131n\u0131n destekleriyle \u00f6\u011fretmen olu\u015fu, evlili\u011fi ile birlikte bask\u0131lara boyun e\u011fmek zorunda kal\u0131\u015f\u0131 ve verdi\u011fi m\u00fccadele&#8230;   ***   \u201cBir \u00f6mr\u00fcn anlat\u0131ld\u0131\u011f\u0131 roman, d\u00f6nemin tarihi dokusunu ve y\u00f6resel renklerini de s\u00fcr\u00fckleyici bir lezzetle veriyor.\u201d<\/p>\n","protected":false},"excerpt":{"rendered":"<p>Osmanl\u0131&#8217;n\u0131n son d\u00f6nemleri ile Cumhuriyet y\u0131llar\u0131nda ya\u015fayan Bahire&#8217;nin \u00f6yk\u00fcs\u00fc. \u0130stanbullu sorgu hakimi bir baba ile Kastamonulu bir annenin k\u0131z\u0131 olan Bahire&#8217;nin okuma a\u015fk\u0131, babas\u0131n\u0131n destekleriyle \u00f6\u011fretmen<span class=\"excerpt-hellip\"> [\u2026]<\/span><\/p>\n","protected":false},"featured_media":0,"template":"","meta":{"_monsterinsights_skip_tracking":false,"_monsterinsights_sitenote_active":false,"_monsterinsights_sitenote_note":"","_monsterinsights_sitenote_category":0},"product_brand":[],"product_cat":[12291,12711],"product_tag":[],"class_list":{"0":"post-761212","1":"product","2":"type-product","3":"status-publish","5":"product_cat-edebiyat","6":"product_cat-roman-oyku","7":"pa_cilt-ciltsiz","8":"pa_tur-kitap","9":"pa_yayinevi-elpis-yayinlari","10":"pa_yazar-nazan-nalcaci","12":"first","13":"instock","14":"sale","15":"shipping-taxable","16":"purchasable","17":"product-type-simple"},"_links":{"self":[{"href":"https:\/\/roveyayinevi.com.tr\/index.php\/wp-json\/wp\/v2\/product\/761212","targetHints":{"allow":["GET"]}}],"collection":[{"href":"https:\/\/roveyayinevi.com.tr\/index.php\/wp-json\/wp\/v2\/product"}],"about":[{"href":"https:\/\/roveyayinevi.com.tr\/index.php\/wp-json\/wp\/v2\/types\/product"}],"wp:attachment":[{"href":"https:\/\/roveyayinevi.com.tr\/index.php\/wp-json\/wp\/v2\/media?parent=761212"}],"wp:term":[{"taxonomy":"product_brand","embeddable":true,"href":"https:\/\/roveyayinevi.com.tr\/index.php\/wp-json\/wp\/v2\/product_brand?post=761212"},{"taxonomy":"product_cat","embeddable":true,"href":"https:\/\/roveyayinevi.com.tr\/index.php\/wp-json\/wp\/v2\/product_cat?post=761212"},{"taxonomy":"product_tag","embeddable":true,"href":"https:\/\/roveyayinevi.com.tr\/index.php\/wp-json\/wp\/v2\/product_tag?post=761212"}],"curies":[{"name":"wp","href":"https:\/\/api.w.org\/{rel}","templated":true}]}}