{"id":761211,"date":"2025-08-28T09:30:31","date_gmt":"2025-08-28T06:30:31","guid":{"rendered":"https:\/\/roveyayinevi.com.tr\/index.php\/urun\/kudret-2\/"},"modified":"2026-04-16T03:14:45","modified_gmt":"2026-04-16T00:14:45","slug":"kudret-2","status":"publish","type":"product","link":"https:\/\/roveyayinevi.com.tr\/index.php\/urun\/kudret-2\/","title":{"rendered":"Kudret"},"content":{"rendered":"<p>Kudret, e\u015fiyle muhte\u015fem bir hayat ya\u015f\u0131yordu. O gece de olduk\u00e7a \u00f6zel idi hem Kudret hem de Esra i\u00e7in. Birlikteydiler, mutluydular, heyecanl\u0131yd\u0131lar. Yoksa bu bir yan\u0131lsamadan m\u0131 ibaretti? Unutulmayacak bir gece ge\u00e7irdiklerini d\u00fc\u015f\u00fcnd\u00fckleri g\u00fcn, onlar i\u00e7in farkl\u0131 bir d\u00fcnyan\u0131n habercisi olacakt\u0131.   Kudret kimdi? Ger\u00e7ekten Kudret kimdi? Ya\u015fad\u0131\u011f\u0131 hayat onun se\u00e7imi miydi, yoksa verilen bir hayat\u0131 m\u0131 ya\u015f\u0131yordu?   Daha kitab\u0131n ilk sat\u0131rlar\u0131nda bir\u00e7ok soru ile kar\u015f\u0131 kar\u015f\u0131ya kalman\u0131z\u0131 sa\u011flayan bu kitap, size ger\u00e7ekli\u011fi sorgulatacak. Sayfalar aras\u0131ndaki heyecanl\u0131 ge\u00e7i\u015fler sonras\u0131nda, hi\u00e7 bilmedi\u011finiz bir sona ula\u015facaks\u0131n\u0131z.<\/p>\n","protected":false},"excerpt":{"rendered":"<p>Kudret, e\u015fiyle muhte\u015fem bir hayat ya\u015f\u0131yordu. O gece de olduk\u00e7a \u00f6zel idi hem Kudret hem de Esra i\u00e7in. Birlikteydiler, mutluydular, heyecanl\u0131yd\u0131lar. Yoksa bu bir yan\u0131lsamadan m\u0131<span class=\"excerpt-hellip\"> [\u2026]<\/span><\/p>\n","protected":false},"featured_media":0,"template":"","meta":{"_monsterinsights_skip_tracking":false,"_monsterinsights_sitenote_active":false,"_monsterinsights_sitenote_note":"","_monsterinsights_sitenote_category":0},"product_brand":[],"product_cat":[12291,12711],"product_tag":[],"class_list":{"0":"post-761211","1":"product","2":"type-product","3":"status-publish","5":"product_cat-edebiyat","6":"product_cat-roman-oyku","7":"pa_cilt-ciltsiz","8":"pa_tur-kitap","9":"pa_yayinevi-elpis-yayinlari","10":"pa_yazar-umut-ozdemir","12":"first","13":"instock","14":"sale","15":"shipping-taxable","16":"purchasable","17":"product-type-simple"},"_links":{"self":[{"href":"https:\/\/roveyayinevi.com.tr\/index.php\/wp-json\/wp\/v2\/product\/761211","targetHints":{"allow":["GET"]}}],"collection":[{"href":"https:\/\/roveyayinevi.com.tr\/index.php\/wp-json\/wp\/v2\/product"}],"about":[{"href":"https:\/\/roveyayinevi.com.tr\/index.php\/wp-json\/wp\/v2\/types\/product"}],"wp:attachment":[{"href":"https:\/\/roveyayinevi.com.tr\/index.php\/wp-json\/wp\/v2\/media?parent=761211"}],"wp:term":[{"taxonomy":"product_brand","embeddable":true,"href":"https:\/\/roveyayinevi.com.tr\/index.php\/wp-json\/wp\/v2\/product_brand?post=761211"},{"taxonomy":"product_cat","embeddable":true,"href":"https:\/\/roveyayinevi.com.tr\/index.php\/wp-json\/wp\/v2\/product_cat?post=761211"},{"taxonomy":"product_tag","embeddable":true,"href":"https:\/\/roveyayinevi.com.tr\/index.php\/wp-json\/wp\/v2\/product_tag?post=761211"}],"curies":[{"name":"wp","href":"https:\/\/api.w.org\/{rel}","templated":true}]}}