{"id":761206,"date":"2025-08-28T09:30:23","date_gmt":"2025-08-28T06:30:23","guid":{"rendered":"https:\/\/roveyayinevi.com.tr\/index.php\/urun\/cocuklar-0-18-icin-kulturel-miras-calismalari-calistayi-iii-kitap-cizgi-roman-ve-fotograf-bildiriler\/"},"modified":"2026-04-16T03:14:45","modified_gmt":"2026-04-16T00:14:45","slug":"cocuklar-0-18-icin-kulturel-miras-calismalari-calistayi-iii-kitap-cizgi-roman-ve-fotograf-bildiriler","status":"publish","type":"product","link":"https:\/\/roveyayinevi.com.tr\/index.php\/urun\/cocuklar-0-18-icin-kulturel-miras-calismalari-calistayi-iii-kitap-cizgi-roman-ve-fotograf-bildiriler\/","title":{"rendered":"\u00c7ocuklar (0-18) \u0130\u00e7in K\u00fclt\u00fcrel Miras \u00c7al\u0131\u015fmalar\u0131 \u00c7al\u0131\u015ftay\u0131 III:  Kitap, \u00c7izgi Roman ve Foto\u011fraf Bildiriler"},"content":{"rendered":"<p>\u00c7i\u011fdem Maner ve \u00d6zlem Dengiz U\u011fur taraf\u0131ndan yay\u0131na haz\u0131rlanan kitap, T\u00fcrkiye\u2019de bu konuda \u00e7al\u0131\u015fanlar i\u00e7in yeni fikirlerin olu\u015fmas\u0131 ve s\u00fcrd\u00fcrebilir k\u00fclt\u00fcrel miras e\u011fitiminin desteklenmesi amac\u0131yla, VEKAM taraf\u0131ndan 2-3 Kas\u0131m 2022 tarihlerinde ger\u00e7ekle\u015ftirilen \u00c7ocuklar i\u00e7in K\u00fclt\u00fcrel Miras \u00c7al\u0131\u015fmalar\u0131 \u00c7al\u0131\u015ftay\u0131 III: Kitap, \u00c7izgi Roman ve Foto\u011fraf  adl\u0131 \u00e7al\u0131\u015ftayda sunulan bildirileri i\u00e7ermektedir. \u00c7al\u0131\u015ftay \u00f6zelinde; k\u00fclt\u00fcrel miras alanlar\u0131nda ger\u00e7ekle\u015ftirilen uygulamal\u0131 projelerin yan\u0131 s\u0131ra bu \u00e7al\u0131\u015fmalar\u0131 destekleyici ve peki\u015ftirici her t\u00fcrl\u00fc bas\u0131l\u0131 kitap, \u00e7izgi roman ve foto\u011fraf \u00e7al\u0131\u015fmalar\u0131ndan \u00f6rnekler ele al\u0131nm\u0131\u015f ve de\u011ferlendirilmi\u015ftir.Kitap, \u00e7ocuklara y\u00f6nelik k\u00fclt\u00fcrel miras e\u011fitimi \u00e7al\u0131\u015fmalar\u0131 y\u00fcr\u00fcten uzmanlar i\u00e7in \u00f6rnekler geli\u015ftirebilecekleri bir ba\u015fvuru kayna\u011f\u0131 olacakt\u0131r.<\/p>\n","protected":false},"excerpt":{"rendered":"<p>\u00c7i\u011fdem Maner ve \u00d6zlem Dengiz U\u011fur taraf\u0131ndan yay\u0131na haz\u0131rlanan kitap, T\u00fcrkiye\u2019de bu konuda \u00e7al\u0131\u015fanlar i\u00e7in yeni fikirlerin olu\u015fmas\u0131 ve s\u00fcrd\u00fcrebilir k\u00fclt\u00fcrel miras e\u011fitiminin desteklenmesi amac\u0131yla, VEKAM<span class=\"excerpt-hellip\"> [\u2026]<\/span><\/p>\n","protected":false},"featured_media":0,"template":"","meta":{"_monsterinsights_skip_tracking":false,"_monsterinsights_sitenote_active":false,"_monsterinsights_sitenote_note":"","_monsterinsights_sitenote_category":0},"product_brand":[],"product_cat":[12365,12364],"product_tag":[],"class_list":{"0":"post-761206","1":"product","2":"type-product","3":"status-publish","5":"product_cat-diger-genel-konular","6":"product_cat-genel-konular","7":"pa_cilt-ciltsiz","8":"pa_tur-kitap","9":"pa_yayinevi-vekam-koc-universitesi-vehbi-koc-ankara-arastirmalari-uygulama-ve-arastirma-merkezi","10":"pa_yazar-cigdem-maner-ozlem-deniz-ugur","12":"first","13":"instock","14":"sale","15":"shipping-taxable","16":"purchasable","17":"product-type-simple"},"_links":{"self":[{"href":"https:\/\/roveyayinevi.com.tr\/index.php\/wp-json\/wp\/v2\/product\/761206","targetHints":{"allow":["GET"]}}],"collection":[{"href":"https:\/\/roveyayinevi.com.tr\/index.php\/wp-json\/wp\/v2\/product"}],"about":[{"href":"https:\/\/roveyayinevi.com.tr\/index.php\/wp-json\/wp\/v2\/types\/product"}],"wp:attachment":[{"href":"https:\/\/roveyayinevi.com.tr\/index.php\/wp-json\/wp\/v2\/media?parent=761206"}],"wp:term":[{"taxonomy":"product_brand","embeddable":true,"href":"https:\/\/roveyayinevi.com.tr\/index.php\/wp-json\/wp\/v2\/product_brand?post=761206"},{"taxonomy":"product_cat","embeddable":true,"href":"https:\/\/roveyayinevi.com.tr\/index.php\/wp-json\/wp\/v2\/product_cat?post=761206"},{"taxonomy":"product_tag","embeddable":true,"href":"https:\/\/roveyayinevi.com.tr\/index.php\/wp-json\/wp\/v2\/product_tag?post=761206"}],"curies":[{"name":"wp","href":"https:\/\/api.w.org\/{rel}","templated":true}]}}