{"id":761203,"date":"2025-08-28T09:30:17","date_gmt":"2025-08-28T06:30:17","guid":{"rendered":"https:\/\/roveyayinevi.com.tr\/index.php\/urun\/huzuru-bozmak\/"},"modified":"2026-04-16T03:14:45","modified_gmt":"2026-04-16T00:14:45","slug":"huzuru-bozmak","status":"publish","type":"product","link":"https:\/\/roveyayinevi.com.tr\/index.php\/urun\/huzuru-bozmak\/","title":{"rendered":"Huzuru Bozmak"},"content":{"rendered":"<p>John Wilder Amerikan R\u00fcyas\u0131\u2019n\u0131 ger\u00e7ekle\u015ftirmi\u015f oldu\u011funadair i\u015faretlerle \u00e7evrilidir: \u0130yi para kazand\u0131ran bir i\u015f, sevgi dolu bir aile, g\u00fczel bir ev. Ancak bu par\u0131lt\u0131l\u0131 y\u00fczeyin alt\u0131nda ters giden bir \u015feyler vard\u0131r. D\u00fc\u015fledikleriyle ger\u00e7eklik aras\u0131ndaki mesafe a\u00e7\u0131ld\u0131k\u00e7a Wilder i\u00e7inde b\u00fcy\u00fcyen \u00f6fkeyi bast\u0131rmak i\u00e7in gizli ili\u015fkilere, alkole ve ba\u015fka t\u00fcrl\u00fc bir ya\u015fam s\u00fcrme hayallerine s\u0131\u011f\u0131n\u0131r. Ama y\u0131llar i\u00e7inde kurulmu\u015f hassas dengeler bir kez bozulmayag\u00f6rs\u00fcn, geriye d\u00f6nmek hi\u00e7 kolay de\u011fildir.   Orta s\u0131n\u0131f hayat\u0131na dair keskin g\u00f6zlemleriyle tan\u0131nan Richard Yates, Huzuru Bozmak\u2019ta So\u011fuk Sava\u015f fonunda geli\u015fen bir aray\u0131\u015f ve kaybolu\u015f hik\u00e2yesi anlat\u0131yor.       Richard Yates, Amerikal\u0131 yazarlar\u0131n en hakikilerinden biri. Gina Berriault     Yates kusursuz bir realist; Hemingway\u2019in alabildi\u011fine yal\u0131n \u00fcslubunun do\u011fal miras\u00e7\u0131s\u0131, Carver\u2019\u0131n d\u00fcz minimalizminin \u00f6nc\u00fcs\u00fc. Kate Atkinson   <\/p>\n","protected":false},"excerpt":{"rendered":"<p>John Wilder Amerikan R\u00fcyas\u0131\u2019n\u0131 ger\u00e7ekle\u015ftirmi\u015f oldu\u011funadair i\u015faretlerle \u00e7evrilidir: \u0130yi para kazand\u0131ran bir i\u015f, sevgi dolu bir aile, g\u00fczel bir ev. Ancak bu par\u0131lt\u0131l\u0131 y\u00fczeyin alt\u0131nda ters<span class=\"excerpt-hellip\"> [\u2026]<\/span><\/p>\n","protected":false},"featured_media":0,"template":"","meta":{"_monsterinsights_skip_tracking":false,"_monsterinsights_sitenote_active":false,"_monsterinsights_sitenote_note":"","_monsterinsights_sitenote_category":0},"product_brand":[],"product_cat":[12291,12711],"product_tag":[],"class_list":{"0":"post-761203","1":"product","2":"type-product","3":"status-publish","5":"product_cat-edebiyat","6":"product_cat-roman-oyku","7":"pa_cilt-ciltsiz","8":"pa_tur-kitap","9":"pa_yayinevi-yapi-kredi-yayinlari","10":"pa_yazar-richard-yates","12":"first","13":"instock","14":"sale","15":"shipping-taxable","16":"purchasable","17":"product-type-simple"},"_links":{"self":[{"href":"https:\/\/roveyayinevi.com.tr\/index.php\/wp-json\/wp\/v2\/product\/761203","targetHints":{"allow":["GET"]}}],"collection":[{"href":"https:\/\/roveyayinevi.com.tr\/index.php\/wp-json\/wp\/v2\/product"}],"about":[{"href":"https:\/\/roveyayinevi.com.tr\/index.php\/wp-json\/wp\/v2\/types\/product"}],"wp:attachment":[{"href":"https:\/\/roveyayinevi.com.tr\/index.php\/wp-json\/wp\/v2\/media?parent=761203"}],"wp:term":[{"taxonomy":"product_brand","embeddable":true,"href":"https:\/\/roveyayinevi.com.tr\/index.php\/wp-json\/wp\/v2\/product_brand?post=761203"},{"taxonomy":"product_cat","embeddable":true,"href":"https:\/\/roveyayinevi.com.tr\/index.php\/wp-json\/wp\/v2\/product_cat?post=761203"},{"taxonomy":"product_tag","embeddable":true,"href":"https:\/\/roveyayinevi.com.tr\/index.php\/wp-json\/wp\/v2\/product_tag?post=761203"}],"curies":[{"name":"wp","href":"https:\/\/api.w.org\/{rel}","templated":true}]}}