{"id":761202,"date":"2025-08-28T09:30:16","date_gmt":"2025-08-28T06:30:16","guid":{"rendered":"https:\/\/roveyayinevi.com.tr\/index.php\/urun\/kelile-ve-dimne-6\/"},"modified":"2026-04-16T03:14:45","modified_gmt":"2026-04-16T00:14:45","slug":"kelile-ve-dimne-6","status":"publish","type":"product","link":"https:\/\/roveyayinevi.com.tr\/index.php\/urun\/kelile-ve-dimne-6\/","title":{"rendered":"Kelile ve Dimne"},"content":{"rendered":"<p>Do\u011fu&#8217;nun masal gelene\u011finden e\u015fsiz bir \u00f6rnek! Eski Hint bilgesi Beydeba&#8217;n\u0131n bir \u015faheseri olan Kelile ve Dimne, ad\u0131n\u0131 iki \u00e7akaldan al\u0131yor. Bu \u00e7akallardan Kelile d\u00fcr\u00fcstl\u00fc\u011f\u00fc, Dimne ise hilebazl\u0131\u011f\u0131 simgeliyor. Hangisinin sonu nas\u0131l oluyor derseniz, bunu \u201cAslan ile \u00d6k\u00fcz\u201d masal\u0131n\u0131 okuyunca zaten \u00f6\u011freneceksiniz. <\/p>\n","protected":false},"excerpt":{"rendered":"<p>Do\u011fu&#8217;nun masal gelene\u011finden e\u015fsiz bir \u00f6rnek! Eski Hint bilgesi Beydeba&#8217;n\u0131n bir \u015faheseri olan Kelile ve Dimne, ad\u0131n\u0131 iki \u00e7akaldan al\u0131yor. Bu \u00e7akallardan Kelile d\u00fcr\u00fcstl\u00fc\u011f\u00fc, Dimne ise<span class=\"excerpt-hellip\"> [\u2026]<\/span><\/p>\n","protected":false},"featured_media":0,"template":"","meta":{"_monsterinsights_skip_tracking":false,"_monsterinsights_sitenote_active":false,"_monsterinsights_sitenote_note":"","_monsterinsights_sitenote_category":0},"product_brand":[],"product_cat":[44608,12408],"product_tag":[],"class_list":{"0":"post-761202","1":"product","2":"type-product","3":"status-publish","5":"product_cat-diger-sanat","6":"product_cat-sanat","7":"pa_cilt-ciltsiz","8":"pa_tur-kitap","9":"pa_yayinevi-yapi-kredi-yayinlari-sanat","10":"pa_yazar-faruk-duman","12":"first","13":"instock","14":"sale","15":"shipping-taxable","16":"purchasable","17":"product-type-simple"},"_links":{"self":[{"href":"https:\/\/roveyayinevi.com.tr\/index.php\/wp-json\/wp\/v2\/product\/761202","targetHints":{"allow":["GET"]}}],"collection":[{"href":"https:\/\/roveyayinevi.com.tr\/index.php\/wp-json\/wp\/v2\/product"}],"about":[{"href":"https:\/\/roveyayinevi.com.tr\/index.php\/wp-json\/wp\/v2\/types\/product"}],"wp:attachment":[{"href":"https:\/\/roveyayinevi.com.tr\/index.php\/wp-json\/wp\/v2\/media?parent=761202"}],"wp:term":[{"taxonomy":"product_brand","embeddable":true,"href":"https:\/\/roveyayinevi.com.tr\/index.php\/wp-json\/wp\/v2\/product_brand?post=761202"},{"taxonomy":"product_cat","embeddable":true,"href":"https:\/\/roveyayinevi.com.tr\/index.php\/wp-json\/wp\/v2\/product_cat?post=761202"},{"taxonomy":"product_tag","embeddable":true,"href":"https:\/\/roveyayinevi.com.tr\/index.php\/wp-json\/wp\/v2\/product_tag?post=761202"}],"curies":[{"name":"wp","href":"https:\/\/api.w.org\/{rel}","templated":true}]}}