{"id":761199,"date":"2025-08-28T09:30:10","date_gmt":"2025-08-28T06:30:10","guid":{"rendered":"https:\/\/roveyayinevi.com.tr\/index.php\/urun\/dusun-bihter-seni-deliler-gibi\/"},"modified":"2026-04-16T03:14:45","modified_gmt":"2026-04-16T00:14:45","slug":"dusun-bihter-seni-deliler-gibi","status":"publish","type":"product","link":"https:\/\/roveyayinevi.com.tr\/index.php\/urun\/dusun-bihter-seni-deliler-gibi\/","title":{"rendered":"D\u00fc\u015f\u00fcn Bihter Seni Deliler Gibi"},"content":{"rendered":"<p>Onur Caymaz, 2016\u2019da ba\u015flad\u0131\u011f\u0131 ko\u015fuyu tamaml\u0131yor: \u201cAylak okur\u201dla bir edebiyat s\u00f6yle\u015fisi tutturan, yazarlar, kitaplar, kelimeler, filmler, dergiler ve \u015fark\u0131larla dolu deneme serisi, Hat\u0131rla Barbara Ya\u011fmur Ya\u011f\u0131yordu, S\u00f6yle Juliet Sana Ne Yapt\u0131m ve nihayet D\u00fc\u015f\u00fcn Bihter Seni Deliler Gibi ile son buluyor. Birbirinden ba\u011f\u0131ms\u0131z, toplamda bin sayfal\u0131k \u00fc\u00e7 cilt, \u00fc\u00e7 y\u00fcz metin. Yaz\u0131ya otuz y\u0131ld\u0131r \u015fiir, roman, hik\u00e2ye, deneme demeden, bin emekle \u00e7al\u0131\u015fan; durmadan arayan, d\u00fc\u015f\u00fcnd\u00fc\u011f\u00fcn\u00fc s\u00f6ylemekten ka\u00e7\u0131nmayan bir yazar\u0131n edebiyata, hayata duydu\u011fu sonsuz a\u015fk. Bu i\u015fin b\u00fcy\u00fck ustalar\u0131; Ahmet Rasimlere, Sermet Muhtarlara, Hulki Aktun\u00e7lara, Sal\u00e2h Birsellere, Selim \u0130lerilere, Haldun Tanerlere sayg\u0131. \u0130yi edebiyat\u0131n, s\u0131rt\u0131ndaki \u00fcrperti oldu\u011funu bilenlere ince bir selam&#8230; \u201cKitaptaki her bir yaz\u0131 ruhunuza iyi, hem de \u00e7ok iyi gelecek&#8230; Sabah, \u00f6\u011fle, ak\u015fam&#8230; G\u00fczel bir kitap okumaya a\u00e7 kald\u0131\u011f\u0131n\u0131zda!\u201d Sunay Ak\u0131n <\/p>\n","protected":false},"excerpt":{"rendered":"<p>Onur Caymaz, 2016\u2019da ba\u015flad\u0131\u011f\u0131 ko\u015fuyu tamaml\u0131yor: \u201cAylak okur\u201dla bir edebiyat s\u00f6yle\u015fisi tutturan, yazarlar, kitaplar, kelimeler, filmler, dergiler ve \u015fark\u0131larla dolu deneme serisi, Hat\u0131rla Barbara Ya\u011fmur Ya\u011f\u0131yordu,<span class=\"excerpt-hellip\"> [\u2026]<\/span><\/p>\n","protected":false},"featured_media":0,"template":"","meta":{"_monsterinsights_skip_tracking":false,"_monsterinsights_sitenote_active":false,"_monsterinsights_sitenote_note":"","_monsterinsights_sitenote_category":0},"product_brand":[],"product_cat":[12291],"product_tag":[],"class_list":{"0":"post-761199","1":"product","2":"type-product","3":"status-publish","5":"product_cat-edebiyat","6":"pa_cilt-ciltsiz","7":"pa_tur-kitap","8":"pa_yayinevi-kirmizi-kedi-yayinevi","9":"pa_yazar-onur-caymaz","11":"first","12":"instock","13":"sale","14":"shipping-taxable","15":"purchasable","16":"product-type-simple"},"_links":{"self":[{"href":"https:\/\/roveyayinevi.com.tr\/index.php\/wp-json\/wp\/v2\/product\/761199","targetHints":{"allow":["GET"]}}],"collection":[{"href":"https:\/\/roveyayinevi.com.tr\/index.php\/wp-json\/wp\/v2\/product"}],"about":[{"href":"https:\/\/roveyayinevi.com.tr\/index.php\/wp-json\/wp\/v2\/types\/product"}],"wp:attachment":[{"href":"https:\/\/roveyayinevi.com.tr\/index.php\/wp-json\/wp\/v2\/media?parent=761199"}],"wp:term":[{"taxonomy":"product_brand","embeddable":true,"href":"https:\/\/roveyayinevi.com.tr\/index.php\/wp-json\/wp\/v2\/product_brand?post=761199"},{"taxonomy":"product_cat","embeddable":true,"href":"https:\/\/roveyayinevi.com.tr\/index.php\/wp-json\/wp\/v2\/product_cat?post=761199"},{"taxonomy":"product_tag","embeddable":true,"href":"https:\/\/roveyayinevi.com.tr\/index.php\/wp-json\/wp\/v2\/product_tag?post=761199"}],"curies":[{"name":"wp","href":"https:\/\/api.w.org\/{rel}","templated":true}]}}