{"id":761198,"date":"2025-08-28T09:30:09","date_gmt":"2025-08-28T06:30:09","guid":{"rendered":"https:\/\/roveyayinevi.com.tr\/index.php\/urun\/100-yil-cumhuriyet-alfabesi\/"},"modified":"2026-04-16T03:14:45","modified_gmt":"2026-04-16T00:14:45","slug":"100-yil-cumhuriyet-alfabesi","status":"publish","type":"product","link":"https:\/\/roveyayinevi.com.tr\/index.php\/urun\/100-yil-cumhuriyet-alfabesi\/","title":{"rendered":"100. Y\u0131l Cumhuriyet Alfabesi"},"content":{"rendered":"<p>Y\u00fcz y\u0131l\u0131 geride b\u0131rak\u0131p ikinci y\u00fcz y\u0131l\u0131n ilk g\u00fcnlerini ya\u015f\u0131yor T\u00fcrkiye Cumhuriyeti. Haydar Erg\u00fclen de kendi merce\u011finden geride b\u0131rakt\u0131\u011f\u0131m\u0131z y\u00fcz y\u0131la bak\u0131yor. Bu kez, A\u2019dan Z\u2019ye bir l\u00fcgat\u00e7e ile\u2026 100. Y\u0131l Cumhuriyet Alfabesinde Erg\u00fclen Ankara\u2019dan kalkan tramvayla yurt sath\u0131na uzan\u0131yor. \u0130zmir Fuar\u0131\u2019nda sahneyi yeniden kuruyor. Ulus Meydan\u0131\u2019ndan Taksim Meydan\u0131\u2019na simge meydanlar\u0131 ve burada ya\u015fananlar\u0131 yaz\u0131yor. Bomonti Bira Fabrikas\u0131\u2019na u\u011fray\u0131p ak\u015fam serinli\u011finde i\u00e7imizi ferahlat\u0131yor. Siyasetten g\u00fcndelik hayata, sanattan yak\u0131n tarihin travmalar\u0131na yeni bir \u201cs\u00f6zl\u00fck\u201d kuruyor. Kimler yok ki\u2026 Ecevit, (\u00c7oban) S\u00fcl\u00fc, \u00c2\u015f\u0131k Veysel, N\u00e2z\u0131m, Zeki M\u00fcren\u2026 Nice zorluklarla kurulan Cumhuriyet\u2019in \u00c7orum\u2019dan Mara\u015f\u2019a, Sivas\u2019a nice zorluklara da g\u00f6\u011f\u00fcs gerdi\u011fini g\u00f6steriyor. Bir d\u00f6nem birileri \u201cy\u00fcz y\u0131ll\u0131k ara\u201d gibi mesnetsiz ifadeler kulland\u0131ysa da, Cumhuriyet\u2019in \u201cilelebet payidar kalaca\u011f\u0131n\u0131\u201d hat\u0131rlat\u0131yor. Serde \u015fairlik var, \u015fairlik kadar devrimcilik de! Haliyle d\u00fcnden bug\u00fcne Cumhuriyet\u2019in nas\u0131l ve kimler taraf\u0131ndan \u00f6rselenmeye \u00e7al\u0131\u015f\u0131ld\u0131\u011f\u0131n\u0131 Erg\u00fclen\u2019ce ve lisan-\u0131 m\u00fcnasiple anlat\u0131yor. 100. Y\u0131l Cumhuriyet Alfabesi Cumhuriyet\u2019in nas\u0131l kuruldu\u011funa de\u011fil, g\u00fcnah\u0131yla sevab\u0131yla nas\u0131l bir y\u00fcz y\u0131l\u0131 geride b\u0131rakt\u0131\u011f\u0131m\u0131za dair ele\u015ftirel bir Cumhuriyet okumas\u0131.   <\/p>\n","protected":false},"excerpt":{"rendered":"<p>Y\u00fcz y\u0131l\u0131 geride b\u0131rak\u0131p ikinci y\u00fcz y\u0131l\u0131n ilk g\u00fcnlerini ya\u015f\u0131yor T\u00fcrkiye Cumhuriyeti. Haydar Erg\u00fclen de kendi merce\u011finden geride b\u0131rakt\u0131\u011f\u0131m\u0131z y\u00fcz y\u0131la bak\u0131yor. Bu kez, A\u2019dan Z\u2019ye<span class=\"excerpt-hellip\"> [\u2026]<\/span><\/p>\n","protected":false},"featured_media":0,"template":"","meta":{"_monsterinsights_skip_tracking":false,"_monsterinsights_sitenote_active":false,"_monsterinsights_sitenote_note":"","_monsterinsights_sitenote_category":0},"product_brand":[],"product_cat":[12777,12291],"product_tag":[],"class_list":{"0":"post-761198","1":"product","2":"type-product","3":"status-publish","5":"product_cat-deneme","6":"product_cat-edebiyat","7":"pa_cilt-ciltsiz","8":"pa_tur-kitap","9":"pa_yayinevi-kirmizi-kedi-yayinevi","10":"pa_yazar-haydar-ergulen","12":"first","13":"instock","14":"sale","15":"shipping-taxable","16":"purchasable","17":"product-type-simple"},"_links":{"self":[{"href":"https:\/\/roveyayinevi.com.tr\/index.php\/wp-json\/wp\/v2\/product\/761198","targetHints":{"allow":["GET"]}}],"collection":[{"href":"https:\/\/roveyayinevi.com.tr\/index.php\/wp-json\/wp\/v2\/product"}],"about":[{"href":"https:\/\/roveyayinevi.com.tr\/index.php\/wp-json\/wp\/v2\/types\/product"}],"wp:attachment":[{"href":"https:\/\/roveyayinevi.com.tr\/index.php\/wp-json\/wp\/v2\/media?parent=761198"}],"wp:term":[{"taxonomy":"product_brand","embeddable":true,"href":"https:\/\/roveyayinevi.com.tr\/index.php\/wp-json\/wp\/v2\/product_brand?post=761198"},{"taxonomy":"product_cat","embeddable":true,"href":"https:\/\/roveyayinevi.com.tr\/index.php\/wp-json\/wp\/v2\/product_cat?post=761198"},{"taxonomy":"product_tag","embeddable":true,"href":"https:\/\/roveyayinevi.com.tr\/index.php\/wp-json\/wp\/v2\/product_tag?post=761198"}],"curies":[{"name":"wp","href":"https:\/\/api.w.org\/{rel}","templated":true}]}}