{"id":761196,"date":"2025-08-28T09:30:05","date_gmt":"2025-08-28T06:30:05","guid":{"rendered":"https:\/\/roveyayinevi.com.tr\/index.php\/urun\/sermin-11\/"},"modified":"2026-04-16T03:14:45","modified_gmt":"2026-04-16T00:14:45","slug":"sermin-11","status":"publish","type":"product","link":"https:\/\/roveyayinevi.com.tr\/index.php\/urun\/sermin-11\/","title":{"rendered":"\u015eermin"},"content":{"rendered":"<p>\u015eermin, Tevfik Fikret\u2019in Robert Kolej\u2019de \u00f6\u011fretmenlik yapt\u0131\u011f\u0131 d\u00f6nemde yak\u0131ndan tan\u0131ma olana\u011f\u0131 buldu\u011fu Bat\u0131 e\u011fitim sistemini ve \u00e7ocuk yeti\u015ftirme y\u00f6ntemlerini ba\u015far\u0131l\u0131 bir \u015fekilde yans\u0131tt\u0131\u011f\u0131 yap\u0131t\u0131d\u0131r. Myrina Yay\u0131nlar\u0131 taraf\u0131ndan yeniden yay\u0131na haz\u0131rlanan bu \u00f6l\u00fcms\u00fcz eseri zevkle okuyaca\u011f\u0131n\u0131z\u0131 umuyoruz. <\/p>\n","protected":false},"excerpt":{"rendered":"<p>\u015eermin, Tevfik Fikret\u2019in Robert Kolej\u2019de \u00f6\u011fretmenlik yapt\u0131\u011f\u0131 d\u00f6nemde yak\u0131ndan tan\u0131ma olana\u011f\u0131 buldu\u011fu Bat\u0131 e\u011fitim sistemini ve \u00e7ocuk yeti\u015ftirme y\u00f6ntemlerini ba\u015far\u0131l\u0131 bir \u015fekilde yans\u0131tt\u0131\u011f\u0131 yap\u0131t\u0131d\u0131r. Myrina Yay\u0131nlar\u0131<span class=\"excerpt-hellip\"> [\u2026]<\/span><\/p>\n","protected":false},"featured_media":0,"template":"","meta":{"_monsterinsights_skip_tracking":false,"_monsterinsights_sitenote_active":false,"_monsterinsights_sitenote_note":"","_monsterinsights_sitenote_category":0},"product_brand":[],"product_cat":[12291,12509],"product_tag":[],"class_list":{"0":"post-761196","1":"product","2":"type-product","3":"status-publish","5":"product_cat-edebiyat","6":"product_cat-siir","7":"pa_cilt-ciltsiz","8":"pa_tur-kitap","9":"pa_yayinevi-myrina-yayinlari","10":"pa_yazar-tevfik-fikret","12":"first","13":"instock","14":"sale","15":"shipping-taxable","16":"purchasable","17":"product-type-simple"},"_links":{"self":[{"href":"https:\/\/roveyayinevi.com.tr\/index.php\/wp-json\/wp\/v2\/product\/761196","targetHints":{"allow":["GET"]}}],"collection":[{"href":"https:\/\/roveyayinevi.com.tr\/index.php\/wp-json\/wp\/v2\/product"}],"about":[{"href":"https:\/\/roveyayinevi.com.tr\/index.php\/wp-json\/wp\/v2\/types\/product"}],"wp:attachment":[{"href":"https:\/\/roveyayinevi.com.tr\/index.php\/wp-json\/wp\/v2\/media?parent=761196"}],"wp:term":[{"taxonomy":"product_brand","embeddable":true,"href":"https:\/\/roveyayinevi.com.tr\/index.php\/wp-json\/wp\/v2\/product_brand?post=761196"},{"taxonomy":"product_cat","embeddable":true,"href":"https:\/\/roveyayinevi.com.tr\/index.php\/wp-json\/wp\/v2\/product_cat?post=761196"},{"taxonomy":"product_tag","embeddable":true,"href":"https:\/\/roveyayinevi.com.tr\/index.php\/wp-json\/wp\/v2\/product_tag?post=761196"}],"curies":[{"name":"wp","href":"https:\/\/api.w.org\/{rel}","templated":true}]}}