{"id":761191,"date":"2025-08-28T09:29:56","date_gmt":"2025-08-28T06:29:56","guid":{"rendered":"https:\/\/roveyayinevi.com.tr\/index.php\/urun\/hiddet\/"},"modified":"2026-04-16T03:14:45","modified_gmt":"2026-04-16T00:14:45","slug":"hiddet","status":"publish","type":"product","link":"https:\/\/roveyayinevi.com.tr\/index.php\/urun\/hiddet\/","title":{"rendered":"Hiddet"},"content":{"rendered":"<p>SESS\u0130Z HASTA\u2019n\u0131n yazar\u0131ndan.   \u201c\u015ea\u015f\u0131rtmacan\u0131n ustas\u0131 Michaelides\u2019in en be\u011fendi\u011fim roman\u0131.\u201d \u2013LUCY FOLEY   Yedi ki\u015fi g\u00f6rkemli bir adada mahsur kalm\u0131\u015ft\u0131k. \u0130\u00e7imizden biri katildi.   Lana Farrar eski bir Hollywood y\u0131ld\u0131z\u0131 ve muhtemelen du\u0308nyan\u0131n en u\u0308nlu\u0308 kad\u0131nlar\u0131ndan biri. Her y\u0131l en yak\u0131n arkada\u015flar\u0131n\u0131 \u0130ngiltere\u2019nin kasvetli g\u00f6kyu\u0308zu\u0308nden uzaklara, kendisine ait bir Yunan adas\u0131na davet ediyor. Cennete bir hafta sonu ka\u00e7ama\u011f\u0131\u2026 Yine \u00f6yle olmas\u0131 gerekiyordu. Ama \u015fiddetli bir f\u0131rt\u0131na sonucu konuklar adada mahsur kal\u0131nca \u00f6nce dostluklar\u0131n makyaj\u0131 akt\u0131, sonra berbat s\u0131rlar ortaya sa\u00e7\u0131ld\u0131. Nihayetinde telafisi imk\u00e2ns\u0131z bir \u015fey oldu.   Hik\u00e2ye du\u0308nya bas\u0131n\u0131nda man\u015fetleri su\u0308sledi ve o gu\u0308nden beri, bu korkun\u00e7 gece hakk\u0131nda su\u0308rekli yeni bir s\u00f6ylenti \u00e7\u0131k\u0131yor. Bense olaylar\u0131n d\u0131\u015f\u0131nda kalmay\u0131 se\u00e7tim. Orada ya\u015fananlar\u0131 zihnimde tekrardan canland\u0131racak gu\u0308cu\u0308m yok.   Kim oldu\u011fumu mu merak ettiniz? Ad\u0131m Elliot Chase. O gece oradayd\u0131m.   Bu hik\u00e2yeyi bildi\u011finizi du\u0308\u015fu\u0308nebilirsiniz. Ama yan\u0131l\u0131yorsunuz\u2026   \u201cBu\u0308yu\u0308leyici, \u015fa\u015f\u0131rt\u0131c\u0131 ve su\u0308rprizlerle dolu bir labirent, Sessiz Hasta\u2019dan bile daha iyi.\u201d \u2013JP DELANEY\u201cHi\u00e7bir \u015feyin g\u00f6ru\u0308ndu\u0308\u011fu\u0308 gibi olmad\u0131\u011f\u0131 nadir kitaplardan biri. Michaelides asla hayal k\u0131r\u0131kl\u0131\u011f\u0131na u\u011fratm\u0131yor.\u201d \u2013RAGNAR JONASSON   \u201cBildi\u011finiz tu\u0308m gu\u0308venilmez anlat\u0131c\u0131lar\u0131 unutun. Bir de u\u0308stu\u0308ne iki romana yetecek kadar \u015fa\u015f\u0131rtmaca.\u201d \u2013DAVID BALDACCI <\/p>\n","protected":false},"excerpt":{"rendered":"<p>SESS\u0130Z HASTA\u2019n\u0131n yazar\u0131ndan. \u201c\u015ea\u015f\u0131rtmacan\u0131n ustas\u0131 Michaelides\u2019in en be\u011fendi\u011fim roman\u0131.\u201d \u2013LUCY FOLEY Yedi ki\u015fi g\u00f6rkemli bir adada mahsur kalm\u0131\u015ft\u0131k. \u0130\u00e7imizden biri katildi. Lana Farrar eski bir Hollywood<span class=\"excerpt-hellip\"> [\u2026]<\/span><\/p>\n","protected":false},"featured_media":0,"template":"","meta":{"_monsterinsights_skip_tracking":false,"_monsterinsights_sitenote_active":false,"_monsterinsights_sitenote_note":"","_monsterinsights_sitenote_category":0},"product_brand":[],"product_cat":[12291,12711],"product_tag":[],"class_list":{"0":"post-761191","1":"product","2":"type-product","3":"status-publish","5":"product_cat-edebiyat","6":"product_cat-roman-oyku","7":"pa_cilt-ciltsiz","8":"pa_tur-kitap","9":"pa_yayinevi-domingo-yayinevi","10":"pa_yazar-alex-michaelides","12":"first","13":"instock","14":"sale","15":"shipping-taxable","16":"purchasable","17":"product-type-simple"},"_links":{"self":[{"href":"https:\/\/roveyayinevi.com.tr\/index.php\/wp-json\/wp\/v2\/product\/761191","targetHints":{"allow":["GET"]}}],"collection":[{"href":"https:\/\/roveyayinevi.com.tr\/index.php\/wp-json\/wp\/v2\/product"}],"about":[{"href":"https:\/\/roveyayinevi.com.tr\/index.php\/wp-json\/wp\/v2\/types\/product"}],"wp:attachment":[{"href":"https:\/\/roveyayinevi.com.tr\/index.php\/wp-json\/wp\/v2\/media?parent=761191"}],"wp:term":[{"taxonomy":"product_brand","embeddable":true,"href":"https:\/\/roveyayinevi.com.tr\/index.php\/wp-json\/wp\/v2\/product_brand?post=761191"},{"taxonomy":"product_cat","embeddable":true,"href":"https:\/\/roveyayinevi.com.tr\/index.php\/wp-json\/wp\/v2\/product_cat?post=761191"},{"taxonomy":"product_tag","embeddable":true,"href":"https:\/\/roveyayinevi.com.tr\/index.php\/wp-json\/wp\/v2\/product_tag?post=761191"}],"curies":[{"name":"wp","href":"https:\/\/api.w.org\/{rel}","templated":true}]}}