{"id":761190,"date":"2025-08-28T09:29:54","date_gmt":"2025-08-28T06:29:54","guid":{"rendered":"https:\/\/roveyayinevi.com.tr\/index.php\/urun\/deli-kiraz\/"},"modified":"2026-04-16T03:14:45","modified_gmt":"2026-04-16T00:14:45","slug":"deli-kiraz","status":"publish","type":"product","link":"https:\/\/roveyayinevi.com.tr\/index.php\/urun\/deli-kiraz\/","title":{"rendered":"Deli Kiraz"},"content":{"rendered":"<p>G\u00fclden Mahmud&#8217;un \u00f6yk\u00fclerini okudu\u011funuzda g\u00fcnl\u00fck hayat\u0131n\u0131z\u0131n tekd\u00fcze ko\u015fu\u015fturmacalar\u0131ndan bir anl\u0131\u011f\u0131na da olsa uzakla\u015f\u0131r, kendinizi s\u0131ms\u0131cak Akdeniz g\u00fcne\u015fi alt\u0131nda portakal kokular\u0131n\u0131 i\u00e7inize doya doya \u00e7ekerken temiz, saf, kederli insanlar\u0131n h\u00fczn\u00fcn\u00fc payla\u015f\u0131rken bulursunuz. \u0130yi ki vars\u0131n G\u00fclden Mahmud, kalemine, s\u0131ms\u0131cak y\u00fcre\u011fine sa\u011fl\u0131k&#8230; \u00d6zlem KESER   G\u00fclden \u00f6yk\u00fclerinde; bir bek\u00e7iyi, bir g\u00f6\u00e7eri, bir \u00e7oban\u0131, deliyi, bir Akdenizli\u2019yi anlat\u0131yor. Yani bir konusu var anlat\u0131mlar\u0131n\u0131n. Ancak G\u00fclden kahramanlar\u0131n\u0131n duygular\u0131n\u0131, duygular\u0131n\u0131n da derinliklerini anlat\u0131yor. G\u00fclden\u2018in anlat\u0131mlar\u0131 d\u00fcz yaz\u0131 m\u0131, \u015fiir mi ya da ba\u015fka bir anlat\u0131m t\u00fcr\u00fc m\u00fc, biz tam anlayamad\u0131k. Sadece bizleri b\u00fcy\u00fcl\u00fcyor. Onun anlat\u0131mlar\u0131 \u015fiirden de \u00f6te, \u00e7ok \u00f6zelli\u011fi olan bir destand\u0131r. G\u00fclden bir destanc\u0131d\u0131r. G\u00fclden\u2018in as\u0131l \u00f6zelli\u011fi kahramanlar\u0131n\u0131 ve onlar\u0131n i\u00e7inde ya\u015fad\u0131\u011f\u0131 do\u011fay\u0131, da\u011f\u0131, ta\u015f\u0131, dereyi, tepeyi, ku\u015fu hatta topra\u011f\u0131 anlatman\u0131n yan\u0131nda bunlar\u0131n \u00f6zlemlerini, duygular\u0131n\u0131 da anlatmas\u0131. G\u00fclden kahramanlar\u0131yla, do\u011fan\u0131n \u00f6zlem ve \u00f6zelliklerini ayn\u0131 \u00e7ember i\u00e7inde anlat\u0131r. G\u00fclden Mahmud bir anlat\u0131m ustas\u0131d\u0131r, ak\u0131c\u0131, \u015fiir gibi. Hi\u00e7 kimse bir \u00f6tekine benzemez, benzememeli de. Ama biz gene de diyoruz ki G\u00fclden; \u00c7ukurova da bir Karacao\u011flan, bir Dadalo\u011flu, bir Orhan Kemal, bir Ya\u015far Kemal tad\u0131nda anlat\u0131c\u0131d\u0131r. Elinizdeki kitapta bu \u00f6zellikleri g\u00f6receksiniz. \u0130brahim \u00c7ENET   \u201cK\u0131z ise i\u00e7indeki ac\u0131y\u0131 daha kimseciklere oldu\u011fu gibi anlatamam\u0131\u015ft\u0131. \u0130yice bir anlatsa biri de onu iyice bir dinlese. Ah k\u0131z\u0131m dese, sa\u00e7\u0131n\u0131 ok\u015fasa, merhamet etse&#8230;\u201d Yasemin\u2019in yaln\u0131zl\u0131\u011f\u0131n\u0131, ya\u015fad\u0131\u011f\u0131 ac\u0131 olay\u0131 ve bunu anlatacak kimseyi bulamamas\u0131n\u0131n verdi\u011fi h\u00fczn\u00fc i\u00e7inizde hissedece\u011finiz, etkileyici bir hikaye&#8230; Neslihan G\u00dcLTEK\u0130N <\/p>\n","protected":false},"excerpt":{"rendered":"<p>G\u00fclden Mahmud&#8217;un \u00f6yk\u00fclerini okudu\u011funuzda g\u00fcnl\u00fck hayat\u0131n\u0131z\u0131n tekd\u00fcze ko\u015fu\u015fturmacalar\u0131ndan bir anl\u0131\u011f\u0131na da olsa uzakla\u015f\u0131r, kendinizi s\u0131ms\u0131cak Akdeniz g\u00fcne\u015fi alt\u0131nda portakal kokular\u0131n\u0131 i\u00e7inize doya doya \u00e7ekerken temiz, saf,<span class=\"excerpt-hellip\"> [\u2026]<\/span><\/p>\n","protected":false},"featured_media":0,"template":"","meta":{"_monsterinsights_skip_tracking":false,"_monsterinsights_sitenote_active":false,"_monsterinsights_sitenote_note":"","_monsterinsights_sitenote_category":0},"product_brand":[],"product_cat":[12291,18202],"product_tag":[],"class_list":{"0":"post-761190","1":"product","2":"type-product","3":"status-publish","5":"product_cat-edebiyat","6":"product_cat-hikaye","7":"pa_cilt-ciltsiz","8":"pa_tur-kitap","9":"pa_yayinevi-gulnar-yayinlari","10":"pa_yazar-gulden-mahmud","12":"first","13":"instock","14":"sale","15":"shipping-taxable","16":"purchasable","17":"product-type-simple"},"_links":{"self":[{"href":"https:\/\/roveyayinevi.com.tr\/index.php\/wp-json\/wp\/v2\/product\/761190","targetHints":{"allow":["GET"]}}],"collection":[{"href":"https:\/\/roveyayinevi.com.tr\/index.php\/wp-json\/wp\/v2\/product"}],"about":[{"href":"https:\/\/roveyayinevi.com.tr\/index.php\/wp-json\/wp\/v2\/types\/product"}],"wp:attachment":[{"href":"https:\/\/roveyayinevi.com.tr\/index.php\/wp-json\/wp\/v2\/media?parent=761190"}],"wp:term":[{"taxonomy":"product_brand","embeddable":true,"href":"https:\/\/roveyayinevi.com.tr\/index.php\/wp-json\/wp\/v2\/product_brand?post=761190"},{"taxonomy":"product_cat","embeddable":true,"href":"https:\/\/roveyayinevi.com.tr\/index.php\/wp-json\/wp\/v2\/product_cat?post=761190"},{"taxonomy":"product_tag","embeddable":true,"href":"https:\/\/roveyayinevi.com.tr\/index.php\/wp-json\/wp\/v2\/product_tag?post=761190"}],"curies":[{"name":"wp","href":"https:\/\/api.w.org\/{rel}","templated":true}]}}