{"id":761187,"date":"2025-08-28T09:29:48","date_gmt":"2025-08-28T06:29:48","guid":{"rendered":"https:\/\/roveyayinevi.com.tr\/index.php\/urun\/cizgiden-resimlere-masal-dunyasi\/"},"modified":"2026-04-16T03:14:44","modified_gmt":"2026-04-16T00:14:44","slug":"cizgiden-resimlere-masal-dunyasi","status":"publish","type":"product","link":"https:\/\/roveyayinevi.com.tr\/index.php\/urun\/cizgiden-resimlere-masal-dunyasi\/","title":{"rendered":"\u00c7izgiden Resimlere &#8211; Masal D\u00fcnyas\u0131"},"content":{"rendered":"<p>\u00c7izim yapmay\u0131 \u00f6\u011frenmek sand\u0131\u011f\u0131n\u0131zdan daha kolay ve zevkli olabilir, \u00f6zellikle de ad\u0131m ad\u0131m takip edebilece\u011finiz bu e\u011flenceli kitaba sahipseniz! Her ya\u015ftan \u00e7ocu\u011fun kolayl\u0131kla anlayaca\u011f\u0131 talimatlar, \u00f6rnekler ve yarat\u0131c\u0131l\u0131klar\u0131n\u0131 ortaya \u00e7\u0131karacak serbest alanlar sayesinde resim yaparken hem g\u00f6zlem yetenekleri geli\u015fecek hem de neredeyse istedikleri her resmi temel geometrik \u015fekiller kullanarak kolayca yapabilmenin mutlulu\u011funu ya\u015fayacaklar. Ayr\u0131ca renk, doku, perspektif ve \u0131\u015f\u0131k gibi temel kavramlar\u0131n da uygulamal\u0131 olarak anlat\u0131ld\u0131\u011f\u0131 bu kitaba ebeveynler kadar \u00f6\u011fretmenler de g\u00f6n\u00fcl rahatl\u0131\u011f\u0131yla ba\u015fvurabilir. Hadi, \u00e7izgileri resme d\u00f6n\u00fc\u015ft\u00fcrme zaman\u0131!<\/p>\n","protected":false},"excerpt":{"rendered":"<p>\u00c7izim yapmay\u0131 \u00f6\u011frenmek sand\u0131\u011f\u0131n\u0131zdan daha kolay ve zevkli olabilir, \u00f6zellikle de ad\u0131m ad\u0131m takip edebilece\u011finiz bu e\u011flenceli kitaba sahipseniz! Her ya\u015ftan \u00e7ocu\u011fun kolayl\u0131kla anlayaca\u011f\u0131 talimatlar, \u00f6rnekler<span class=\"excerpt-hellip\"> [\u2026]<\/span><\/p>\n","protected":false},"featured_media":0,"template":"","meta":{"_monsterinsights_skip_tracking":false,"_monsterinsights_sitenote_active":false,"_monsterinsights_sitenote_note":"","_monsterinsights_sitenote_category":0},"product_brand":[],"product_cat":[12274],"product_tag":[],"class_list":{"0":"post-761187","1":"product","2":"type-product","3":"status-publish","5":"product_cat-cocuk-ve-genclik-kitaplari","6":"pa_cilt-ciltsiz","7":"pa_tur-kitap","8":"pa_yayinevi-1001-cicek-kitaplar","9":"pa_yazar-rosa-maria-curto","11":"first","12":"instock","13":"sale","14":"shipping-taxable","15":"purchasable","16":"product-type-simple"},"_links":{"self":[{"href":"https:\/\/roveyayinevi.com.tr\/index.php\/wp-json\/wp\/v2\/product\/761187","targetHints":{"allow":["GET"]}}],"collection":[{"href":"https:\/\/roveyayinevi.com.tr\/index.php\/wp-json\/wp\/v2\/product"}],"about":[{"href":"https:\/\/roveyayinevi.com.tr\/index.php\/wp-json\/wp\/v2\/types\/product"}],"wp:attachment":[{"href":"https:\/\/roveyayinevi.com.tr\/index.php\/wp-json\/wp\/v2\/media?parent=761187"}],"wp:term":[{"taxonomy":"product_brand","embeddable":true,"href":"https:\/\/roveyayinevi.com.tr\/index.php\/wp-json\/wp\/v2\/product_brand?post=761187"},{"taxonomy":"product_cat","embeddable":true,"href":"https:\/\/roveyayinevi.com.tr\/index.php\/wp-json\/wp\/v2\/product_cat?post=761187"},{"taxonomy":"product_tag","embeddable":true,"href":"https:\/\/roveyayinevi.com.tr\/index.php\/wp-json\/wp\/v2\/product_tag?post=761187"}],"curies":[{"name":"wp","href":"https:\/\/api.w.org\/{rel}","templated":true}]}}