{"id":761185,"date":"2025-08-28T09:29:45","date_gmt":"2025-08-28T06:29:45","guid":{"rendered":"https:\/\/roveyayinevi.com.tr\/index.php\/urun\/ailesinin-degerini-anlayan-adam-dunyadan-oykuler\/"},"modified":"2026-04-16T03:14:44","modified_gmt":"2026-04-16T00:14:44","slug":"ailesinin-degerini-anlayan-adam-dunyadan-oykuler","status":"publish","type":"product","link":"https:\/\/roveyayinevi.com.tr\/index.php\/urun\/ailesinin-degerini-anlayan-adam-dunyadan-oykuler\/","title":{"rendered":"Ailesinin De\u011ferini Anlayan Adam \u2013 D\u00fcnyadan \u00d6yk\u00fcler"},"content":{"rendered":"<p>Do\u011fum yapacak e\u015fine de\u011ferli bir m\u00fccevher hediye etmek isteyen sultan kuyumcunun yolunu tutar. Tam istedi\u011fi gibi g\u00f6z kama\u015ft\u0131r\u0131c\u0131 bir elmas bulur ama kuyumcudan ger\u00e7ekle\u015ftirmesi imk\u00e2ns\u0131z bir istekte bulunur. \u0130\u00e7ine d\u00fc\u015ft\u00fc\u011f\u00fc bu s\u0131k\u0131nt\u0131l\u0131 durumdan nas\u0131l kurtulaca\u011f\u0131n\u0131 d\u00fc\u015f\u00fcnmeye ba\u015flayan kuyumcu, bir \u00e7\u00f6z\u00fcm yolu bulabilecek mi acaba? \u00c7ocuklar\u0131n d\u00fcnyadaki farkl\u0131 \u00fclkeleri ve k\u00fclt\u00fcrleri tan\u0131mas\u0131n\u0131 sa\u011flayan D\u00fcnyadan \u00d6yk\u00fcler dizisi, ku\u015faktan ku\u015fa\u011fa aktar\u0131lan, ya\u015fama dair de\u011ferli dersler veren etkileyici ve ola\u011fan\u00fcst\u00fc \u00f6yk\u00fcleri merakl\u0131 okurlarla bulu\u015fturuyor. Her kitab\u0131n sonunda o \u00fclkenin tarihi, g\u00fcnl\u00fck ya\u015fam\u0131, k\u00fclt\u00fcr\u00fc ve gelenekleri hakk\u0131nda verilen ilgin\u00e7 k\u0131sa bilgiler ise \u00e7ocuklar i\u00e7in keyifle okuyacaklar\u0131 pratik bir kaynak niteli\u011finde.  <\/p>\n","protected":false},"excerpt":{"rendered":"<p>Do\u011fum yapacak e\u015fine de\u011ferli bir m\u00fccevher hediye etmek isteyen sultan kuyumcunun yolunu tutar. Tam istedi\u011fi gibi g\u00f6z kama\u015ft\u0131r\u0131c\u0131 bir elmas bulur ama kuyumcudan ger\u00e7ekle\u015ftirmesi imk\u00e2ns\u0131z bir<span class=\"excerpt-hellip\"> [\u2026]<\/span><\/p>\n","protected":false},"featured_media":0,"template":"","meta":{"_monsterinsights_skip_tracking":false,"_monsterinsights_sitenote_active":false,"_monsterinsights_sitenote_note":"","_monsterinsights_sitenote_category":0},"product_brand":[],"product_cat":[12274,12284],"product_tag":[],"class_list":{"0":"post-761185","1":"product","2":"type-product","3":"status-publish","5":"product_cat-cocuk-ve-genclik-kitaplari","6":"product_cat-hikayeler","7":"pa_cilt-ciltsiz","8":"pa_tur-kitap","9":"pa_yayinevi-1001-cicek-kitaplar","10":"pa_yazar-cathrine-gendrin","12":"first","13":"instock","14":"sale","15":"shipping-taxable","16":"purchasable","17":"product-type-simple"},"_links":{"self":[{"href":"https:\/\/roveyayinevi.com.tr\/index.php\/wp-json\/wp\/v2\/product\/761185","targetHints":{"allow":["GET"]}}],"collection":[{"href":"https:\/\/roveyayinevi.com.tr\/index.php\/wp-json\/wp\/v2\/product"}],"about":[{"href":"https:\/\/roveyayinevi.com.tr\/index.php\/wp-json\/wp\/v2\/types\/product"}],"wp:attachment":[{"href":"https:\/\/roveyayinevi.com.tr\/index.php\/wp-json\/wp\/v2\/media?parent=761185"}],"wp:term":[{"taxonomy":"product_brand","embeddable":true,"href":"https:\/\/roveyayinevi.com.tr\/index.php\/wp-json\/wp\/v2\/product_brand?post=761185"},{"taxonomy":"product_cat","embeddable":true,"href":"https:\/\/roveyayinevi.com.tr\/index.php\/wp-json\/wp\/v2\/product_cat?post=761185"},{"taxonomy":"product_tag","embeddable":true,"href":"https:\/\/roveyayinevi.com.tr\/index.php\/wp-json\/wp\/v2\/product_tag?post=761185"}],"curies":[{"name":"wp","href":"https:\/\/api.w.org\/{rel}","templated":true}]}}