{"id":761182,"date":"2025-08-28T09:29:39","date_gmt":"2025-08-28T06:29:39","guid":{"rendered":"https:\/\/roveyayinevi.com.tr\/index.php\/urun\/bastille-kotu-kutuphanecilere-karsi\/"},"modified":"2026-04-16T03:14:44","modified_gmt":"2026-04-16T00:14:44","slug":"bastille-kotu-kutuphanecilere-karsi","status":"publish","type":"product","link":"https:\/\/roveyayinevi.com.tr\/index.php\/urun\/bastille-kotu-kutuphanecilere-karsi\/","title":{"rendered":"Bastille K\u00f6t\u00fc K\u00fct\u00fcphanecilere Kar\u015f\u0131"},"content":{"rendered":"<p>Bir Kristalya \u015e\u00f6valyesi olan Bastille, Smedry ailesini K\u00f6t\u00fc K\u00fct\u00fcphanecilerden korumaya yemin etmi\u015fti. Ne var ki Alcatraz Smedry karanl\u0131k tanr\u0131lara kurban edilmek \u00fczere modas\u0131 ge\u00e7mi\u015f ansiklopedilerden olu\u015fan bir suna\u011fa ba\u011fland\u0131\u011f\u0131nda, Bastille zaman\u0131nda yeti\u015femedi ve Alcatraz\u2019\u0131n babas\u0131 o\u011flu i\u00e7in kendi hayat\u0131n\u0131 feda etti.   Alcatraz peri\u015fan halde, babas\u0131n\u0131n katiline kar\u015f\u0131 verilecek sava\u015f\u0131 y\u00f6netmek Bastille\u2019e kald\u0131: K\u00f6t\u00fc K\u00fct\u00fcphanecilerin kurucusu Biblioden d\u00fcnyaya h\u00fckmetme hedefine ula\u015fmak i\u00e7in geri d\u00f6nd\u00fc ve \u015fimdi kazand\u0131\u011f\u0131 karanl\u0131k g\u00fc\u00e7leri K\u00f6t\u00fc K\u00fct\u00fcphanecilerin kontrol\u00fc alt\u0131nda olmayan herkese kar\u015f\u0131 kullanacak. Bastille ne yap\u0131p edip onu durdurman\u0131n bir yolunu bulmak zorunda!   Brandon Sanderson ve Janci Patterson&#8217;dan Alcatraz destan\u0131n\u0131n heyecan verici son kitab\u0131 Bastille K\u00f6t\u00fc K\u00fct\u00fcphanecilere Kar\u015f\u0131\u2019y\u0131 bir solukta okumaya haz\u0131r m\u0131s\u0131n\u0131z?   \u201cSanderson\u2019\u0131n gen\u00e7ler ve her zaman gen\u00e7 kalanlar i\u00e7in kaleme ald\u0131\u011f\u0131 bu orijinal ve \u00e7\u0131lg\u0131n roman, Artemis Fowl ve Talihsiz Ser\u00fcvenler Dizisi\u2019ni an\u0131msat\u0131yor. \u0130\u00e7inde bar\u0131nd\u0131rd\u0131\u011f\u0131 mizah \u00f6\u011feleri gen\u00e7leri g\u00fclmekten k\u0131r\u0131p ge\u00e7irecek ve yeti\u015fkinler de bu komik kitab\u0131n sayfalar\u0131 aras\u0131nda kendileri i\u00e7in b\u0131rak\u0131lm\u0131\u015f zekice g\u00f6ndermeler bulacaklar\u2026 \u015eeytani bir zek\u00e2n\u0131n \u00fcr\u00fcn\u00fc olan son sayfay\u0131 \u00e7evirdi\u011finizde, kendinizi bu yetenekli yazar\u0131n kaleminden \u00e7\u0131kan ba\u015fka \u015feyleri okumay\u0131 isterken bulacaks\u0131n\u0131z.\u201d                                                                                                                                                                                            VOYA Dergisi <\/p>\n","protected":false},"excerpt":{"rendered":"<p>Bir Kristalya \u015e\u00f6valyesi olan Bastille, Smedry ailesini K\u00f6t\u00fc K\u00fct\u00fcphanecilerden korumaya yemin etmi\u015fti. Ne var ki Alcatraz Smedry karanl\u0131k tanr\u0131lara kurban edilmek \u00fczere modas\u0131 ge\u00e7mi\u015f ansiklopedilerden olu\u015fan<span class=\"excerpt-hellip\"> [\u2026]<\/span><\/p>\n","protected":false},"featured_media":0,"template":"","meta":{"_monsterinsights_skip_tracking":false,"_monsterinsights_sitenote_active":false,"_monsterinsights_sitenote_note":"","_monsterinsights_sitenote_category":0},"product_brand":[],"product_cat":[12291,14777],"product_tag":[],"class_list":{"0":"post-761182","1":"product","2":"type-product","3":"status-publish","5":"product_cat-edebiyat","6":"product_cat-fantastik","7":"pa_cilt-ciltsiz","8":"pa_tur-kitap","9":"pa_yayinevi-akil-celen-kitaplar","10":"pa_yazar-brandon-sanderson-janci-patterson","12":"first","13":"instock","14":"sale","15":"shipping-taxable","16":"purchasable","17":"product-type-simple"},"_links":{"self":[{"href":"https:\/\/roveyayinevi.com.tr\/index.php\/wp-json\/wp\/v2\/product\/761182","targetHints":{"allow":["GET"]}}],"collection":[{"href":"https:\/\/roveyayinevi.com.tr\/index.php\/wp-json\/wp\/v2\/product"}],"about":[{"href":"https:\/\/roveyayinevi.com.tr\/index.php\/wp-json\/wp\/v2\/types\/product"}],"wp:attachment":[{"href":"https:\/\/roveyayinevi.com.tr\/index.php\/wp-json\/wp\/v2\/media?parent=761182"}],"wp:term":[{"taxonomy":"product_brand","embeddable":true,"href":"https:\/\/roveyayinevi.com.tr\/index.php\/wp-json\/wp\/v2\/product_brand?post=761182"},{"taxonomy":"product_cat","embeddable":true,"href":"https:\/\/roveyayinevi.com.tr\/index.php\/wp-json\/wp\/v2\/product_cat?post=761182"},{"taxonomy":"product_tag","embeddable":true,"href":"https:\/\/roveyayinevi.com.tr\/index.php\/wp-json\/wp\/v2\/product_tag?post=761182"}],"curies":[{"name":"wp","href":"https:\/\/api.w.org\/{rel}","templated":true}]}}