{"id":761181,"date":"2025-08-28T09:29:37","date_gmt":"2025-08-28T06:29:37","guid":{"rendered":"https:\/\/roveyayinevi.com.tr\/index.php\/urun\/mashle-2\/"},"modified":"2026-04-16T03:14:44","modified_gmt":"2026-04-16T00:14:44","slug":"mashle-2","status":"publish","type":"product","link":"https:\/\/roveyayinevi.com.tr\/index.php\/urun\/mashle-2\/","title":{"rendered":"Mashle 2"},"content":{"rendered":"<p>Mash, se\u00e7ilmi\u015f bir \u00e7iftizli b\u00fcy\u00fcc\u00fc olan Lance ile d\u00f6v\u00fc\u015f\u00fcrken onun beklenmedik ger\u00e7ek y\u00fcz\u00fcn\u00fc ke\u015ffeder! S\u00fcrekli yeni bir belaya bula\u015fan Mash, Adler ve Lang binalar\u0131 aras\u0131nda yap\u0131lan ortak derse kat\u0131l\u0131r. Bu kez de tehlikeli tiplerin dikkatini \u00fcst\u00fcne \u00e7eken Mash, kendisini binas\u0131n\u0131n itibar\u0131n\u0131 ve madalyonlar\u0131n\u0131 korumak i\u00e7in verilecek zorlu bir m\u00fccadelenin tam ortas\u0131nda bulacakt\u0131r! Soylulukla \u00f6v\u00fcnen bir grup zorba kar\u015f\u0131s\u0131nda adalet yumru\u011funu indirme vakti geldi! <\/p>\n","protected":false},"excerpt":{"rendered":"<p>Mash, se\u00e7ilmi\u015f bir \u00e7iftizli b\u00fcy\u00fcc\u00fc olan Lance ile d\u00f6v\u00fc\u015f\u00fcrken onun beklenmedik ger\u00e7ek y\u00fcz\u00fcn\u00fc ke\u015ffeder! S\u00fcrekli yeni bir belaya bula\u015fan Mash, Adler ve Lang binalar\u0131 aras\u0131nda yap\u0131lan<span class=\"excerpt-hellip\"> [\u2026]<\/span><\/p>\n","protected":false},"featured_media":0,"template":"","meta":{"_monsterinsights_skip_tracking":false,"_monsterinsights_sitenote_active":false,"_monsterinsights_sitenote_note":"","_monsterinsights_sitenote_category":0},"product_brand":[],"product_cat":[12416,12291],"product_tag":[],"class_list":{"0":"post-761181","1":"product","2":"type-product","3":"status-publish","5":"product_cat-cizgi-roman","6":"product_cat-edebiyat","7":"pa_cilt-ciltsiz","8":"pa_tur-kitap","9":"pa_yayinevi-akil-celen-kitaplar","10":"pa_yazar-hajime-komoto","12":"first","13":"instock","14":"sale","15":"shipping-taxable","16":"purchasable","17":"product-type-simple"},"_links":{"self":[{"href":"https:\/\/roveyayinevi.com.tr\/index.php\/wp-json\/wp\/v2\/product\/761181","targetHints":{"allow":["GET"]}}],"collection":[{"href":"https:\/\/roveyayinevi.com.tr\/index.php\/wp-json\/wp\/v2\/product"}],"about":[{"href":"https:\/\/roveyayinevi.com.tr\/index.php\/wp-json\/wp\/v2\/types\/product"}],"wp:attachment":[{"href":"https:\/\/roveyayinevi.com.tr\/index.php\/wp-json\/wp\/v2\/media?parent=761181"}],"wp:term":[{"taxonomy":"product_brand","embeddable":true,"href":"https:\/\/roveyayinevi.com.tr\/index.php\/wp-json\/wp\/v2\/product_brand?post=761181"},{"taxonomy":"product_cat","embeddable":true,"href":"https:\/\/roveyayinevi.com.tr\/index.php\/wp-json\/wp\/v2\/product_cat?post=761181"},{"taxonomy":"product_tag","embeddable":true,"href":"https:\/\/roveyayinevi.com.tr\/index.php\/wp-json\/wp\/v2\/product_tag?post=761181"}],"curies":[{"name":"wp","href":"https:\/\/api.w.org\/{rel}","templated":true}]}}