{"id":761180,"date":"2025-08-28T09:29:35","date_gmt":"2025-08-28T06:29:35","guid":{"rendered":"https:\/\/roveyayinevi.com.tr\/index.php\/urun\/kaguya-sama-ask-savastir-2\/"},"modified":"2026-04-16T03:14:44","modified_gmt":"2026-04-16T00:14:44","slug":"kaguya-sama-ask-savastir-2","status":"publish","type":"product","link":"https:\/\/roveyayinevi.com.tr\/index.php\/urun\/kaguya-sama-ask-savastir-2\/","title":{"rendered":"Kaguya-Sama \u2013 A\u015fk Sava\u015ft\u0131r 2"},"content":{"rendered":"<p>A\u015eKINI \u0130LK \u0130T\u0130RAF EDEN KAYBEDER!   \u00dclkenin gelece\u011fi olan zek\u00e2lar\u0131n bir araya topland\u0131\u011f\u0131 \u015eu\u00e7iin Akademisi&#8217;nin \u00f6\u011frenci kurulunda tan\u0131\u015fan, Ba\u015fkan Yard\u0131mc\u0131s\u0131 Kaguya \u015einomiya ve Ba\u015fkan Miyuki \u015eirogane birbirlerinden ho\u015flanmalar\u0131na ra\u011fmen hi\u00e7bir geli\u015fme olmadan yar\u0131m d\u00f6nem ge\u00e7er! Duygular\u0131n\u0131 ilk itiraf eden taraf olamayacak kadar gururlu olan bu ikili, kar\u015f\u0131 tarafa a\u015fk\u0131n\u0131 itiraf ettirebilmek i\u00e7in her yolu dener! Son zamanlar\u0131n en sansasyonel romantik komedisindeki \u201c\u00e2\u015f\u0131k d\u00e2hilerin sava\u015f\u0131\u201d ba\u015flas\u0131n! \u201cD\u00e2hilerin sava\u015f\u0131\u201d ikinci ciltte, dolayl\u0131 \u00f6p\u00fcc\u00fck, gizemli mektup, ilk mesaj ve cosplay maceralar\u0131yla devam ediyor. <\/p>\n","protected":false},"excerpt":{"rendered":"<p>A\u015eKINI \u0130LK \u0130T\u0130RAF EDEN KAYBEDER! \u00dclkenin gelece\u011fi olan zek\u00e2lar\u0131n bir araya topland\u0131\u011f\u0131 \u015eu\u00e7iin Akademisi&#8217;nin \u00f6\u011frenci kurulunda tan\u0131\u015fan, Ba\u015fkan Yard\u0131mc\u0131s\u0131 Kaguya \u015einomiya ve Ba\u015fkan Miyuki \u015eirogane birbirlerinden<span class=\"excerpt-hellip\"> [\u2026]<\/span><\/p>\n","protected":false},"featured_media":0,"template":"","meta":{"_monsterinsights_skip_tracking":false,"_monsterinsights_sitenote_active":false,"_monsterinsights_sitenote_note":"","_monsterinsights_sitenote_category":0},"product_brand":[],"product_cat":[12416,12291],"product_tag":[],"class_list":{"0":"post-761180","1":"product","2":"type-product","3":"status-publish","5":"product_cat-cizgi-roman","6":"product_cat-edebiyat","7":"pa_cilt-ciltsiz","8":"pa_tur-kitap","9":"pa_yayinevi-akil-celen-kitaplar","10":"pa_yazar-aka-akasaka","12":"first","13":"instock","14":"sale","15":"shipping-taxable","16":"purchasable","17":"product-type-simple"},"_links":{"self":[{"href":"https:\/\/roveyayinevi.com.tr\/index.php\/wp-json\/wp\/v2\/product\/761180","targetHints":{"allow":["GET"]}}],"collection":[{"href":"https:\/\/roveyayinevi.com.tr\/index.php\/wp-json\/wp\/v2\/product"}],"about":[{"href":"https:\/\/roveyayinevi.com.tr\/index.php\/wp-json\/wp\/v2\/types\/product"}],"wp:attachment":[{"href":"https:\/\/roveyayinevi.com.tr\/index.php\/wp-json\/wp\/v2\/media?parent=761180"}],"wp:term":[{"taxonomy":"product_brand","embeddable":true,"href":"https:\/\/roveyayinevi.com.tr\/index.php\/wp-json\/wp\/v2\/product_brand?post=761180"},{"taxonomy":"product_cat","embeddable":true,"href":"https:\/\/roveyayinevi.com.tr\/index.php\/wp-json\/wp\/v2\/product_cat?post=761180"},{"taxonomy":"product_tag","embeddable":true,"href":"https:\/\/roveyayinevi.com.tr\/index.php\/wp-json\/wp\/v2\/product_tag?post=761180"}],"curies":[{"name":"wp","href":"https:\/\/api.w.org\/{rel}","templated":true}]}}