{"id":761179,"date":"2025-08-28T09:29:34","date_gmt":"2025-08-28T06:29:34","guid":{"rendered":"https:\/\/roveyayinevi.com.tr\/index.php\/urun\/antik-yunanistanda-bir-yil-mo-248-yilinda-yasayan-insanlarin-gercek-hayatlarindan-bir-kesit\/"},"modified":"2026-04-16T03:14:44","modified_gmt":"2026-04-16T00:14:44","slug":"antik-yunanistanda-bir-yil-mo-248-yilinda-yasayan-insanlarin-gercek-hayatlarindan-bir-kesit","status":"publish","type":"product","link":"https:\/\/roveyayinevi.com.tr\/index.php\/urun\/antik-yunanistanda-bir-yil-mo-248-yilinda-yasayan-insanlarin-gercek-hayatlarindan-bir-kesit\/","title":{"rendered":"Antik Yunanistan\u2019da Bir Y\u0131l: M\u00d6 248 Y\u0131l\u0131nda Ya\u015fayan \u0130nsanlar\u0131n Ger\u00e7ek Hayatlar\u0131ndan Bir Kesit"},"content":{"rendered":"<p>Tarihi bir Olimpiyat y\u0131l\u0131nda antik Yunanl\u0131larla birlikte bir y\u0131l ge\u00e7irin ve Olympia\u2019da zafere haz\u0131rlanmak i\u00e7in siyasi farkl\u0131l\u0131klar\u0131n\u0131 bir kenara b\u0131rakan \u015fehir devletlerini kas\u0131p kavuran dram ve heyecan\u0131 deneyimleyin. Y\u0131l M\u00d6 248, 133. Olimpiyat Oyunlar\u0131\u2019n\u0131n yap\u0131ld\u0131\u011f\u0131 y\u0131l. Bir\u00e7ok insan oyunlara kat\u0131lmak, etkinlikleri izlemek veya b\u00fcy\u00fck kalabal\u0131ktan para kazanmak i\u00e7in Olympia\u2019ya gider. Helenistik d\u00fcnyan\u0131n, Orta Do\u011fu, M\u0131s\u0131r ve \u0130spanya\u2019ya yay\u0131lm\u0131\u015f Yunan yerle\u015fimleriyle zirvede oldu\u011fu bir d\u00f6nemdir. Her zamanki gibi d\u00fcnyada siyasi sorunlar ya\u015fanmaktad\u0131r; Roma, Kartaca\u2019yla sava\u015ftad\u0131r ve M\u0131s\u0131r ile Suriye aras\u0131nda da b\u00fcy\u00fck bir sava\u015f \u00e7\u0131kmak \u00fczeredir. Ancak s\u0131radan insanlar h\u00e2l\u00e2 mahsullerle, g\u00fcnl\u00fck i\u015fleriyle ya da Olimpiyat tac\u0131n\u0131 kazanmakla me\u015fguld\u00fcr. Eski bir \u015fampiyonun e\u011fitmenli\u011findeki ko\u015fucudan, her ko\u015fulda en iyi hasad\u0131 alman\u0131n pe\u015finde ko\u015fan \u00e7ift\u00e7iye; oyunlar\u0131 siyasi hileleri i\u00e7in k\u0131l\u0131f olarak kullanan diplomattan, \u00f6zg\u00fcrl\u00fc\u011f\u00fcne kavu\u015fmak i\u00e7in her \u015feyi yapmaya haz\u0131r k\u00f6le k\u0131za. Antik Yunanistan\u2019da Bir Y\u0131l, antik tarihin bu b\u00fcy\u00fcleyici d\u00f6nemindeki karma\u015f\u0131k ve canl\u0131 karakterlerle ola\u011fan\u00fcst\u00fc bir y\u0131la tan\u0131kl\u0131k etmemizi sa\u011fl\u0131yor. <\/p>\n","protected":false},"excerpt":{"rendered":"<p>Tarihi bir Olimpiyat y\u0131l\u0131nda antik Yunanl\u0131larla birlikte bir y\u0131l ge\u00e7irin ve Olympia\u2019da zafere haz\u0131rlanmak i\u00e7in siyasi farkl\u0131l\u0131klar\u0131n\u0131 bir kenara b\u0131rakan \u015fehir devletlerini kas\u0131p kavuran dram ve<span class=\"excerpt-hellip\"> [\u2026]<\/span><\/p>\n","protected":false},"featured_media":0,"template":"","meta":{"_monsterinsights_skip_tracking":false,"_monsterinsights_sitenote_active":false,"_monsterinsights_sitenote_note":"","_monsterinsights_sitenote_category":0},"product_brand":[],"product_cat":[12370,12304],"product_tag":[],"class_list":{"0":"post-761179","1":"product","2":"type-product","3":"status-publish","5":"product_cat-arastirma-inceleme","6":"product_cat-tarih","7":"pa_cilt-ciltsiz","8":"pa_tur-kitap","9":"pa_yayinevi-sahi-kitap","10":"pa_yazar-philip-matyszak","12":"first","13":"instock","14":"sale","15":"shipping-taxable","16":"purchasable","17":"product-type-simple"},"_links":{"self":[{"href":"https:\/\/roveyayinevi.com.tr\/index.php\/wp-json\/wp\/v2\/product\/761179","targetHints":{"allow":["GET"]}}],"collection":[{"href":"https:\/\/roveyayinevi.com.tr\/index.php\/wp-json\/wp\/v2\/product"}],"about":[{"href":"https:\/\/roveyayinevi.com.tr\/index.php\/wp-json\/wp\/v2\/types\/product"}],"wp:attachment":[{"href":"https:\/\/roveyayinevi.com.tr\/index.php\/wp-json\/wp\/v2\/media?parent=761179"}],"wp:term":[{"taxonomy":"product_brand","embeddable":true,"href":"https:\/\/roveyayinevi.com.tr\/index.php\/wp-json\/wp\/v2\/product_brand?post=761179"},{"taxonomy":"product_cat","embeddable":true,"href":"https:\/\/roveyayinevi.com.tr\/index.php\/wp-json\/wp\/v2\/product_cat?post=761179"},{"taxonomy":"product_tag","embeddable":true,"href":"https:\/\/roveyayinevi.com.tr\/index.php\/wp-json\/wp\/v2\/product_tag?post=761179"}],"curies":[{"name":"wp","href":"https:\/\/api.w.org\/{rel}","templated":true}]}}