{"id":761173,"date":"2025-08-28T09:29:23","date_gmt":"2025-08-28T06:29:23","guid":{"rendered":"https:\/\/roveyayinevi.com.tr\/index.php\/urun\/unuttuklarimiz\/"},"modified":"2026-01-30T03:53:40","modified_gmt":"2026-01-30T00:53:40","slug":"unuttuklarimiz","status":"publish","type":"product","link":"https:\/\/roveyayinevi.com.tr\/index.php\/urun\/unuttuklarimiz\/","title":{"rendered":"Unuttuklar\u0131m\u0131z"},"content":{"rendered":"<p>\u0130nsanl\u0131k tarihi; eme\u011fin sermayeye, ezilenin ezene ba\u011f\u0131ml\u0131lar\u0131n emperyalizme kar\u015f\u0131 m\u00fccadeleleriyle d\u00fcnyay\u0131 ileriye, e\u015fitli\u011fe, \u00f6zg\u00fcrl\u00fc\u011fe ve do\u011faya ta\u015f\u0131man\u0131n tarihidir.             Ancak ne yaz\u0131k ki sadece bu erdemlerden ibaret de\u011fil insanl\u0131k tarihi. Ayn\u0131 zamanda kirlenmeler, yabanc\u0131la\u015fmalar ve anti demokratik uygulamalarla a\u011f\u0131r g\u00f6lgelere de sahiptir.             Hak ihlalleri, hukuksuz yarg\u0131lamalar, adaletsizlik gelen her iktidar taraf\u0131ndan devam etmi\u015f ve zaten a\u011f\u0131r olan g\u00f6lgeleri daha da koyula\u015ft\u0131rm\u0131\u015ft\u0131r bu durum.             D\u00fcn ve bug\u00fcn \u2018ilerici, ayd\u0131n ve devrimci\u201d g\u00fc\u00e7lerin m\u00fccadeleleri unutulmaz katk\u0131lar sunmu\u015ftur insanl\u0131k tarihine.             Elinizdeki bu kitab\u0131, uzun y\u0131llar\u0131n birikimiyle de\u011ferlendirilebilecek k\u00fc\u00e7\u00fck bir bilgi payla\u015f\u0131m\u0131 olarak g\u00f6rmenizi isterim. <\/p>\n","protected":false},"excerpt":{"rendered":"<p>\u0130nsanl\u0131k tarihi; eme\u011fin sermayeye, ezilenin ezene ba\u011f\u0131ml\u0131lar\u0131n emperyalizme kar\u015f\u0131 m\u00fccadeleleriyle d\u00fcnyay\u0131 ileriye, e\u015fitli\u011fe, \u00f6zg\u00fcrl\u00fc\u011fe ve do\u011faya ta\u015f\u0131man\u0131n tarihidir. Ancak ne yaz\u0131k ki sadece bu erdemlerden ibaret<span class=\"excerpt-hellip\"> [\u2026]<\/span><\/p>\n","protected":false},"featured_media":0,"template":"","meta":{"_monsterinsights_skip_tracking":false,"_monsterinsights_sitenote_active":false,"_monsterinsights_sitenote_note":"","_monsterinsights_sitenote_category":0},"product_brand":[],"product_cat":[12291,104362],"product_tag":[],"class_list":{"0":"post-761173","1":"product","2":"type-product","3":"status-publish","5":"product_cat-edebiyat","6":"product_cat-makale","7":"pa_cilt-ciltsiz","8":"pa_tur-kitap","9":"pa_yayinevi-pangea-kultur-yayinlari","10":"pa_yazar-erdal-boyoglu","12":"first","13":"instock","14":"sale","15":"shipping-taxable","16":"purchasable","17":"product-type-simple"},"_links":{"self":[{"href":"https:\/\/roveyayinevi.com.tr\/index.php\/wp-json\/wp\/v2\/product\/761173","targetHints":{"allow":["GET"]}}],"collection":[{"href":"https:\/\/roveyayinevi.com.tr\/index.php\/wp-json\/wp\/v2\/product"}],"about":[{"href":"https:\/\/roveyayinevi.com.tr\/index.php\/wp-json\/wp\/v2\/types\/product"}],"wp:attachment":[{"href":"https:\/\/roveyayinevi.com.tr\/index.php\/wp-json\/wp\/v2\/media?parent=761173"}],"wp:term":[{"taxonomy":"product_brand","embeddable":true,"href":"https:\/\/roveyayinevi.com.tr\/index.php\/wp-json\/wp\/v2\/product_brand?post=761173"},{"taxonomy":"product_cat","embeddable":true,"href":"https:\/\/roveyayinevi.com.tr\/index.php\/wp-json\/wp\/v2\/product_cat?post=761173"},{"taxonomy":"product_tag","embeddable":true,"href":"https:\/\/roveyayinevi.com.tr\/index.php\/wp-json\/wp\/v2\/product_tag?post=761173"}],"curies":[{"name":"wp","href":"https:\/\/api.w.org\/{rel}","templated":true}]}}