{"id":761166,"date":"2025-08-28T09:29:08","date_gmt":"2025-08-28T06:29:08","guid":{"rendered":"https:\/\/roveyayinevi.com.tr\/index.php\/urun\/bir-evrensel-dahi-biruni\/"},"modified":"2026-04-16T03:14:44","modified_gmt":"2026-04-16T00:14:44","slug":"bir-evrensel-dahi-biruni","status":"publish","type":"product","link":"https:\/\/roveyayinevi.com.tr\/index.php\/urun\/bir-evrensel-dahi-biruni\/","title":{"rendered":"Bir Evrensel Dahi Biruni"},"content":{"rendered":"<p>\u0130slam tarihinden s\u00fcz\u00fcl\u00fcp gelen k\u00fclt\u00fcrel birikim bizim i\u00e7in b\u00fcy\u00fck bir zenginlik kayna\u011f\u0131d\u0131r. Bilgiye, hikmete, irfana dayanan medeniyet de\u011ferlerimiz tarih boyunca sevgiyi, ho\u015fg\u00f6r\u00fcy\u00fc, adaleti, karde\u015flik ve dayan\u0131\u015fmay\u0131 \u00f6n planda tutmu\u015ftur. Gelecek nesillere kar\u015f\u0131 en b\u00fcy\u00fck sorumlulu\u011fumuz, insan ve \u00e2lem tasavvurumuzun temel bile\u015fenlerini olu\u015fturan bu e\u015fsiz miras\u0131n etkin bir \u015fekilde aktar\u0131lmas\u0131n\u0131 sa\u011flamakt\u0131r. Bug\u00fcnk\u00fc ve yar\u0131nki nesillerimizin geli\u015fimi, ge\u00e7mi\u015fimizden devrald\u0131\u011f\u0131m\u0131z b\u00fcy\u00fck k\u00fclt\u00fcr ve medeniyet miras\u0131n\u0131n daha iyi idrak edilmesine ve sahiplenilmesine ba\u011fl\u0131d\u0131r. Felsefeden t\u0131bba, astronomiden matemati\u011fe kadar her alanda, Medine\u2019de, Kahire\u2019de, \u015eam\u2019da, Ba\u011fdat\u2019 ta, Buhara\u2019da, Semerkant\u2019ta, Horasan\u2019da, Konya\u2019da, Bursa\u2019da, \u0130stanbul\u2019da ve co\u011frafyam\u0131z\u0131n her k\u00f6\u015fesinde \u00fcretilen de\u011ferler, bug\u00fcn t\u00fcm insanl\u0131\u011f\u0131n ortak miras\u0131 h\u00e2line gelmi\u015ftir. Bu b\u00fcy\u00fck emanete sahip \u00e7\u0131kmak, bu b\u00fcy\u00fck hazineyi gelecek nesillere aktarmak \u00f6ncelikli sorumlulu\u011fumuzdur. Yirmi birin-ci y\u00fczy\u0131l d\u00fcnyas\u0131na sunabilece\u011fimiz yeni bir medeniyet projesinin dokusunu \u00f6recek de\u011ferleri \u00fcretebilmemiz, ancak sahip oldu\u011fumuz bu hazinelerin ve zengin birikimin i\u015flenmesiyle m\u00fcmk\u00fcnd\u00fcr. Bu \u00f6n kabul ve kesin inan\u00e7 dolay\u0131s\u0131yla yeni nesilleri ge\u00e7mi\u015fimizde varl\u0131k d\u00fcnyas\u0131na \u00e7\u0131k\u0131p de\u011fer \u00fcretmi\u015f ve t\u00fcm bu de\u011ferleri insanl\u0131k yarar\u0131na sunmu\u015f ilim ve bilim insanlar\u0131n\u0131 tan\u0131mak ve tan\u0131tmak istedik. Bu de\u011ferlerimizi yeni nesillerle bulu\u015fturmak i\u00e7in de\u011ferlerimizin anlam d\u00fcnyalar\u0131n\u0131 ara\u015ft\u0131r\u0131p birtak\u0131m \u00e7al\u0131\u015fmalar ara\u015ft\u0131rmac\u0131lar\u0131m\u0131z\u0131n \u00e7al\u0131\u015fmalar\u0131ndan faydaland\u0131k. Bu kutlu yolda bizlere i\u015faret ta\u015f\u0131 olan ara\u015ft\u0131rmac\u0131lar\u0131m\u0131za te\u015fekk\u00fcrlerimizi iletirken bu eserle ge\u00e7mi\u015f as\u0131rlarda \u00e7al\u0131\u015fmalar\u0131yla, bulu\u015flar\u0131yla ve \u00fcretti\u011fi de\u011ferlerle bizim i\u00e7in yolumuzu bulmam\u0131za \u0131\u015f\u0131k olan y\u0131ld\u0131zlar\u0131m\u0131zla bulu\u015facak gen\u00e7lerimizin \u00fcretecekleri de\u011ferler de hepimizin hazinesine katk\u0131 olacakt\u0131r. On setlik eserin \u00fc\u00e7\u00fcnc\u00fcs\u00fcd\u00fcr. Di\u011fer eserler a\u015fa\u011f\u0131da zikredilmektedir.1. Astronominin Y\u0131ld\u0131z\u0131 Ali Ku\u015f\u00e7u2. Bat\u0131dan Do\u011fan Y\u0131ld\u0131z \u0130bn R\u00fc\u015fd3. Bir Evrensel Dahi Biruni4. B\u00fcy\u00fck Bilim \u0130nsan\u0131 Kindi5. Felsefenin Y\u0131ld\u0131z\u0131 Farabi6. Fizik Ve Optik Otoritesi \u0130bn Heysem7. Hekimlerin Y\u0131ld\u0131z\u0131 \u0130bn Sina8. Matemati\u011fin Y\u0131ld\u0131z\u0131 \u00d6mer Hayyam9. Sosyolojinin Y\u0131ld\u0131z\u0131 \u0130bn Haldun10. Tarih Ve Co\u011frafyan\u0131n Y\u0131ld\u0131z\u0131 K\u00e2tip \u00c7elebi<\/p>\n","protected":false},"excerpt":{"rendered":"<p>\u0130slam tarihinden s\u00fcz\u00fcl\u00fcp gelen k\u00fclt\u00fcrel birikim bizim i\u00e7in b\u00fcy\u00fck bir zenginlik kayna\u011f\u0131d\u0131r. Bilgiye, hikmete, irfana dayanan medeniyet de\u011ferlerimiz tarih boyunca sevgiyi, ho\u015fg\u00f6r\u00fcy\u00fc, adaleti, karde\u015flik ve dayan\u0131\u015fmay\u0131<span class=\"excerpt-hellip\"> [\u2026]<\/span><\/p>\n","protected":false},"featured_media":0,"template":"","meta":{"_monsterinsights_skip_tracking":false,"_monsterinsights_sitenote_active":false,"_monsterinsights_sitenote_note":"","_monsterinsights_sitenote_category":0},"product_brand":[],"product_cat":[14009,12291],"product_tag":[],"class_list":{"0":"post-761166","1":"product","2":"type-product","3":"status-publish","5":"product_cat-biyografi-otobiyografi-edebiyat","6":"product_cat-edebiyat","7":"pa_cilt-ciltsiz","8":"pa_tur-kitap","9":"pa_yayinevi-yuksel-yayincilik","10":"pa_yazar-taha-yusuf","12":"first","13":"instock","14":"sale","15":"shipping-taxable","16":"purchasable","17":"product-type-simple"},"_links":{"self":[{"href":"https:\/\/roveyayinevi.com.tr\/index.php\/wp-json\/wp\/v2\/product\/761166","targetHints":{"allow":["GET"]}}],"collection":[{"href":"https:\/\/roveyayinevi.com.tr\/index.php\/wp-json\/wp\/v2\/product"}],"about":[{"href":"https:\/\/roveyayinevi.com.tr\/index.php\/wp-json\/wp\/v2\/types\/product"}],"wp:attachment":[{"href":"https:\/\/roveyayinevi.com.tr\/index.php\/wp-json\/wp\/v2\/media?parent=761166"}],"wp:term":[{"taxonomy":"product_brand","embeddable":true,"href":"https:\/\/roveyayinevi.com.tr\/index.php\/wp-json\/wp\/v2\/product_brand?post=761166"},{"taxonomy":"product_cat","embeddable":true,"href":"https:\/\/roveyayinevi.com.tr\/index.php\/wp-json\/wp\/v2\/product_cat?post=761166"},{"taxonomy":"product_tag","embeddable":true,"href":"https:\/\/roveyayinevi.com.tr\/index.php\/wp-json\/wp\/v2\/product_tag?post=761166"}],"curies":[{"name":"wp","href":"https:\/\/api.w.org\/{rel}","templated":true}]}}