{"id":761157,"date":"2025-08-28T09:28:51","date_gmt":"2025-08-28T06:28:51","guid":{"rendered":"https:\/\/roveyayinevi.com.tr\/index.php\/urun\/kusursuz-ask-yoktur-2\/"},"modified":"2026-04-16T03:14:44","modified_gmt":"2026-04-16T00:14:44","slug":"kusursuz-ask-yoktur-2","status":"publish","type":"product","link":"https:\/\/roveyayinevi.com.tr\/index.php\/urun\/kusursuz-ask-yoktur-2\/","title":{"rendered":"Kusursuz A\u015fk Yoktur"},"content":{"rendered":"<p>New York Times \u00e7oksatan yazar\u0131 Colleen Hoover\u2019dan a\u015fk\u0131n g\u00fcc\u00fcn\u00fc, evlili\u011fin zorluklar\u0131n\u0131 ve yeniden aya\u011fa kalkman\u0131n \u00f6yk\u00fcs\u00fcn\u00fc anlatan s\u0131cac\u0131k bir roman\u2026 \u201c\u0130nsanlar, evliliklerin sadece sevgi yitip gitti\u011finde sonland\u0131\u011f\u0131na inand\u0131r\u0131lm\u0131\u015ft\u0131. \u00d6fke mutlulu\u011fun yerini ald\u0131\u011f\u0131nda. K\u00fc\u00e7\u00fcmseme ne\u015fenin yerini ald\u0131\u011f\u0131nda. Ancak Graham\u2019la birbirimize kar\u015f\u0131 \u00f6fkeli de\u011fildik. Sadece eskiden oldu\u011fumuz insanlar de\u011fildik.\u201d A\u015fk\u0131n dans\u0131 ba\u015flad\u0131\u011f\u0131nda her \u015fey m\u00fckemmeldir; ad\u0131mlar birbirini takip eder, eller asla ayr\u0131lmaz, g\u00f6zler asla ba\u015fka bir yere bakmaz. Ama m\u00fczik her an bitebilir&#8230; Peki, sessizlik i\u00e7inde bu dans\u0131 s\u00fcrd\u00fcrmek m\u00fcmk\u00fcn m\u00fc?  Quinn ve Graham hayatlar\u0131n\u0131n en k\u00f6t\u00fc g\u00fcn\u00fcnde tan\u0131\u015f\u0131rlar. Ne var ki kaderin onlar i\u00e7in bamba\u015fka bir plan\u0131 vard\u0131r. Peri masal\u0131 gibi bir ba\u015flang\u0131\u00e7 olmasa da onlar\u0131 birle\u015ftiren duygu payla\u015ft\u0131klar\u0131 ac\u0131dan ve kalp k\u0131r\u0131kl\u0131klar\u0131ndan \u00e7ok daha g\u00fc\u00e7l\u00fcd\u00fcr. B\u00fcy\u00fck bir a\u015fkla evlenirler ancak hayat\u0131n ger\u00e7eklerinin evliliklerini nas\u0131l s\u0131nayabilece\u011fini hesaba katmazlar. Kendilerini beklenmedik bir d\u00f6neme\u00e7te bulduklar\u0131ndaysa art\u0131k her \u015fey i\u00e7in \u00e7ok ge\u00e7tir. Quinn hayal k\u0131r\u0131kl\u0131klar\u0131n\u0131n ve umutsuzlu\u011fun a\u011f\u0131rl\u0131\u011f\u0131n\u0131 ta\u015f\u0131rken Graham kar\u0131s\u0131n\u0131 ve evliliklerini canland\u0131rman\u0131n bir yolunu aramaktad\u0131r. Ama her ge\u00e7en g\u00fcn bir sonraki ad\u0131m\u0131n belirsizli\u011fi ve a\u015fklar\u0131n\u0131n gelece\u011fi hakk\u0131nda soru i\u015faretleriyle doludur. Cevaplanmas\u0131 gereken en b\u00fcy\u00fck soruysa \u015fudur: Kusursuz bir a\u015fk hik\u00e2yesi, t\u00fcm zorluklara ra\u011fmen bir evlili\u011fi ayakta tutmaya yeter mi?  <\/p>\n","protected":false},"excerpt":{"rendered":"<p>New York Times \u00e7oksatan yazar\u0131 Colleen Hoover\u2019dan a\u015fk\u0131n g\u00fcc\u00fcn\u00fc, evlili\u011fin zorluklar\u0131n\u0131 ve yeniden aya\u011fa kalkman\u0131n \u00f6yk\u00fcs\u00fcn\u00fc anlatan s\u0131cac\u0131k bir roman\u2026 \u201c\u0130nsanlar, evliliklerin sadece sevgi yitip gitti\u011finde<span class=\"excerpt-hellip\"> [\u2026]<\/span><\/p>\n","protected":false},"featured_media":0,"template":"","meta":{"_monsterinsights_skip_tracking":false,"_monsterinsights_sitenote_active":false,"_monsterinsights_sitenote_note":"","_monsterinsights_sitenote_category":0},"product_brand":[],"product_cat":[12291,12711],"product_tag":[],"class_list":{"0":"post-761157","1":"product","2":"type-product","3":"status-publish","5":"product_cat-edebiyat","6":"product_cat-roman-oyku","7":"pa_cilt-ciltsiz","8":"pa_tur-kitap","9":"pa_yayinevi-epsilon-yayinlari","10":"pa_yazar-colleen-hoover","12":"first","13":"instock","14":"sale","15":"shipping-taxable","16":"purchasable","17":"product-type-simple"},"_links":{"self":[{"href":"https:\/\/roveyayinevi.com.tr\/index.php\/wp-json\/wp\/v2\/product\/761157","targetHints":{"allow":["GET"]}}],"collection":[{"href":"https:\/\/roveyayinevi.com.tr\/index.php\/wp-json\/wp\/v2\/product"}],"about":[{"href":"https:\/\/roveyayinevi.com.tr\/index.php\/wp-json\/wp\/v2\/types\/product"}],"wp:attachment":[{"href":"https:\/\/roveyayinevi.com.tr\/index.php\/wp-json\/wp\/v2\/media?parent=761157"}],"wp:term":[{"taxonomy":"product_brand","embeddable":true,"href":"https:\/\/roveyayinevi.com.tr\/index.php\/wp-json\/wp\/v2\/product_brand?post=761157"},{"taxonomy":"product_cat","embeddable":true,"href":"https:\/\/roveyayinevi.com.tr\/index.php\/wp-json\/wp\/v2\/product_cat?post=761157"},{"taxonomy":"product_tag","embeddable":true,"href":"https:\/\/roveyayinevi.com.tr\/index.php\/wp-json\/wp\/v2\/product_tag?post=761157"}],"curies":[{"name":"wp","href":"https:\/\/api.w.org\/{rel}","templated":true}]}}