{"id":761154,"date":"2025-08-28T09:28:46","date_gmt":"2025-08-28T06:28:46","guid":{"rendered":"https:\/\/roveyayinevi.com.tr\/index.php\/urun\/konut-sorunu-2\/"},"modified":"2026-04-16T03:14:44","modified_gmt":"2026-04-16T00:14:44","slug":"konut-sorunu-2","status":"publish","type":"product","link":"https:\/\/roveyayinevi.com.tr\/index.php\/urun\/konut-sorunu-2\/","title":{"rendered":"Konut Sorunu"},"content":{"rendered":"<p>Engels, \u201ckonut krizi\u201d \u00fczerine bu makale dizisinde, \u00f6zellikle Proudhon&#8217;un k\u00fc\u00e7\u00fck burjuva reformist \u00e7\u00f6z\u00fcm \u00f6nerileriyle proletaryan\u0131n devrimci politikas\u0131 aras\u0131ndaki fark\u0131 \u00f6ne \u00e7\u0131karm\u0131\u015ft\u0131r. Konut sorununun \u00e7\u00f6z\u00fcm\u00fcn\u00fcn ayn\u0131 anda ancak toplumsal sorunun \u00e7\u00f6z\u00fcm\u00fcyle, yani kapitalist \u00fcretim tarz\u0131n\u0131n ortadan kald\u0131r\u0131lmas\u0131yla m\u00fcmk\u00fcn olabilece\u011fini g\u00f6stermi\u015ftir. Bu k\u0131sa makaleler dizisinde Engels, Marksizmin temel tezlerini a\u00e7\u0131klama ve k\u00fc\u00e7\u00fck burjuva sosyalizmi kar\u015f\u0131s\u0131nda savunma f\u0131rsat\u0131n\u0131 da bulmu\u015ftur. Konut Sorunu devletin do\u011fas\u0131, proletarya diktat\u00f6rl\u00fc\u011f\u00fc, kent ile k\u0131r aras\u0131ndaki kar\u015f\u0131tl\u0131\u011f\u0131n ortadan kald\u0131r\u0131lmas\u0131, tar\u0131m sorununun \u00e7\u00f6z\u00fcm\u00fc, toplumun sosyalist yeniden in\u015fas\u0131n\u0131n bi\u00e7imleri ve proletarya partisinin g\u00f6revleri gibi bilimsel sosyalizmin temel tezlerinin g\u00fcncel bir sorun \u00e7er\u00e7evesinde a\u00e7\u0131klanmas\u0131n\u0131n da de\u011ferli bir \u00f6rne\u011fidir. <\/p>\n","protected":false},"excerpt":{"rendered":"<p>Engels, \u201ckonut krizi\u201d \u00fczerine bu makale dizisinde, \u00f6zellikle Proudhon&#8217;un k\u00fc\u00e7\u00fck burjuva reformist \u00e7\u00f6z\u00fcm \u00f6nerileriyle proletaryan\u0131n devrimci politikas\u0131 aras\u0131ndaki fark\u0131 \u00f6ne \u00e7\u0131karm\u0131\u015ft\u0131r. Konut sorununun \u00e7\u00f6z\u00fcm\u00fcn\u00fcn ayn\u0131 anda<span class=\"excerpt-hellip\"> [\u2026]<\/span><\/p>\n","protected":false},"featured_media":0,"template":"","meta":{"_monsterinsights_skip_tracking":false,"_monsterinsights_sitenote_active":false,"_monsterinsights_sitenote_note":"","_monsterinsights_sitenote_category":0},"product_brand":[],"product_cat":[12324],"product_tag":[],"class_list":{"0":"post-761154","1":"product","2":"type-product","3":"status-publish","5":"product_cat-sosyoloji","6":"pa_cilt-ciltsiz","7":"pa_tur-kitap","8":"pa_yayinevi-kor-kitap","9":"pa_yazar-friedrich-engels","11":"first","12":"instock","13":"sale","14":"shipping-taxable","15":"purchasable","16":"product-type-simple"},"_links":{"self":[{"href":"https:\/\/roveyayinevi.com.tr\/index.php\/wp-json\/wp\/v2\/product\/761154","targetHints":{"allow":["GET"]}}],"collection":[{"href":"https:\/\/roveyayinevi.com.tr\/index.php\/wp-json\/wp\/v2\/product"}],"about":[{"href":"https:\/\/roveyayinevi.com.tr\/index.php\/wp-json\/wp\/v2\/types\/product"}],"wp:attachment":[{"href":"https:\/\/roveyayinevi.com.tr\/index.php\/wp-json\/wp\/v2\/media?parent=761154"}],"wp:term":[{"taxonomy":"product_brand","embeddable":true,"href":"https:\/\/roveyayinevi.com.tr\/index.php\/wp-json\/wp\/v2\/product_brand?post=761154"},{"taxonomy":"product_cat","embeddable":true,"href":"https:\/\/roveyayinevi.com.tr\/index.php\/wp-json\/wp\/v2\/product_cat?post=761154"},{"taxonomy":"product_tag","embeddable":true,"href":"https:\/\/roveyayinevi.com.tr\/index.php\/wp-json\/wp\/v2\/product_tag?post=761154"}],"curies":[{"name":"wp","href":"https:\/\/api.w.org\/{rel}","templated":true}]}}