{"id":761153,"date":"2025-08-28T09:28:45","date_gmt":"2025-08-28T06:28:45","guid":{"rendered":"https:\/\/roveyayinevi.com.tr\/index.php\/urun\/kantin-kritik-felsefesi\/"},"modified":"2026-04-16T03:14:44","modified_gmt":"2026-04-16T00:14:44","slug":"kantin-kritik-felsefesi","status":"publish","type":"product","link":"https:\/\/roveyayinevi.com.tr\/index.php\/urun\/kantin-kritik-felsefesi\/","title":{"rendered":"Kant\u2019\u0131n Kritik Felsefesi"},"content":{"rendered":"<p>\u0130nsan\u0131n zihinsel yetileri nelerdir? Bilmek, hayal etmek ne demektir? Temsil, sentez, analiz, idea, kavram ve g\u00f6r\u00fc Kant\u2019ta ne anlama gelir ve nas\u0131l bir ili\u015fki i\u00e7indedir? Ak\u0131l, anlama yetisi ve hayalg\u00fcc\u00fc aras\u0131ndaki ili\u015fkinin do\u011fas\u0131 nedir, hangi alanlarda i\u015flevsel ve hangi alanlarda yasa koyucudurlar? Gilles Deleuze, Kant\u2019\u0131n Kritik Felsefesi\u2019nde, felsefe tarihinin en \u00f6nemli filozoflar\u0131ndan biri, hatta belki de en \u00f6nemlisi olan Immanuel Kant\u2019\u0131n Saf Akl\u0131n Kriti\u011fi, Pratik Akl\u0131n Kriti\u011fi ve Yarg\u0131 Yetisinin Kriti\u011fi adl\u0131 \u00fc\u00e7 temel eserinde uygulad\u0131\u011f\u0131 felsefi y\u00f6ntemin analizini yap\u0131yor:   \u201cGenel olarak Kritik\u2019in temel bir tezinin ilkesini ak\u0131lda tutmakla yetinece\u011fiz: akl\u0131n, do\u011falar\u0131 bak\u0131m\u0131ndan birbirlerinden farkl\u0131 ilgileri vard\u0131r. Bu ilgiler organik ve hiyerar\u015fik bir sistem olu\u015fturur ki bu da ak\u0131l sahibi varl\u0131\u011f\u0131n erekler sistemidir.\u201d Fakat der Gilles Deleuze, \u201cyasa koyucu bir yeti, di\u011fer yetilerin b\u00fct\u00fcn g\u00f6revlerini ortadan kald\u0131rmaz. (\u2026) Her bir Kritik\u2019i takiben anlama yetisi, ak\u0131l, hayalg\u00fcc\u00fc, bu yetilerden birinin ba\u015fkanl\u0131\u011f\u0131nda, birbirleriyle farkl\u0131 \u015fekillerde ili\u015fkilenirler.\u201d <\/p>\n","protected":false},"excerpt":{"rendered":"<p>\u0130nsan\u0131n zihinsel yetileri nelerdir? Bilmek, hayal etmek ne demektir? Temsil, sentez, analiz, idea, kavram ve g\u00f6r\u00fc Kant\u2019ta ne anlama gelir ve nas\u0131l bir ili\u015fki i\u00e7indedir? Ak\u0131l,<span class=\"excerpt-hellip\"> [\u2026]<\/span><\/p>\n","protected":false},"featured_media":0,"template":"","meta":{"_monsterinsights_skip_tracking":false,"_monsterinsights_sitenote_active":false,"_monsterinsights_sitenote_note":"","_monsterinsights_sitenote_category":0},"product_brand":[],"product_cat":[12388],"product_tag":[],"class_list":{"0":"post-761153","1":"product","2":"type-product","3":"status-publish","5":"product_cat-felsefe","6":"pa_cilt-ciltsiz","7":"pa_tur-kitap","8":"pa_yayinevi-inka-yayinlari","9":"pa_yazar-gilles-deleuze","11":"first","12":"instock","13":"sale","14":"shipping-taxable","15":"purchasable","16":"product-type-simple"},"_links":{"self":[{"href":"https:\/\/roveyayinevi.com.tr\/index.php\/wp-json\/wp\/v2\/product\/761153","targetHints":{"allow":["GET"]}}],"collection":[{"href":"https:\/\/roveyayinevi.com.tr\/index.php\/wp-json\/wp\/v2\/product"}],"about":[{"href":"https:\/\/roveyayinevi.com.tr\/index.php\/wp-json\/wp\/v2\/types\/product"}],"wp:attachment":[{"href":"https:\/\/roveyayinevi.com.tr\/index.php\/wp-json\/wp\/v2\/media?parent=761153"}],"wp:term":[{"taxonomy":"product_brand","embeddable":true,"href":"https:\/\/roveyayinevi.com.tr\/index.php\/wp-json\/wp\/v2\/product_brand?post=761153"},{"taxonomy":"product_cat","embeddable":true,"href":"https:\/\/roveyayinevi.com.tr\/index.php\/wp-json\/wp\/v2\/product_cat?post=761153"},{"taxonomy":"product_tag","embeddable":true,"href":"https:\/\/roveyayinevi.com.tr\/index.php\/wp-json\/wp\/v2\/product_tag?post=761153"}],"curies":[{"name":"wp","href":"https:\/\/api.w.org\/{rel}","templated":true}]}}