{"id":761150,"date":"2025-08-28T09:28:38","date_gmt":"2025-08-28T06:28:38","guid":{"rendered":"https:\/\/roveyayinevi.com.tr\/index.php\/urun\/leviathan-3\/"},"modified":"2026-04-16T03:14:44","modified_gmt":"2026-04-16T00:14:44","slug":"leviathan-3","status":"publish","type":"product","link":"https:\/\/roveyayinevi.com.tr\/index.php\/urun\/leviathan-3\/","title":{"rendered":"Leviathan 3"},"content":{"rendered":"<p>KARANLI\u011eIN KALB\u0130NDE YATAN NED\u0130R? \u0130NSAN MI, CANAVAR MI?   Leviathan\u2019da mahsur kalan ortaokul \u00f6\u011frencileri aras\u0131nda ittifaklar kuruluyor: Kurbanlar ve zorbalar, k\u0131zlar ve erkekler, zenginler ve fakirler, bir tek ki\u015finin hayatta kalaca\u011f\u0131 amans\u0131z bir mu\u0308cadelede kar\u015f\u0131 kar\u015f\u0131ya geliyor.   Kazuma, yemekhaneyi kontrol eden grubun s\u0131\u011f\u0131na\u011f\u0131nda saklan\u0131yor ama \u015fu\u0308pheleri var&#8230; Ya karizmatik Yo g\u00f6ru\u0308ndu\u0308\u011fu\u0308 gibi biri de\u011filse? Gu\u0308nlu\u0308\u011fu\u0308n yazar\u0131 vakit kaybetmeden, onun pozisyonu i\u00e7in fazla mu\u0308kemmel olan bu liderin pe\u015fine du\u0308\u015fu\u0308yor. Sonunda hibernasyon cihaz\u0131na di\u011ferlerinden \u00f6nce ula\u015fma \u015fans\u0131 olacak m\u0131?   Son derece detayl\u0131 bir \u015fekilde tasvir edilen bu can s\u0131k\u0131c\u0131 ortamda, sonu cehenneme \u00e7\u0131kan yolu ke\u015ffedin! <\/p>\n","protected":false},"excerpt":{"rendered":"<p>KARANLI\u011eIN KALB\u0130NDE YATAN NED\u0130R? \u0130NSAN MI, CANAVAR MI? Leviathan\u2019da mahsur kalan ortaokul \u00f6\u011frencileri aras\u0131nda ittifaklar kuruluyor: Kurbanlar ve zorbalar, k\u0131zlar ve erkekler, zenginler ve fakirler, bir<span class=\"excerpt-hellip\"> [\u2026]<\/span><\/p>\n","protected":false},"featured_media":0,"template":"","meta":{"_monsterinsights_skip_tracking":false,"_monsterinsights_sitenote_active":false,"_monsterinsights_sitenote_note":"","_monsterinsights_sitenote_category":0},"product_brand":[],"product_cat":[12416,12291],"product_tag":[],"class_list":{"0":"post-761150","1":"product","2":"type-product","3":"status-publish","5":"product_cat-cizgi-roman","6":"product_cat-edebiyat","7":"pa_cilt-ciltsiz","8":"pa_tur-kitap","9":"pa_yayinevi-athica-yayinlari","10":"pa_yazar-shiro-kuroi","12":"first","13":"instock","14":"sale","15":"shipping-taxable","16":"purchasable","17":"product-type-simple"},"_links":{"self":[{"href":"https:\/\/roveyayinevi.com.tr\/index.php\/wp-json\/wp\/v2\/product\/761150","targetHints":{"allow":["GET"]}}],"collection":[{"href":"https:\/\/roveyayinevi.com.tr\/index.php\/wp-json\/wp\/v2\/product"}],"about":[{"href":"https:\/\/roveyayinevi.com.tr\/index.php\/wp-json\/wp\/v2\/types\/product"}],"wp:attachment":[{"href":"https:\/\/roveyayinevi.com.tr\/index.php\/wp-json\/wp\/v2\/media?parent=761150"}],"wp:term":[{"taxonomy":"product_brand","embeddable":true,"href":"https:\/\/roveyayinevi.com.tr\/index.php\/wp-json\/wp\/v2\/product_brand?post=761150"},{"taxonomy":"product_cat","embeddable":true,"href":"https:\/\/roveyayinevi.com.tr\/index.php\/wp-json\/wp\/v2\/product_cat?post=761150"},{"taxonomy":"product_tag","embeddable":true,"href":"https:\/\/roveyayinevi.com.tr\/index.php\/wp-json\/wp\/v2\/product_tag?post=761150"}],"curies":[{"name":"wp","href":"https:\/\/api.w.org\/{rel}","templated":true}]}}