{"id":761149,"date":"2025-08-28T09:28:36","date_gmt":"2025-08-28T06:28:36","guid":{"rendered":"https:\/\/roveyayinevi.com.tr\/index.php\/urun\/yasamin-gizli-sifreleri\/"},"modified":"2026-04-16T03:14:44","modified_gmt":"2026-04-16T00:14:44","slug":"yasamin-gizli-sifreleri","status":"publish","type":"product","link":"https:\/\/roveyayinevi.com.tr\/index.php\/urun\/yasamin-gizli-sifreleri\/","title":{"rendered":"Ya\u015fam\u0131n Gizli \u015eifreleri"},"content":{"rendered":"<p>\u201cHERKES G\u00d6RMES\u0130 GEREKT\u0130\u011e\u0130 G\u0130B\u0130 G\u00d6R\u00dcR!\u201d Bazen hayat\u0131m\u0131zda anlamland\u0131ramad\u0131\u011f\u0131m\u0131z olaylar meydana gelir, bazen sorunlar hep bizi buluyor san\u0131r\u0131z. Oysa hayat\u0131m\u0131zda tesad\u00fcfe yer yoktur ve bir duygu varsa, orada g\u00f6rmeniz gereken bir i\u015faret vard\u0131r. Y\u00fcr\u00fcd\u00fc\u011f\u00fcn\u00fcz sokak, oturdu\u011funuz mahalle, ev, okudu\u011funuz okul, i\u015fyerinizin bulundu\u011fu sokak, hayat\u0131n\u0131za giren insanlar size hayat\u0131 daha iyi g\u00f6rebilmeniz i\u00e7in ama kalp g\u00f6z\u00fcyle g\u00f6rebilmeniz i\u00e7in i\u015faretler verir. \u0130\u015faretleri okuyabilenler, daha dengeli bir ya\u015fam i\u00e7in en \u00f6nemli ad\u0131m\u0131 atm\u0131\u015f olurlar. Sonras\u0131 ise yarg\u0131lamamak, k\u0131namamak, dedikodu yapmamak, olumsuz d\u00fc\u015f\u00fcnmemekle devam eder. Kurulan ili\u015fkiler ancak o zaman dengeye gelir. Bu kitapta her yerde kar\u015f\u0131n\u0131za \u00e7\u0131kan i\u015faretleri nas\u0131l g\u00f6rece\u011finiz ve okuyaca\u011f\u0131n\u0131z anlat\u0131lmaktad\u0131r.   E\u011fer siz de:   \u201cB\u00f6yle insanlar neden hep beni buluyor?\u201d   \u201cBu olaylar neden hep benim ba\u015f\u0131ma geliyor?\u201d   \u201cNeden s\u0131k s\u0131k bu duruma d\u00fc\u015f\u00fcyorum?\u201d   \u201cOnca y\u0131l nas\u0131l oldu da anlayamad\u0131m?\u201d   \u201cKendimi anlatmak i\u00e7in daha ne kadar u\u011fra\u015faca\u011f\u0131m?\u201d   \u201cBu hep b\u00f6yle mi devam edecek?\u201d   \u201cBunca \u015feyin benim ba\u015f\u0131ma gelmesi tesad\u00fcf m\u00fc?\u201d gibi sorular soruyor ve cevaplar\u0131 ar\u0131yorsan\u0131z, bu kitap size i\u015faretleri nas\u0131l g\u00f6rece\u011finizi anlatacakt\u0131r.     Ya\u015fam\u0131n gizli \u015fifreleri, niyet edip yola \u00e7\u0131kanlar, kalple g\u00f6rmeyi bilenler i\u00e7in a\u00e7\u0131k\u00e7a ortadad\u0131r. <\/p>\n","protected":false},"excerpt":{"rendered":"<p>\u201cHERKES G\u00d6RMES\u0130 GEREKT\u0130\u011e\u0130 G\u0130B\u0130 G\u00d6R\u00dcR!\u201d Bazen hayat\u0131m\u0131zda anlamland\u0131ramad\u0131\u011f\u0131m\u0131z olaylar meydana gelir, bazen sorunlar hep bizi buluyor san\u0131r\u0131z. Oysa hayat\u0131m\u0131zda tesad\u00fcfe yer yoktur ve bir duygu varsa,<span class=\"excerpt-hellip\"> [\u2026]<\/span><\/p>\n","protected":false},"featured_media":0,"template":"","meta":{"_monsterinsights_skip_tracking":false,"_monsterinsights_sitenote_active":false,"_monsterinsights_sitenote_note":"","_monsterinsights_sitenote_category":0},"product_brand":[],"product_cat":[12364,12376],"product_tag":[],"class_list":{"0":"post-761149","1":"product","2":"type-product","3":"status-publish","5":"product_cat-genel-konular","6":"product_cat-kisisel-gelisim","7":"pa_cilt-ciltsiz","8":"pa_tur-kitap","9":"pa_yayinevi-destek-yayinlari","10":"pa_yazar-emine-gardiyanoglu","12":"first","13":"instock","14":"sale","15":"shipping-taxable","16":"purchasable","17":"product-type-simple"},"_links":{"self":[{"href":"https:\/\/roveyayinevi.com.tr\/index.php\/wp-json\/wp\/v2\/product\/761149","targetHints":{"allow":["GET"]}}],"collection":[{"href":"https:\/\/roveyayinevi.com.tr\/index.php\/wp-json\/wp\/v2\/product"}],"about":[{"href":"https:\/\/roveyayinevi.com.tr\/index.php\/wp-json\/wp\/v2\/types\/product"}],"wp:attachment":[{"href":"https:\/\/roveyayinevi.com.tr\/index.php\/wp-json\/wp\/v2\/media?parent=761149"}],"wp:term":[{"taxonomy":"product_brand","embeddable":true,"href":"https:\/\/roveyayinevi.com.tr\/index.php\/wp-json\/wp\/v2\/product_brand?post=761149"},{"taxonomy":"product_cat","embeddable":true,"href":"https:\/\/roveyayinevi.com.tr\/index.php\/wp-json\/wp\/v2\/product_cat?post=761149"},{"taxonomy":"product_tag","embeddable":true,"href":"https:\/\/roveyayinevi.com.tr\/index.php\/wp-json\/wp\/v2\/product_tag?post=761149"}],"curies":[{"name":"wp","href":"https:\/\/api.w.org\/{rel}","templated":true}]}}