{"id":761147,"date":"2025-08-28T09:28:34","date_gmt":"2025-08-28T06:28:34","guid":{"rendered":"https:\/\/roveyayinevi.com.tr\/index.php\/urun\/siyasetname-3\/"},"modified":"2026-02-03T03:28:43","modified_gmt":"2026-02-03T00:28:43","slug":"siyasetname-3","status":"publish","type":"product","link":"https:\/\/roveyayinevi.com.tr\/index.php\/urun\/siyasetname-3\/","title":{"rendered":"Siyasetname"},"content":{"rendered":"<p>B\u00fcy\u00fck Sel\u00e7uklu Sultan\u0131 Melik\u015fah ve onun \u015f\u00f6hretli veziri Niz\u00e2m\u00fclm\u00fclk\u2026 Ve siyaset teorisinin temel metinleri aras\u0131nda g\u00f6sterilen Siy\u00e2setn\u00e2me. Devlet nas\u0131l y\u00f6netilmelidir? Devlet ba\u015fkan\u0131n\u0131n vas\u0131flar\u0131 nelerdir? Halka bak\u0131\u015f\u0131 ne olmal\u0131d\u0131r? Adalet, mali y\u00f6netim, isti\u015fare, haberle\u015fme, ordunun ihtiya\u00e7lar\u0131, saray muhaf\u0131zlar\u0131. Ad\u0131m ad\u0131m, nokta nokta kim nerede, ne olmal\u0131? Devletin varolu\u015f felsefesi neye dayanmal\u0131? Ayetler, hadisler ve hik\u00e2yelerle \u00f6r\u00fclm\u00fc\u015f ba\u015ftan sona bir \u00f6\u011f\u00fct, \u00f6neri ve yol g\u00f6sterme kitab\u0131. \u2018Devlet umurunda \u015fuur ta\u015f\u0131yanlar\u2019 i\u00e7in klasik bir rehber. <\/p>\n","protected":false},"excerpt":{"rendered":"<p>B\u00fcy\u00fck Sel\u00e7uklu Sultan\u0131 Melik\u015fah ve onun \u015f\u00f6hretli veziri Niz\u00e2m\u00fclm\u00fclk\u2026 Ve siyaset teorisinin temel metinleri aras\u0131nda g\u00f6sterilen Siy\u00e2setn\u00e2me. Devlet nas\u0131l y\u00f6netilmelidir? Devlet ba\u015fkan\u0131n\u0131n vas\u0131flar\u0131 nelerdir? Halka bak\u0131\u015f\u0131<span class=\"excerpt-hellip\"> [\u2026]<\/span><\/p>\n","protected":false},"featured_media":0,"template":"","meta":{"_monsterinsights_skip_tracking":false,"_monsterinsights_sitenote_active":false,"_monsterinsights_sitenote_note":"","_monsterinsights_sitenote_category":0},"product_brand":[],"product_cat":[12337],"product_tag":[],"class_list":{"0":"post-761147","1":"product","2":"type-product","3":"status-publish","5":"product_cat-politika-siyaset","6":"pa_cilt-ciltsiz","7":"pa_tur-kitap","8":"pa_yayinevi-kapi-yayinlari","9":"pa_yazar-nizamulmulk","11":"first","12":"instock","13":"sale","14":"shipping-taxable","15":"purchasable","16":"product-type-simple"},"_links":{"self":[{"href":"https:\/\/roveyayinevi.com.tr\/index.php\/wp-json\/wp\/v2\/product\/761147","targetHints":{"allow":["GET"]}}],"collection":[{"href":"https:\/\/roveyayinevi.com.tr\/index.php\/wp-json\/wp\/v2\/product"}],"about":[{"href":"https:\/\/roveyayinevi.com.tr\/index.php\/wp-json\/wp\/v2\/types\/product"}],"wp:attachment":[{"href":"https:\/\/roveyayinevi.com.tr\/index.php\/wp-json\/wp\/v2\/media?parent=761147"}],"wp:term":[{"taxonomy":"product_brand","embeddable":true,"href":"https:\/\/roveyayinevi.com.tr\/index.php\/wp-json\/wp\/v2\/product_brand?post=761147"},{"taxonomy":"product_cat","embeddable":true,"href":"https:\/\/roveyayinevi.com.tr\/index.php\/wp-json\/wp\/v2\/product_cat?post=761147"},{"taxonomy":"product_tag","embeddable":true,"href":"https:\/\/roveyayinevi.com.tr\/index.php\/wp-json\/wp\/v2\/product_tag?post=761147"}],"curies":[{"name":"wp","href":"https:\/\/api.w.org\/{rel}","templated":true}]}}