{"id":761145,"date":"2025-08-28T09:28:30","date_gmt":"2025-08-28T06:28:30","guid":{"rendered":"https:\/\/roveyayinevi.com.tr\/index.php\/urun\/kirk-bahar\/"},"modified":"2026-04-16T03:14:44","modified_gmt":"2026-04-16T00:14:44","slug":"kirk-bahar","status":"publish","type":"product","link":"https:\/\/roveyayinevi.com.tr\/index.php\/urun\/kirk-bahar\/","title":{"rendered":"K\u0131rk Bahar"},"content":{"rendered":"<p>M\u00dcNACAAT \u2018Tanr\u0131m, Rabb\u2019im, Allah\u2019\u0131m! Beni yurt olarak \u015fiire b\u0131rakt\u0131n da, ben \u015fair oldum mu bilmiyorum. Bu bilinmezlik i\u015fte beni bah\u00e7emden vuran, delirten. E\u011fer \u015fiirsem, tamamla m\u0131sram\u0131. Yaln\u0131zl\u0131\u011f\u0131m \u00f6fkeli bir ordu gibi y\u00fcr\u00fcyor y\u00fcre\u011fime. Tanr\u0131m! Y\u00fcre\u011fimin en ayd\u0131nl\u0131k \u015fehrini i\u015fgal ediyor d\u00fc\u015fman. Bir \u015fiir say \u015fu s\u00f6z\u00fcm\u00fc; \u2018\u00e7ok yaln\u0131z\u0131m\u2019. <\/p>\n","protected":false},"excerpt":{"rendered":"<p>M\u00dcNACAAT \u2018Tanr\u0131m, Rabb\u2019im, Allah\u2019\u0131m! Beni yurt olarak \u015fiire b\u0131rakt\u0131n da, ben \u015fair oldum mu bilmiyorum. Bu bilinmezlik i\u015fte beni bah\u00e7emden vuran, delirten. E\u011fer \u015fiirsem, tamamla m\u0131sram\u0131.<span class=\"excerpt-hellip\"> [\u2026]<\/span><\/p>\n","protected":false},"featured_media":0,"template":"","meta":{"_monsterinsights_skip_tracking":false,"_monsterinsights_sitenote_active":false,"_monsterinsights_sitenote_note":"","_monsterinsights_sitenote_category":0},"product_brand":[],"product_cat":[12291,12509],"product_tag":[],"class_list":{"0":"post-761145","1":"product","2":"type-product","3":"status-publish","5":"product_cat-edebiyat","6":"product_cat-siir","7":"pa_cilt-ciltsiz","8":"pa_tur-kitap","9":"pa_yayinevi-iye-kitap","10":"pa_yazar-m-furkan-demiradam","12":"first","13":"instock","14":"sale","15":"shipping-taxable","16":"purchasable","17":"product-type-simple"},"_links":{"self":[{"href":"https:\/\/roveyayinevi.com.tr\/index.php\/wp-json\/wp\/v2\/product\/761145","targetHints":{"allow":["GET"]}}],"collection":[{"href":"https:\/\/roveyayinevi.com.tr\/index.php\/wp-json\/wp\/v2\/product"}],"about":[{"href":"https:\/\/roveyayinevi.com.tr\/index.php\/wp-json\/wp\/v2\/types\/product"}],"wp:attachment":[{"href":"https:\/\/roveyayinevi.com.tr\/index.php\/wp-json\/wp\/v2\/media?parent=761145"}],"wp:term":[{"taxonomy":"product_brand","embeddable":true,"href":"https:\/\/roveyayinevi.com.tr\/index.php\/wp-json\/wp\/v2\/product_brand?post=761145"},{"taxonomy":"product_cat","embeddable":true,"href":"https:\/\/roveyayinevi.com.tr\/index.php\/wp-json\/wp\/v2\/product_cat?post=761145"},{"taxonomy":"product_tag","embeddable":true,"href":"https:\/\/roveyayinevi.com.tr\/index.php\/wp-json\/wp\/v2\/product_tag?post=761145"}],"curies":[{"name":"wp","href":"https:\/\/api.w.org\/{rel}","templated":true}]}}