{"id":761142,"date":"2025-08-28T09:28:26","date_gmt":"2025-08-28T06:28:26","guid":{"rendered":"https:\/\/roveyayinevi.com.tr\/index.php\/urun\/slovak-tiyatrosundan-cagdas-oyunlar\/"},"modified":"2026-04-16T03:14:44","modified_gmt":"2026-04-16T00:14:44","slug":"slovak-tiyatrosundan-cagdas-oyunlar","status":"publish","type":"product","link":"https:\/\/roveyayinevi.com.tr\/index.php\/urun\/slovak-tiyatrosundan-cagdas-oyunlar\/","title":{"rendered":"Slovak Tiyatrosundan \u00c7a\u011fda\u015f Oyunlar"},"content":{"rendered":"<p>\u00c7a\u011fda\u015f Slovak tiyatrosundan son derece ilgin\u00e7 bir se\u00e7ki okurlar\u0131n be\u011fenisine T\u00fcrk\u00e7e sunuluyor. Her bir metin, yazar\u0131n\u0131n imzas\u0131 ile benzersiz bir \u015fiirselli\u011fi temsil ederken, ayn\u0131 zamanda Slovak toplumunun ve bu toplumun son on y\u0131ldaki d\u00f6n\u00fc\u015f\u00fcm\u00fcn\u00fcn de benzersiz bir yans\u0131mas\u0131. <\/p>\n","protected":false},"excerpt":{"rendered":"<p>\u00c7a\u011fda\u015f Slovak tiyatrosundan son derece ilgin\u00e7 bir se\u00e7ki okurlar\u0131n be\u011fenisine T\u00fcrk\u00e7e sunuluyor. Her bir metin, yazar\u0131n\u0131n imzas\u0131 ile benzersiz bir \u015fiirselli\u011fi temsil ederken, ayn\u0131 zamanda Slovak<span class=\"excerpt-hellip\"> [\u2026]<\/span><\/p>\n","protected":false},"featured_media":0,"template":"","meta":{"_monsterinsights_skip_tracking":false,"_monsterinsights_sitenote_active":false,"_monsterinsights_sitenote_note":"","_monsterinsights_sitenote_category":0},"product_brand":[],"product_cat":[12409,12408],"product_tag":[],"class_list":{"0":"post-761142","1":"product","2":"type-product","3":"status-publish","5":"product_cat-fotograf-sinema-tiyatro","6":"product_cat-sanat","7":"pa_cilt-ciltsiz","8":"pa_tur-kitap","9":"pa_yayinevi-e-yayinlari","10":"pa_yazar-kolektif","12":"first","13":"instock","14":"sale","15":"shipping-taxable","16":"purchasable","17":"product-type-simple"},"_links":{"self":[{"href":"https:\/\/roveyayinevi.com.tr\/index.php\/wp-json\/wp\/v2\/product\/761142","targetHints":{"allow":["GET"]}}],"collection":[{"href":"https:\/\/roveyayinevi.com.tr\/index.php\/wp-json\/wp\/v2\/product"}],"about":[{"href":"https:\/\/roveyayinevi.com.tr\/index.php\/wp-json\/wp\/v2\/types\/product"}],"wp:attachment":[{"href":"https:\/\/roveyayinevi.com.tr\/index.php\/wp-json\/wp\/v2\/media?parent=761142"}],"wp:term":[{"taxonomy":"product_brand","embeddable":true,"href":"https:\/\/roveyayinevi.com.tr\/index.php\/wp-json\/wp\/v2\/product_brand?post=761142"},{"taxonomy":"product_cat","embeddable":true,"href":"https:\/\/roveyayinevi.com.tr\/index.php\/wp-json\/wp\/v2\/product_cat?post=761142"},{"taxonomy":"product_tag","embeddable":true,"href":"https:\/\/roveyayinevi.com.tr\/index.php\/wp-json\/wp\/v2\/product_tag?post=761142"}],"curies":[{"name":"wp","href":"https:\/\/api.w.org\/{rel}","templated":true}]}}