{"id":761140,"date":"2025-08-28T09:28:22","date_gmt":"2025-08-28T06:28:22","guid":{"rendered":"https:\/\/roveyayinevi.com.tr\/index.php\/urun\/isimsiz-gunahkarlar\/"},"modified":"2026-04-16T03:14:43","modified_gmt":"2026-04-16T00:14:43","slug":"isimsiz-gunahkarlar","status":"publish","type":"product","link":"https:\/\/roveyayinevi.com.tr\/index.php\/urun\/isimsiz-gunahkarlar\/","title":{"rendered":"\u0130simsiz G\u00fcnahkarlar"},"content":{"rendered":"<p>Ad\u0131m Rory Carter ve k\u00f6t\u00fc \u015feyler yap\u0131yorum. Ni\u015fanl\u0131m\u0131n ye\u011feni i\u015fledi\u011fim her g\u00fcnah\u0131 biliyordu, en derin ve karanl\u0131k olanlar\u0131 bile. Bu meleksi d\u0131\u015f g\u00f6r\u00fcn\u00fc\u015f\u00fcm\u00fcn alt\u0131nda k\u00f6m\u00fcrle\u015fmi\u015f bir ruh vard\u0131 ve bazen \u0130simsiz G\u00fcnahk\u00e2rlar yard\u0131m hatt\u0131na yapt\u0131\u011f\u0131m haftal\u0131k itiraflar\u0131m\u0131n onu iyile\u015ftirmeye yetip yetmeyece\u011fini merak ediyordum. Babam\u0131 kurtarmak i\u00e7in Cosa Nostra&#8217;n\u0131n yetmi\u015f k\u00fcs\u00fcr ya\u015f\u0131ndaki lideriyle evlenmek \u015fimdiye kadar yapt\u0131\u011f\u0131m tek iyilikti. Sahte g\u00fcl\u00fcmsemelerin ve dar elbiselerin alt\u0131nda hem yan\u0131yordum hem de ac\u0131 \u00e7ekiyordum ama kendimi bir b\u00fct\u00fcn olarak tutmaya devam ediyordum.   Ta ki ni\u015fanl\u0131m\u0131n ye\u011feni ak\u015fam yeme\u011fine davetsiz gelene kadar. Angelo &#8216;Vicious&#8217; Visconti. Elmac\u0131kkemikleri dili kadar keskin olan g\u00fczel bir canavard\u0131. Ondan korkmamam gerekti\u011fini s\u00f6yl\u00fcyorlard\u0131 \u00e7\u00fcnk\u00fc dokuz y\u0131l \u00f6nce d\u00fcr\u00fcst bir hayat ya\u015famay\u0131 se\u00e7mi\u015fti. Art\u0131k bir Made Man bile say\u0131lmazd\u0131. Ama bence o Visconti&#8217;lerin en tehlikelisiydi. Bunun sebebi onun so\u011fuk alayc\u0131l\u0131\u011f\u0131n\u0131n nabz\u0131m\u0131 h\u0131zland\u0131rmas\u0131 de\u011fildi. Ya da onun \u015furup k\u0131vam\u0131ndaki \u00e7ekicili\u011finin omurgamdan a\u015fa\u011f\u0131 s\u00fcz\u00fcl\u00fc\u015f\u00fc de\u2026 Hay\u0131r. B\u00fct\u00fcn g\u00fcnahlar\u0131m\u0131 b\u00fcy\u00fck ve sert ellerinde tutuyordu. Benimkinden daha karanl\u0131k olan tek g\u00fcnah ise onunkiydi\u2026<\/p>\n","protected":false},"excerpt":{"rendered":"<p>Ad\u0131m Rory Carter ve k\u00f6t\u00fc \u015feyler yap\u0131yorum. Ni\u015fanl\u0131m\u0131n ye\u011feni i\u015fledi\u011fim her g\u00fcnah\u0131 biliyordu, en derin ve karanl\u0131k olanlar\u0131 bile. Bu meleksi d\u0131\u015f g\u00f6r\u00fcn\u00fc\u015f\u00fcm\u00fcn alt\u0131nda k\u00f6m\u00fcrle\u015fmi\u015f bir<span class=\"excerpt-hellip\"> [\u2026]<\/span><\/p>\n","protected":false},"featured_media":0,"template":"","meta":{"_monsterinsights_skip_tracking":false,"_monsterinsights_sitenote_active":false,"_monsterinsights_sitenote_note":"","_monsterinsights_sitenote_category":0},"product_brand":[],"product_cat":[12291,12711],"product_tag":[],"class_list":{"0":"post-761140","1":"product","2":"type-product","3":"status-publish","5":"product_cat-edebiyat","6":"product_cat-roman-oyku","7":"pa_cilt-ciltsiz","8":"pa_tur-kitap","9":"pa_yayinevi-marti-yayinlari","10":"pa_yazar-somme-sketcher","12":"first","13":"instock","14":"sale","15":"shipping-taxable","16":"purchasable","17":"product-type-simple"},"_links":{"self":[{"href":"https:\/\/roveyayinevi.com.tr\/index.php\/wp-json\/wp\/v2\/product\/761140","targetHints":{"allow":["GET"]}}],"collection":[{"href":"https:\/\/roveyayinevi.com.tr\/index.php\/wp-json\/wp\/v2\/product"}],"about":[{"href":"https:\/\/roveyayinevi.com.tr\/index.php\/wp-json\/wp\/v2\/types\/product"}],"wp:attachment":[{"href":"https:\/\/roveyayinevi.com.tr\/index.php\/wp-json\/wp\/v2\/media?parent=761140"}],"wp:term":[{"taxonomy":"product_brand","embeddable":true,"href":"https:\/\/roveyayinevi.com.tr\/index.php\/wp-json\/wp\/v2\/product_brand?post=761140"},{"taxonomy":"product_cat","embeddable":true,"href":"https:\/\/roveyayinevi.com.tr\/index.php\/wp-json\/wp\/v2\/product_cat?post=761140"},{"taxonomy":"product_tag","embeddable":true,"href":"https:\/\/roveyayinevi.com.tr\/index.php\/wp-json\/wp\/v2\/product_tag?post=761140"}],"curies":[{"name":"wp","href":"https:\/\/api.w.org\/{rel}","templated":true}]}}