{"id":761135,"date":"2025-08-28T09:28:13","date_gmt":"2025-08-28T06:28:13","guid":{"rendered":"https:\/\/roveyayinevi.com.tr\/index.php\/urun\/konusmamiz-gerek\/"},"modified":"2026-04-12T03:17:55","modified_gmt":"2026-04-12T00:17:55","slug":"konusmamiz-gerek","status":"publish","type":"product","link":"https:\/\/roveyayinevi.com.tr\/index.php\/urun\/konusmamiz-gerek\/","title":{"rendered":"Konu\u015fmam\u0131z Gerek"},"content":{"rendered":"<p>Hi\u00e7bir \u015eey Yapmama Sanat\u0131\u2019n\u0131n yazar\u0131 Celeste Headlee Konu\u015fmam\u0131z Gerek\u2019te, sahici konu\u015fmalar yaparak bizi ay\u0131ran \u015feyler aras\u0131nda nas\u0131l k\u00f6pr\u00fc kurabilece\u011fimiz sorusunu yan\u0131tl\u0131yor.   Bug\u00fcn \u00e7o\u011fumuzun kurdu\u011fu ileti\u015fim elektronik cihazlar\u0131n ard\u0131na saklanm\u0131\u015f durumda. Ara\u015ft\u0131rmalar, Amerikal\u0131lar\u0131n insan ili\u015fkilerinin her zamankinden daha zay\u0131f oldu\u011funu g\u00f6sterirken, daha b\u00f6l\u00fcnm\u00fc\u015f hissettiklerinin de alt\u0131n\u0131 \u00e7iziyor: \u00dcstelik bu yaln\u0131zca Amerika\u2019ya \u00f6zg\u00fc bir ileti\u015fim krizi de\u011fil. Siyasi kutupla\u015fma bu krizin \u00f6nemli gerek\u00e7elerinden biri olabilir ancak konu\u015fma becerilerimizin k\u00f6relmesine sebep olan bizzat bizleriz.   Konu\u015fmam\u0131z Gerek, bu krizi \u00e7\u00f6zmenin tek yolunun birbirimizle \u201cger\u00e7ekten\u201d konu\u015fmaya ba\u015flamaktan ge\u00e7ti\u011fini s\u00f6yl\u00fcyor. Radyo gazetecisi ve yazar Headlee, daha iyi bir konu\u015fmac\u0131 olmas\u0131n\u0131 sa\u011flayan stratejileri \u00f6zetliyor ve ileti\u015fimi iyile\u015ftirmeye y\u00f6nelik basit ara\u00e7lar sunuyor. \u0130ster \u00e7ocu\u011funuzun \u00f6\u011fretmeniyle ister i\u015fyerindeki bir \u00e7al\u0131\u015fanla ya da en sevdi\u011finiz insanlarla ileti\u015fim kurmakta zorlan\u0131yor olun; Headlee\u2019nin her bir tavsiyesi, hepimizin \u00f6nemli konu\u015fmalar yapmas\u0131na yard\u0131mc\u0131 olacak birer ak\u0131ll\u0131 strateji.   \u201cKonu\u015fmam\u0131z Gerek, ba\u011f kurmakta zorlanan bir \u00e7a\u011f i\u00e7in \u00f6nemli bir k\u0131lavuz. Headlee yetenekli, d\u00fcr\u00fcst bir hik\u00e2ye anlat\u0131c\u0131s\u0131; verdi\u011fi tavsiyeler daha iyi bir e\u015f, arkada\u015f ve anne olmama yard\u0131mc\u0131 oldu.\u201d \u2014Jessica Lahey <\/p>\n","protected":false},"excerpt":{"rendered":"<p>Hi\u00e7bir \u015eey Yapmama Sanat\u0131\u2019n\u0131n yazar\u0131 Celeste Headlee Konu\u015fmam\u0131z Gerek\u2019te, sahici konu\u015fmalar yaparak bizi ay\u0131ran \u015feyler aras\u0131nda nas\u0131l k\u00f6pr\u00fc kurabilece\u011fimiz sorusunu yan\u0131tl\u0131yor. Bug\u00fcn \u00e7o\u011fumuzun kurdu\u011fu ileti\u015fim elektronik<span class=\"excerpt-hellip\"> [\u2026]<\/span><\/p>\n","protected":false},"featured_media":0,"template":"","meta":{"_monsterinsights_skip_tracking":false,"_monsterinsights_sitenote_active":false,"_monsterinsights_sitenote_note":"","_monsterinsights_sitenote_category":0},"product_brand":[],"product_cat":[12364,12376],"product_tag":[],"class_list":{"0":"post-761135","1":"product","2":"type-product","3":"status-publish","5":"product_cat-genel-konular","6":"product_cat-kisisel-gelisim","7":"pa_cilt-ciltsiz","8":"pa_tur-kitap","9":"pa_yayinevi-nova-kitap","10":"pa_yazar-celeste-headlee","12":"first","13":"instock","14":"sale","15":"shipping-taxable","16":"purchasable","17":"product-type-simple"},"_links":{"self":[{"href":"https:\/\/roveyayinevi.com.tr\/index.php\/wp-json\/wp\/v2\/product\/761135","targetHints":{"allow":["GET"]}}],"collection":[{"href":"https:\/\/roveyayinevi.com.tr\/index.php\/wp-json\/wp\/v2\/product"}],"about":[{"href":"https:\/\/roveyayinevi.com.tr\/index.php\/wp-json\/wp\/v2\/types\/product"}],"wp:attachment":[{"href":"https:\/\/roveyayinevi.com.tr\/index.php\/wp-json\/wp\/v2\/media?parent=761135"}],"wp:term":[{"taxonomy":"product_brand","embeddable":true,"href":"https:\/\/roveyayinevi.com.tr\/index.php\/wp-json\/wp\/v2\/product_brand?post=761135"},{"taxonomy":"product_cat","embeddable":true,"href":"https:\/\/roveyayinevi.com.tr\/index.php\/wp-json\/wp\/v2\/product_cat?post=761135"},{"taxonomy":"product_tag","embeddable":true,"href":"https:\/\/roveyayinevi.com.tr\/index.php\/wp-json\/wp\/v2\/product_tag?post=761135"}],"curies":[{"name":"wp","href":"https:\/\/api.w.org\/{rel}","templated":true}]}}