{"id":761134,"date":"2025-08-28T09:28:12","date_gmt":"2025-08-28T06:28:12","guid":{"rendered":"https:\/\/roveyayinevi.com.tr\/index.php\/urun\/sorularla-farkindalik\/"},"modified":"2026-04-16T03:14:43","modified_gmt":"2026-04-16T00:14:43","slug":"sorularla-farkindalik","status":"publish","type":"product","link":"https:\/\/roveyayinevi.com.tr\/index.php\/urun\/sorularla-farkindalik\/","title":{"rendered":"Sorularla Fark\u0131ndal\u0131k"},"content":{"rendered":"<p>\u201cFark\u0131ndal\u0131k, ya\u015fam\u0131n her \u00e2n\u0131n\u0131 derinlemesine ya\u015famak ve i\u00e7sel huzur bulmakt\u0131r.\u201d Jon Kabat-Zinn \u00c7i\u011fdem Genez, Sorularla Fark\u0131ndal\u0131k ile sizi kendinizi anlamaya ve fark etmeye, ger\u00e7ek anlamda ya\u015famay\u0131 deneyimlemeye ve hayat\u0131n tad\u0131n\u0131 \u00e7\u0131karmaya davet ediyor. Hem i\u00e7 d\u00fcnyan\u0131za hem de \u00e7evrenize daha bilin\u00e7li ve daha fark\u0131ndal\u0131kla bakarken, stresle ba\u015fa \u00e7\u0131kma, ili\u015fkilerinizi g\u00fc\u00e7lendirme ve i\u00e7 huzuru bulma yolunda size etkili bir rehber sunuyor. Fark\u0131ndal\u0131\u011f\u0131 g\u00fcnl\u00fck hayat\u0131n\u0131za entegre etmek i\u00e7in ipu\u00e7lar\u0131 bulaca\u011f\u0131n\u0131z bu kitap ile gerekli teknikleri \u00f6\u011frenecek ve pratik kazanacaks\u0131n\u0131z. B\u00f6ylece her \u00e2n\u0131 daha bilin\u00e7li, daha derin ve daha anlaml\u0131 ya\u015fayabileceksiniz. <\/p>\n","protected":false},"excerpt":{"rendered":"<p>\u201cFark\u0131ndal\u0131k, ya\u015fam\u0131n her \u00e2n\u0131n\u0131 derinlemesine ya\u015famak ve i\u00e7sel huzur bulmakt\u0131r.\u201d Jon Kabat-Zinn \u00c7i\u011fdem Genez, Sorularla Fark\u0131ndal\u0131k ile sizi kendinizi anlamaya ve fark etmeye, ger\u00e7ek anlamda ya\u015famay\u0131<span class=\"excerpt-hellip\"> [\u2026]<\/span><\/p>\n","protected":false},"featured_media":0,"template":"","meta":{"_monsterinsights_skip_tracking":false,"_monsterinsights_sitenote_active":false,"_monsterinsights_sitenote_note":"","_monsterinsights_sitenote_category":0},"product_brand":[],"product_cat":[12364,12376],"product_tag":[],"class_list":{"0":"post-761134","1":"product","2":"type-product","3":"status-publish","5":"product_cat-genel-konular","6":"product_cat-kisisel-gelisim","7":"pa_cilt-ciltsiz","8":"pa_tur-kitap","9":"pa_yayinevi-muptela-yayinevi","10":"pa_yazar-cigdem-genez","12":"first","13":"instock","14":"sale","15":"shipping-taxable","16":"purchasable","17":"product-type-simple"},"_links":{"self":[{"href":"https:\/\/roveyayinevi.com.tr\/index.php\/wp-json\/wp\/v2\/product\/761134","targetHints":{"allow":["GET"]}}],"collection":[{"href":"https:\/\/roveyayinevi.com.tr\/index.php\/wp-json\/wp\/v2\/product"}],"about":[{"href":"https:\/\/roveyayinevi.com.tr\/index.php\/wp-json\/wp\/v2\/types\/product"}],"wp:attachment":[{"href":"https:\/\/roveyayinevi.com.tr\/index.php\/wp-json\/wp\/v2\/media?parent=761134"}],"wp:term":[{"taxonomy":"product_brand","embeddable":true,"href":"https:\/\/roveyayinevi.com.tr\/index.php\/wp-json\/wp\/v2\/product_brand?post=761134"},{"taxonomy":"product_cat","embeddable":true,"href":"https:\/\/roveyayinevi.com.tr\/index.php\/wp-json\/wp\/v2\/product_cat?post=761134"},{"taxonomy":"product_tag","embeddable":true,"href":"https:\/\/roveyayinevi.com.tr\/index.php\/wp-json\/wp\/v2\/product_tag?post=761134"}],"curies":[{"name":"wp","href":"https:\/\/api.w.org\/{rel}","templated":true}]}}