{"id":761133,"date":"2025-08-28T09:28:10","date_gmt":"2025-08-28T06:28:10","guid":{"rendered":"https:\/\/roveyayinevi.com.tr\/index.php\/urun\/soylemsel-bir-kimlik-insasi\/"},"modified":"2026-04-16T03:14:43","modified_gmt":"2026-04-16T00:14:43","slug":"soylemsel-bir-kimlik-insasi","status":"publish","type":"product","link":"https:\/\/roveyayinevi.com.tr\/index.php\/urun\/soylemsel-bir-kimlik-insasi\/","title":{"rendered":"S\u00f6ylemsel Bir Kimlik \u0130n\u015fas\u0131"},"content":{"rendered":"<p>Etnik kimlik ayn\u0131 k\u00f6keni, ayn\u0131 k\u00fclt\u00fcrel \u00f6zellikleri payla\u015ft\u0131\u011f\u0131 varsay\u0131lan bir grup insan taraf\u0131ndan sahip olunan kimli\u011fe at\u0131fta bulunur. Ancak modern d\u00fcnyada kimlik kavram\u0131 ve tan\u0131mlar\u0131 yeni tart\u0131\u015fmalar neden olmakta, yeni anlay\u0131\u015flarla ele al\u0131nmaktad\u0131r. Bu ba\u011flamda bir mek\u00e2nla ba\u011flant\u0131l\u0131 dilsel bir nesnellik in\u015fas\u0131 olarak de\u011ferelenrilebilecek olan kimlik, tarihsel ko\u015fullar taraf\u0131ndan ku\u015fat\u0131l\u0131r ve belirli bir tarihsel d\u00f6nem i\u00e7inde anlaml\u0131d\u0131r. \u00c7erkeslerin kimlik alg\u0131s\u0131 da y\u00fczy\u0131llar boyunca sava\u015f, s\u00fcrg\u00fcn ve siyasi de\u011fi\u015fimlerle \u015fekillenen toplumsal yap\u0131lar\u0131yla birlikte yeniden ve yeniden in\u015fa edilmi\u015ftir. Bu kitapta dil, k\u00fclt\u00fcr, tarih ve siyasetin kesi\u015fim alan\u0131nda in\u015fa edilen \u00c7erkes kimli\u011fini olu\u015fturan s\u00f6ylemsel yap\u0131lar ara\u015ft\u0131r\u0131lmakta, \u00c7erkeslerin kimlik alg\u0131s\u0131 derinlemesine analiz edilmektedir. Kitap sadece \u00c7erkes kimli\u011finin de\u011fil, genel olarak etnik kimliklerin nas\u0131l in\u015fa edildi\u011fini anlamak isteyenler i\u00e7in de bir kaynak olmak iddias\u0131ndad\u0131r. <\/p>\n","protected":false},"excerpt":{"rendered":"<p>Etnik kimlik ayn\u0131 k\u00f6keni, ayn\u0131 k\u00fclt\u00fcrel \u00f6zellikleri payla\u015ft\u0131\u011f\u0131 varsay\u0131lan bir grup insan taraf\u0131ndan sahip olunan kimli\u011fe at\u0131fta bulunur. Ancak modern d\u00fcnyada kimlik kavram\u0131 ve tan\u0131mlar\u0131 yeni<span class=\"excerpt-hellip\"> [\u2026]<\/span><\/p>\n","protected":false},"featured_media":0,"template":"","meta":{"_monsterinsights_skip_tracking":false,"_monsterinsights_sitenote_active":false,"_monsterinsights_sitenote_note":"","_monsterinsights_sitenote_category":0},"product_brand":[],"product_cat":[15499,13488],"product_tag":[],"class_list":{"0":"post-761133","1":"product","2":"type-product","3":"status-publish","5":"product_cat-antropoloji","6":"product_cat-toplum-ve-insan","7":"pa_cilt-ciltsiz","8":"pa_tur-kitap","9":"pa_yayinevi-heretik-yayincilik","10":"pa_yazar-erdogan-boz","12":"first","13":"instock","14":"sale","15":"shipping-taxable","16":"purchasable","17":"product-type-simple"},"_links":{"self":[{"href":"https:\/\/roveyayinevi.com.tr\/index.php\/wp-json\/wp\/v2\/product\/761133","targetHints":{"allow":["GET"]}}],"collection":[{"href":"https:\/\/roveyayinevi.com.tr\/index.php\/wp-json\/wp\/v2\/product"}],"about":[{"href":"https:\/\/roveyayinevi.com.tr\/index.php\/wp-json\/wp\/v2\/types\/product"}],"wp:attachment":[{"href":"https:\/\/roveyayinevi.com.tr\/index.php\/wp-json\/wp\/v2\/media?parent=761133"}],"wp:term":[{"taxonomy":"product_brand","embeddable":true,"href":"https:\/\/roveyayinevi.com.tr\/index.php\/wp-json\/wp\/v2\/product_brand?post=761133"},{"taxonomy":"product_cat","embeddable":true,"href":"https:\/\/roveyayinevi.com.tr\/index.php\/wp-json\/wp\/v2\/product_cat?post=761133"},{"taxonomy":"product_tag","embeddable":true,"href":"https:\/\/roveyayinevi.com.tr\/index.php\/wp-json\/wp\/v2\/product_tag?post=761133"}],"curies":[{"name":"wp","href":"https:\/\/api.w.org\/{rel}","templated":true}]}}