{"id":761132,"date":"2025-08-28T09:28:08","date_gmt":"2025-08-28T06:28:08","guid":{"rendered":"https:\/\/roveyayinevi.com.tr\/index.php\/urun\/100-yil-cumhuriyet-destani\/"},"modified":"2026-04-16T03:14:43","modified_gmt":"2026-04-16T00:14:43","slug":"100-yil-cumhuriyet-destani","status":"publish","type":"product","link":"https:\/\/roveyayinevi.com.tr\/index.php\/urun\/100-yil-cumhuriyet-destani\/","title":{"rendered":"100.Y\u0131l Cumhuriyet Destan\u0131"},"content":{"rendered":"<p>Ba\u011f\u0131ms\u0131zl\u0131k Sava\u015f\u0131 ile ilgili hat\u0131r\u0131 say\u0131l\u0131r yap\u0131t yaz\u0131ld\u0131. Ancak Cumhuriyet\u2019imiz \u00fczerine, ona yak\u0131\u015fan nitelikte ve nicelikte \u015fiir, \u015fark\u0131, t\u00fcrk\u00fc,\u2026 ortaya koyamad\u0131k. Ne \u201c50.Y\u0131l Mar\u015f\u0131\u201d yeterince etkili olmu\u015f ve belleklerde kalm\u0131\u015ft\u0131, ne de 75.Y\u0131lda dikkate de\u011fer, \u015fiirsel bir yap\u0131t olu\u015fturulabilmi\u015fti. Bayram, ma\u00e7, miting gibi b\u00fcy\u00fck bulu\u015fmalarda, hal\u00e2 \u201c10.Y\u0131l Mar\u015f\u0131\u201dna sar\u0131l\u0131yor olmam\u0131z, \u015fiirimiz ve m\u00fczi\u011fimiz ad\u0131na h\u00fcz\u00fcn vericiydi.   Cumhuriyetimizin 100.ya\u015f\u0131na yakla\u015f\u0131rken, baz\u0131 \u015fiirler yaz\u0131ld\u0131, yaz\u0131lmad\u0131 de\u011fil. Hatta bunlar\u0131n baz\u0131lar\u0131 bestelendi ve sahnelendi de. Ama okuduklar\u0131m\/dinlediklerim\/izlediklerim, genellikle, milliyet\u00e7ilik sosuna bat\u0131r\u0131lm\u0131\u015f hamaset dolu soyut metinlerdi. Metinlerdeki birka\u00e7 s\u00f6zc\u00fck de\u011fi\u015ftirilerek milliyet\u00e7i herhangi bir \u00fclkeye, topluma rahatl\u0131kla uyarlanabilirlerdi. \u0130\u00e7inde, da\u011flar\u0131, ovalar\u0131, r\u00fczg\u00e2rlar\u0131, nehirleri, \u015fehirleriyle \u00fclkemiz; renkleri ve sesleriyle insanlar\u0131m\u0131z; \u015fiirleri, \u015fark\u0131lar\u0131, t\u00fcrk\u00fcleri, filmleriyle k\u00fclt\u00fcr\u00fcm\u00fcz pek yoktu. Sanki tarihimizde, devrimler yap\u0131lmam\u0131\u015f, kar\u015f\u0131 devrim hareketleri ba\u015flat\u0131lmam\u0131\u015f, Halkevleri, K\u00f6y Enstit\u00fcleri gibi kurumlar\u0131n kap\u0131s\u0131na kilit vurulmam\u0131\u015f, darbeler hi\u00e7 olmam\u0131\u015f, ayd\u0131nlar, \u015fairler, gazeteciler \u00f6ld\u00fcr\u00fclmemi\u015fti. Oysa, b\u00fct\u00fcn bunlar\u0131 kapsayan bir \u015fiir yazmak gerekiyordu. \u0130\u015fte \u201c100.Y\u0131l Cumhuriyet Destan\u0131\u201d b\u00f6yle bir g\u00f6rev duygusundan ve derin arzudan do\u011fdu. Cumhuriyet\u2019mize lay\u0131k olup olmad\u0131\u011f\u0131na, ku\u015fkusuz okurlar, ele\u015ftirmenler, akademisyenler olarak sizler karar vereceksiniz. <\/p>\n","protected":false},"excerpt":{"rendered":"<p>Ba\u011f\u0131ms\u0131zl\u0131k Sava\u015f\u0131 ile ilgili hat\u0131r\u0131 say\u0131l\u0131r yap\u0131t yaz\u0131ld\u0131. Ancak Cumhuriyet\u2019imiz \u00fczerine, ona yak\u0131\u015fan nitelikte ve nicelikte \u015fiir, \u015fark\u0131, t\u00fcrk\u00fc,\u2026 ortaya koyamad\u0131k. Ne \u201c50.Y\u0131l Mar\u015f\u0131\u201d yeterince etkili<span class=\"excerpt-hellip\"> [\u2026]<\/span><\/p>\n","protected":false},"featured_media":0,"template":"","meta":{"_monsterinsights_skip_tracking":false,"_monsterinsights_sitenote_active":false,"_monsterinsights_sitenote_note":"","_monsterinsights_sitenote_category":0},"product_brand":[],"product_cat":[12291,12509],"product_tag":[],"class_list":{"0":"post-761132","1":"product","2":"type-product","3":"status-publish","5":"product_cat-edebiyat","6":"product_cat-siir","7":"pa_cilt-ciltsiz","8":"pa_tur-kitap","9":"pa_yayinevi-cem-yayinevi","10":"pa_yazar-hasan-erkek","12":"first","13":"instock","14":"sale","15":"shipping-taxable","16":"purchasable","17":"product-type-simple"},"_links":{"self":[{"href":"https:\/\/roveyayinevi.com.tr\/index.php\/wp-json\/wp\/v2\/product\/761132","targetHints":{"allow":["GET"]}}],"collection":[{"href":"https:\/\/roveyayinevi.com.tr\/index.php\/wp-json\/wp\/v2\/product"}],"about":[{"href":"https:\/\/roveyayinevi.com.tr\/index.php\/wp-json\/wp\/v2\/types\/product"}],"wp:attachment":[{"href":"https:\/\/roveyayinevi.com.tr\/index.php\/wp-json\/wp\/v2\/media?parent=761132"}],"wp:term":[{"taxonomy":"product_brand","embeddable":true,"href":"https:\/\/roveyayinevi.com.tr\/index.php\/wp-json\/wp\/v2\/product_brand?post=761132"},{"taxonomy":"product_cat","embeddable":true,"href":"https:\/\/roveyayinevi.com.tr\/index.php\/wp-json\/wp\/v2\/product_cat?post=761132"},{"taxonomy":"product_tag","embeddable":true,"href":"https:\/\/roveyayinevi.com.tr\/index.php\/wp-json\/wp\/v2\/product_tag?post=761132"}],"curies":[{"name":"wp","href":"https:\/\/api.w.org\/{rel}","templated":true}]}}