{"id":761131,"date":"2025-08-28T09:28:06","date_gmt":"2025-08-28T06:28:06","guid":{"rendered":"https:\/\/roveyayinevi.com.tr\/index.php\/urun\/minecraft-pikselli-boyama-ozel-biyomlar\/"},"modified":"2026-04-16T03:14:43","modified_gmt":"2026-04-16T00:14:43","slug":"minecraft-pikselli-boyama-ozel-biyomlar","status":"publish","type":"product","link":"https:\/\/roveyayinevi.com.tr\/index.php\/urun\/minecraft-pikselli-boyama-ozel-biyomlar\/","title":{"rendered":"Minecraft Pikselli Boyama \u2013 \u00d6zel Biyomlar"},"content":{"rendered":"<p>Gizemli, \u00f6rnekli ve simetrik boyamalar\u2026 Hayal g\u00fcc\u00fcn\u00fc serbest b\u0131rak ve 70 adet pikselli boyaman\u0131n rengarenk d\u00fcnyas\u0131na dal. Ya\u011fmur ormanlar\u0131, karl\u0131 da\u011flar, orman ve \u00e7\u00f6l\u2026 Pikselleri tamamlayarak en sevdi\u011fin biyomlara hayat ver! <\/p>\n","protected":false},"excerpt":{"rendered":"<p>Gizemli, \u00f6rnekli ve simetrik boyamalar\u2026 Hayal g\u00fcc\u00fcn\u00fc serbest b\u0131rak ve 70 adet pikselli boyaman\u0131n rengarenk d\u00fcnyas\u0131na dal. Ya\u011fmur ormanlar\u0131, karl\u0131 da\u011flar, orman ve \u00e7\u00f6l\u2026 Pikselleri tamamlayarak<span class=\"excerpt-hellip\"> [\u2026]<\/span><\/p>\n","protected":false},"featured_media":0,"template":"","meta":{"_monsterinsights_skip_tracking":false,"_monsterinsights_sitenote_active":false,"_monsterinsights_sitenote_note":"","_monsterinsights_sitenote_category":0},"product_brand":[],"product_cat":[12644,12274],"product_tag":[],"class_list":{"0":"post-761131","1":"product","2":"type-product","3":"status-publish","5":"product_cat-boyama-kitaplari","6":"product_cat-cocuk-ve-genclik-kitaplari","7":"pa_cilt-ciltsiz","8":"pa_tur-kitap","9":"pa_yayinevi-beta-kids","10":"pa_yazar-kolektif","12":"first","13":"instock","14":"sale","15":"shipping-taxable","16":"purchasable","17":"product-type-simple"},"_links":{"self":[{"href":"https:\/\/roveyayinevi.com.tr\/index.php\/wp-json\/wp\/v2\/product\/761131","targetHints":{"allow":["GET"]}}],"collection":[{"href":"https:\/\/roveyayinevi.com.tr\/index.php\/wp-json\/wp\/v2\/product"}],"about":[{"href":"https:\/\/roveyayinevi.com.tr\/index.php\/wp-json\/wp\/v2\/types\/product"}],"wp:attachment":[{"href":"https:\/\/roveyayinevi.com.tr\/index.php\/wp-json\/wp\/v2\/media?parent=761131"}],"wp:term":[{"taxonomy":"product_brand","embeddable":true,"href":"https:\/\/roveyayinevi.com.tr\/index.php\/wp-json\/wp\/v2\/product_brand?post=761131"},{"taxonomy":"product_cat","embeddable":true,"href":"https:\/\/roveyayinevi.com.tr\/index.php\/wp-json\/wp\/v2\/product_cat?post=761131"},{"taxonomy":"product_tag","embeddable":true,"href":"https:\/\/roveyayinevi.com.tr\/index.php\/wp-json\/wp\/v2\/product_tag?post=761131"}],"curies":[{"name":"wp","href":"https:\/\/api.w.org\/{rel}","templated":true}]}}