{"id":761130,"date":"2025-08-28T09:28:04","date_gmt":"2025-08-28T06:28:04","guid":{"rendered":"https:\/\/roveyayinevi.com.tr\/index.php\/urun\/minecraft-pikselli-boyama\/"},"modified":"2026-04-16T03:14:43","modified_gmt":"2026-04-16T00:14:43","slug":"minecraft-pikselli-boyama","status":"publish","type":"product","link":"https:\/\/roveyayinevi.com.tr\/index.php\/urun\/minecraft-pikselli-boyama\/","title":{"rendered":"Minecraft Pikselli Boyama"},"content":{"rendered":"<p>Gizemli, \u00f6rnekli ve simetrik boyamalar\u2026 Hayal g\u00fcc\u00fcn\u00fc serbest b\u0131rak ve 70 adet pikselli boyaman\u0131n rengarenk d\u00fcnyas\u0131na dal. Zombi, creeper, elmas k\u0131l\u0131\u00e7 ve Nether kap\u0131s\u0131\u2026 Minecraft evreninin en inan\u0131lmaz resimleri bu kitapta seni bekliyor! <\/p>\n","protected":false},"excerpt":{"rendered":"<p>Gizemli, \u00f6rnekli ve simetrik boyamalar\u2026 Hayal g\u00fcc\u00fcn\u00fc serbest b\u0131rak ve 70 adet pikselli boyaman\u0131n rengarenk d\u00fcnyas\u0131na dal. Zombi, creeper, elmas k\u0131l\u0131\u00e7 ve Nether kap\u0131s\u0131\u2026 Minecraft evreninin<span class=\"excerpt-hellip\"> [\u2026]<\/span><\/p>\n","protected":false},"featured_media":0,"template":"","meta":{"_monsterinsights_skip_tracking":false,"_monsterinsights_sitenote_active":false,"_monsterinsights_sitenote_note":"","_monsterinsights_sitenote_category":0},"product_brand":[],"product_cat":[12644,12274],"product_tag":[],"class_list":{"0":"post-761130","1":"product","2":"type-product","3":"status-publish","5":"product_cat-boyama-kitaplari","6":"product_cat-cocuk-ve-genclik-kitaplari","7":"pa_cilt-ciltsiz","8":"pa_tur-kitap","9":"pa_yayinevi-beta-kids","10":"pa_yazar-kolektif","12":"first","13":"instock","14":"sale","15":"shipping-taxable","16":"purchasable","17":"product-type-simple"},"_links":{"self":[{"href":"https:\/\/roveyayinevi.com.tr\/index.php\/wp-json\/wp\/v2\/product\/761130","targetHints":{"allow":["GET"]}}],"collection":[{"href":"https:\/\/roveyayinevi.com.tr\/index.php\/wp-json\/wp\/v2\/product"}],"about":[{"href":"https:\/\/roveyayinevi.com.tr\/index.php\/wp-json\/wp\/v2\/types\/product"}],"wp:attachment":[{"href":"https:\/\/roveyayinevi.com.tr\/index.php\/wp-json\/wp\/v2\/media?parent=761130"}],"wp:term":[{"taxonomy":"product_brand","embeddable":true,"href":"https:\/\/roveyayinevi.com.tr\/index.php\/wp-json\/wp\/v2\/product_brand?post=761130"},{"taxonomy":"product_cat","embeddable":true,"href":"https:\/\/roveyayinevi.com.tr\/index.php\/wp-json\/wp\/v2\/product_cat?post=761130"},{"taxonomy":"product_tag","embeddable":true,"href":"https:\/\/roveyayinevi.com.tr\/index.php\/wp-json\/wp\/v2\/product_tag?post=761130"}],"curies":[{"name":"wp","href":"https:\/\/api.w.org\/{rel}","templated":true}]}}