{"id":761129,"date":"2025-08-28T09:28:03","date_gmt":"2025-08-28T06:28:03","guid":{"rendered":"https:\/\/roveyayinevi.com.tr\/index.php\/urun\/herkes-her-yerde-ciltli\/"},"modified":"2026-04-08T03:23:11","modified_gmt":"2026-04-08T00:23:11","slug":"herkes-her-yerde-ciltli","status":"publish","type":"product","link":"https:\/\/roveyayinevi.com.tr\/index.php\/urun\/herkes-her-yerde-ciltli\/","title":{"rendered":"Herkes Her Yerde (Ciltli)"},"content":{"rendered":"<p>B\u00fct\u00fcn s\u0131n\u0131rlara inat, hepimiz her yerdeyiz!40 dile \u00e7evrilen Herkesin \u00d6yk\u00fcs\u00fc kitab\u0131n\u0131n yarat\u0131c\u0131s\u0131 Kristin Roskifte, bu kez Herkes Her Yerde ile yery\u00fcz\u00fcn\u00fcn farkl\u0131 k\u00f6\u015felerinde bir araya gelmi\u015f hareket h\u00e2lindeki insanlar\u0131n g\u00fcnl\u00fck ya\u015famlar\u0131ndan ilgin\u00e7 manzaralar sunuyor.\u201cHayat, sonsuz bir yolculu\u011fa benzer,\u201d g\u00f6r\u00fc\u015f\u00fcn\u00fc destekleyen kurgusuyla seyahat etmenin, gezip g\u00f6rmenin, ya\u015fayarak \u00f6\u011frenmenin insana katt\u0131\u011f\u0131 art\u0131 de\u011ferlerin alt\u0131n\u0131 \u00e7izen kitap; son sayfalar\u0131nda yer verdi\u011fi a\u00e7\u0131klamalar ve betimlemelerle merak duygusunu da t\u0131rmand\u0131r\u0131yor.Ucu a\u00e7\u0131k sorularla \u00f6r\u00fclm\u00fc\u015f hareketli hik\u00e2yesi ve g\u00f6zlere \u015fenlik \u00e7izimleriyle e\u011flenceli bir yapbozu and\u0131ran bu etkile\u015fimli \u00f6yk\u00fc atlas\u0131, yediden yetmi\u015fe herkesi kitaptaki gizemleri \u00e7\u00f6zmeye ve kendi okuma yolculu\u011funu tekrar tekrar yazmaya davet ediyor!Y\u00f6r\u00fcngede durmadan hareket eden sekiz milyar d\u00fcnyal\u0131y\u0131z. Peki nereye gidiyoruz? Birimiz, an itibar\u0131yla ya\u011fmur ormanlar\u0131nda nesli t\u00fckenmekte olan bir hayvanla kar\u015f\u0131 kar\u015f\u0131yayken bir di\u011ferimiz Norve\u00e7 fiyortlar\u0131n\u0131n b\u00fcy\u00fcs\u00fcne kap\u0131lm\u0131\u015f vaziyette. G\u00fcney Kutbu&#8217;nu g\u00f6rmek i\u00e7in yan\u0131p tutu\u015fanlar ve hatta \u00f6zg\u00fcrce u\u00e7up istedi\u011fi yere gidebilen k\u00fc\u00e7\u00fck ku\u015fu k\u0131skananlar bile var aram\u0131zda!  Kimimiz hayat\u0131n\u0131n ilk seyahatine \u00e7\u0131kmaya haz\u0131rlan\u0131yor, kimimiz ise d\u00fcnyay\u0131 yepyeni g\u00f6zlerle g\u00f6recek olman\u0131n sab\u0131rs\u0131zl\u0131\u011f\u0131n\u0131 ya\u015f\u0131yor. Ay&#8217;a ayak basmay\u0131 d\u00fc\u015fleyen \u00e7ocu\u011fu ve zaman yolcular\u0131n\u0131 unutmak da olmaz tabii! Bir yerden ba\u015fka bir yere gitmenin arzusuyla onbinlerce y\u0131ld\u0131r yollarday\u0131z. Atlar\u0131n, e\u015feklerin belki de fillerin s\u0131rt\u0131nda ba\u015flayan yolculu\u011fumuzun h\u0131z\u0131 bug\u00fcn ses h\u0131z\u0131yla yar\u0131\u015f\u0131yor olsa da ilk g\u00fcnk\u00fc heyecan\u0131m\u0131z hi\u00e7 dinmedi. Zaten bilmedi\u011fimiz bir yerde, tan\u0131mad\u0131\u011f\u0131n\u0131z insanlarla bir araya gelmekten daha keyifli ne var ki \u015fu hayatta?Lakin, nereye gidersek gidelim, asl\u0131nda sekiz milyar\u0131m\u0131z da b\u00fct\u00fcn s\u0131n\u0131rlara inat ayn\u0131 yere, birlikte gidiyoruz. Evet, sen de bizden birisin!Herkes Her Yerde ile \u015fehrin kalabal\u0131klar\u0131na g\u00f6nl\u00fcn\u00fczce kar\u0131\u015fabilir, her biri kendi \u00f6yk\u00fcs\u00fcn\u00fcn kahraman\u0131 olan yery\u00fcz\u00fc sakinlerini yak\u0131ndan takip edebilir, farkl\u0131 ya\u015famlar\u0131n birbirleriyle nas\u0131l kesi\u015fti\u011fine tan\u0131kl\u0131k edebilir ve her okuyu\u015funuzda yepyeni \u00f6yk\u00fcc\u00fckler ke\u015ffedebilirsiniz.<\/p>\n","protected":false},"excerpt":{"rendered":"<p>B\u00fct\u00fcn s\u0131n\u0131rlara inat, hepimiz her yerdeyiz!40 dile \u00e7evrilen Herkesin \u00d6yk\u00fcs\u00fc kitab\u0131n\u0131n yarat\u0131c\u0131s\u0131 Kristin Roskifte, bu kez Herkes Her Yerde ile yery\u00fcz\u00fcn\u00fcn farkl\u0131 k\u00f6\u015felerinde bir araya gelmi\u015f<span class=\"excerpt-hellip\"> [\u2026]<\/span><\/p>\n","protected":false},"featured_media":0,"template":"","meta":{"_monsterinsights_skip_tracking":false,"_monsterinsights_sitenote_active":false,"_monsterinsights_sitenote_note":"","_monsterinsights_sitenote_category":0},"product_brand":[],"product_cat":[12364,12376],"product_tag":[],"class_list":{"0":"post-761129","1":"product","2":"type-product","3":"status-publish","5":"product_cat-genel-konular","6":"product_cat-kisisel-gelisim","7":"pa_cilt-ciltli","8":"pa_tur-kitap","9":"pa_yayinevi-desen-yayinlari","10":"pa_yazar-kristin-roskifte","12":"first","13":"instock","14":"sale","15":"shipping-taxable","16":"purchasable","17":"product-type-simple"},"_links":{"self":[{"href":"https:\/\/roveyayinevi.com.tr\/index.php\/wp-json\/wp\/v2\/product\/761129","targetHints":{"allow":["GET"]}}],"collection":[{"href":"https:\/\/roveyayinevi.com.tr\/index.php\/wp-json\/wp\/v2\/product"}],"about":[{"href":"https:\/\/roveyayinevi.com.tr\/index.php\/wp-json\/wp\/v2\/types\/product"}],"wp:attachment":[{"href":"https:\/\/roveyayinevi.com.tr\/index.php\/wp-json\/wp\/v2\/media?parent=761129"}],"wp:term":[{"taxonomy":"product_brand","embeddable":true,"href":"https:\/\/roveyayinevi.com.tr\/index.php\/wp-json\/wp\/v2\/product_brand?post=761129"},{"taxonomy":"product_cat","embeddable":true,"href":"https:\/\/roveyayinevi.com.tr\/index.php\/wp-json\/wp\/v2\/product_cat?post=761129"},{"taxonomy":"product_tag","embeddable":true,"href":"https:\/\/roveyayinevi.com.tr\/index.php\/wp-json\/wp\/v2\/product_tag?post=761129"}],"curies":[{"name":"wp","href":"https:\/\/api.w.org\/{rel}","templated":true}]}}