{"id":761127,"date":"2025-08-28T09:28:01","date_gmt":"2025-08-28T06:28:01","guid":{"rendered":"https:\/\/roveyayinevi.com.tr\/index.php\/urun\/insan-kaderini-nasil-belirler\/"},"modified":"2026-04-16T03:14:43","modified_gmt":"2026-04-16T00:14:43","slug":"insan-kaderini-nasil-belirler","status":"publish","type":"product","link":"https:\/\/roveyayinevi.com.tr\/index.php\/urun\/insan-kaderini-nasil-belirler\/","title":{"rendered":"\u0130nsan Kaderini Nas\u0131l Belirler?"},"content":{"rendered":"<p>Epiktetos\u2019un MS 50 y\u0131l\u0131nda Frigya\u2019daki Hieropolis kentinde d\u00fcnyaya geldi\u011fi san\u0131lmaktad\u0131r. Gen\u00e7li\u011fini k\u00f6le olarak ge\u00e7iren Epiktetos, Nero\u2019nun \u00f6l\u00fcm\u00fcnden (MS 68) k\u0131sa bir s\u00fcre sonra azat edildi ve Roma\u2019da felsefe e\u011fitimi vermeye ba\u015flad\u0131. MS 93 y\u0131l\u0131nda Yunanistan\u2019\u0131n Epir y\u00f6resindeki Nikopolis kentine giderek bir felsefe okulu kurdu. Epiktetos Stoac\u0131 felsefeye uygun olarak, \u00e7ok az e\u015fyas\u0131yla b\u00fcy\u00fck bir sadelik i\u00e7inde ya\u015fam\u0131n\u0131 s\u00fcrd\u00fcrd\u00fc. MS 135 civar\u0131nda Nikopolis kentinde \u00f6ld\u00fc. \u0130nsan Kaderini Nas\u0131l Belirler Epiktetos\u2019unDiatribai adl\u0131 eserinde yer alan kader konusundaki g\u00f6r\u00fc\u015flerinden yap\u0131lm\u0131\u015f bir derlemedir. Stoac\u0131 etikle sorumluluk d\u00fc\u015f\u00fcncesini, kendisinin ahlaki ki\u015filik (prohairesis) kavram\u0131na dayanan bir \u00f6zerklik ve i\u00e7sel \u00f6zg\u00fcrl\u00fck d\u00fc\u015f\u00fcncesine d\u00f6n\u00fc\u015ft\u00fcrmek i\u00e7in \u00e7al\u0131\u015fm\u0131\u015f olan Epiktetos en \u00e7ok tutku, istek ve arzulardan ba\u011f\u0131ms\u0131zl\u0131k anlam\u0131nda \u00f6zg\u00fcrl\u00fc\u011f\u00fcn ve de\u011fi\u015fmez bir kader yoluyla belirlenmi\u015f bir d\u00fcnya kar\u015f\u0131s\u0131nda tevekk\u00fcl\u00fcn \u00f6nemine vurgu yapm\u0131\u015ft\u0131r. \u201cAnne ve babam\u0131n b\u00f6yle insanlar olmalar\u0131ndan \u00e7ok rahats\u0131z\u0131m.\u201d Bunlar\u0131 s\u00f6yleyen insan anne ve babas\u0131n\u0131 se\u00e7me \u015fans\u0131n\u0131n olmad\u0131\u011f\u0131n\u0131 bilmiyor mu? Ne yani \u201chadi bakal\u0131m, d\u00fcnyaya geleceksin, kendine bir anne ve baba se\u00e7\u201d mi demeleri gerekirdi. Bu olanaks\u0131z. Anne ve baban\u0131z\u0131n sizden \u00f6nce d\u00fcnyaya gelmeleri gerekir. Sizin de ondan sonra. Anne ve babalar\u0131n\u0131z nas\u0131l insanlar olacak? Nas\u0131l olmalar\u0131 gerekiyorsa \u00f6yle olacak. <\/p>\n","protected":false},"excerpt":{"rendered":"<p>Epiktetos\u2019un MS 50 y\u0131l\u0131nda Frigya\u2019daki Hieropolis kentinde d\u00fcnyaya geldi\u011fi san\u0131lmaktad\u0131r. Gen\u00e7li\u011fini k\u00f6le olarak ge\u00e7iren Epiktetos, Nero\u2019nun \u00f6l\u00fcm\u00fcnden (MS 68) k\u0131sa bir s\u00fcre sonra azat edildi ve<span class=\"excerpt-hellip\"> [\u2026]<\/span><\/p>\n","protected":false},"featured_media":0,"template":"","meta":{"_monsterinsights_skip_tracking":false,"_monsterinsights_sitenote_active":false,"_monsterinsights_sitenote_note":"","_monsterinsights_sitenote_category":0},"product_brand":[],"product_cat":[12388],"product_tag":[],"class_list":{"0":"post-761127","1":"product","2":"type-product","3":"status-publish","5":"product_cat-felsefe","6":"pa_cilt-ciltsiz","7":"pa_tur-kitap","8":"pa_yayinevi-say-yayinlari","9":"pa_yazar-epiktetos","11":"first","12":"instock","13":"sale","14":"shipping-taxable","15":"purchasable","16":"product-type-simple"},"_links":{"self":[{"href":"https:\/\/roveyayinevi.com.tr\/index.php\/wp-json\/wp\/v2\/product\/761127","targetHints":{"allow":["GET"]}}],"collection":[{"href":"https:\/\/roveyayinevi.com.tr\/index.php\/wp-json\/wp\/v2\/product"}],"about":[{"href":"https:\/\/roveyayinevi.com.tr\/index.php\/wp-json\/wp\/v2\/types\/product"}],"wp:attachment":[{"href":"https:\/\/roveyayinevi.com.tr\/index.php\/wp-json\/wp\/v2\/media?parent=761127"}],"wp:term":[{"taxonomy":"product_brand","embeddable":true,"href":"https:\/\/roveyayinevi.com.tr\/index.php\/wp-json\/wp\/v2\/product_brand?post=761127"},{"taxonomy":"product_cat","embeddable":true,"href":"https:\/\/roveyayinevi.com.tr\/index.php\/wp-json\/wp\/v2\/product_cat?post=761127"},{"taxonomy":"product_tag","embeddable":true,"href":"https:\/\/roveyayinevi.com.tr\/index.php\/wp-json\/wp\/v2\/product_tag?post=761127"}],"curies":[{"name":"wp","href":"https:\/\/api.w.org\/{rel}","templated":true}]}}