{"id":761126,"date":"2025-08-28T09:28:00","date_gmt":"2025-08-28T06:28:00","guid":{"rendered":"https:\/\/roveyayinevi.com.tr\/index.php\/urun\/insan-nasil-huzur-bulur\/"},"modified":"2026-04-16T03:14:43","modified_gmt":"2026-04-16T00:14:43","slug":"insan-nasil-huzur-bulur","status":"publish","type":"product","link":"https:\/\/roveyayinevi.com.tr\/index.php\/urun\/insan-nasil-huzur-bulur\/","title":{"rendered":"\u0130nsan Nas\u0131l Huzur Bulur?"},"content":{"rendered":"<p>Epiktetos\u2019un MS 50 y\u0131l\u0131nda Frigya\u2019daki Hieropolis kentinde d\u00fcnyaya geldi\u011fi san\u0131lmaktad\u0131r. Gen\u00e7li\u011fini k\u00f6le olarak ge\u00e7iren Epiktetos, Nero\u2019nun \u00f6l\u00fcm\u00fcnden (MS 68) k\u0131sa bir s\u00fcre sonra azat edildi ve Roma\u2019da felsefe e\u011fitimi vermeye ba\u015flad\u0131. MS 93 y\u0131l\u0131nda Yunanistan\u2019\u0131n Epir y\u00f6resindeki Nikopolis kentine giderek bir felsefe okulu kurdu. Epiktetos Stoac\u0131 felsefeye uygun olarak, \u00e7ok az e\u015fyas\u0131yla b\u00fcy\u00fck bir sadelik i\u00e7inde ya\u015fam\u0131n\u0131 s\u00fcrd\u00fcrd\u00fc. MS 135 civar\u0131nda Nikopolis kentinde \u00f6ld\u00fc. \u0130nsan Nas\u0131l Huzur Bulur Epiktetos\u2019un Diatribai adl\u0131 eserinde huzur bulman\u0131n yolunu g\u00f6steren s\u00f6zlerinden yap\u0131lm\u0131\u015f bir derlemedir. Epiktetos\u2019a g\u00f6re insan ruhunun sakin, huzurlu ve ahenk i\u00e7inde olmas\u0131 gerekir, bunu sa\u011flamak i\u00e7in de ruhun huzurunu bozacak her \u015feyden uzak kalmak gerekir. Seni huzura kavu\u015fturabilecek tek bir yol var, bunu asla akl\u0131ndan \u00e7\u0131karmamal\u0131s\u0131n. \u0130rademiz d\u0131\u015f\u0131nda hi\u00e7bir \u015fey istememek ve hi\u00e7bir \u015feyin bize ait oldu\u011funu d\u00fc\u015f\u00fcnmemek. Okurken, yazarken, dinlerken sadece kendimize ait olan ve engellenemeyen \u015feyin ne oldu\u011funu hi\u00e7bir zaman akl\u0131m\u0131zdan \u00e7\u0131karmamam\u0131z gerekir<\/p>\n","protected":false},"excerpt":{"rendered":"<p>Epiktetos\u2019un MS 50 y\u0131l\u0131nda Frigya\u2019daki Hieropolis kentinde d\u00fcnyaya geldi\u011fi san\u0131lmaktad\u0131r. Gen\u00e7li\u011fini k\u00f6le olarak ge\u00e7iren Epiktetos, Nero\u2019nun \u00f6l\u00fcm\u00fcnden (MS 68) k\u0131sa bir s\u00fcre sonra azat edildi ve<span class=\"excerpt-hellip\"> [\u2026]<\/span><\/p>\n","protected":false},"featured_media":0,"template":"","meta":{"_monsterinsights_skip_tracking":false,"_monsterinsights_sitenote_active":false,"_monsterinsights_sitenote_note":"","_monsterinsights_sitenote_category":0},"product_brand":[],"product_cat":[12388],"product_tag":[],"class_list":{"0":"post-761126","1":"product","2":"type-product","3":"status-publish","5":"product_cat-felsefe","6":"pa_cilt-ciltsiz","7":"pa_tur-kitap","8":"pa_yayinevi-say-yayinlari","9":"pa_yazar-epiktetos","11":"first","12":"instock","13":"sale","14":"shipping-taxable","15":"purchasable","16":"product-type-simple"},"_links":{"self":[{"href":"https:\/\/roveyayinevi.com.tr\/index.php\/wp-json\/wp\/v2\/product\/761126","targetHints":{"allow":["GET"]}}],"collection":[{"href":"https:\/\/roveyayinevi.com.tr\/index.php\/wp-json\/wp\/v2\/product"}],"about":[{"href":"https:\/\/roveyayinevi.com.tr\/index.php\/wp-json\/wp\/v2\/types\/product"}],"wp:attachment":[{"href":"https:\/\/roveyayinevi.com.tr\/index.php\/wp-json\/wp\/v2\/media?parent=761126"}],"wp:term":[{"taxonomy":"product_brand","embeddable":true,"href":"https:\/\/roveyayinevi.com.tr\/index.php\/wp-json\/wp\/v2\/product_brand?post=761126"},{"taxonomy":"product_cat","embeddable":true,"href":"https:\/\/roveyayinevi.com.tr\/index.php\/wp-json\/wp\/v2\/product_cat?post=761126"},{"taxonomy":"product_tag","embeddable":true,"href":"https:\/\/roveyayinevi.com.tr\/index.php\/wp-json\/wp\/v2\/product_tag?post=761126"}],"curies":[{"name":"wp","href":"https:\/\/api.w.org\/{rel}","templated":true}]}}